{"id":5839,"date":"2022-03-01T12:45:02","date_gmt":"2022-03-01T11:45:02","guid":{"rendered":"https:\/\/thrillsyndicate.com\/shop\/monoabrazadera-saferoller-soporte-de-linea-de-vida\/"},"modified":"2025-06-01T16:45:35","modified_gmt":"2025-06-01T14:45:35","slug":"saferoller-mono-abrazadera","status":"publish","type":"product","link":"https:\/\/thrillsyndicate.com\/es\/product\/saferoller-mono-abrazadera\/","title":{"rendered":"Saferoller Monoclamp | Soporte de l\u00ednea de vida"},"content":{"rendered":"<p>El Saferoller Monoclamp puede instalarse en cualquier lugar. Permite la fijaci\u00f3n a todas las estructuras. Ideal para tirolinas de hasta 120M y tambi\u00e9n se puede instalar por encima de la altura de la cabeza.  <\/p>\n<ul>\n<li>El soporte Monoclamp mantiene la posici\u00f3n de la l\u00ednea de seguridad en el aire<\/li>\n<li>El Monoclamp se puede utilizar f\u00e1cilmente con la Polea Saferoller (EPI).<\/li>\n<li>Permite tiradas m\u00e1s r\u00e1pidas y rodado r\u00e1pido de extremo a extremo<\/li>\n<li>Facilita el desplazamiento del carro Saferoller (PPE), reduce los tiempos de espera y aumenta el rendimiento.<\/li>\n<li>F\u00e1cil de instalar: simplemente inserte el cable y apriete los 3 tensores<\/li>\n<li>El Saferoller Monoclamp tambi\u00e9n est\u00e1 disponible en <a href=\"https:\/\/thrillsyndicate.com\/es\/product\/saferoller-tirolina-larga-abrazadera\/\">doble longitud para tirolinas de cualquier longitud<\/a><\/li>\n<\/ul>\n<h2>Especificaciones<\/h2>\n<ul>\n<li>Para l\u00ednea de seguridad \u00d8 12 &#8211; 12.7MM (1\/2 pulgada)<\/li>\n<li>Carga de trabajo antes del deslizamiento: 20 kN<\/li>\n<li>Normas EN 795 C, EN 15567 y ACCT (EE. UU.)<\/li>\n<li>Protector de abrazadera de goma incluido<\/li>\n<\/ul>\n","protected":false},"excerpt":{"rendered":"<p>Saferoller Mono Pinza para elementos \/ tirolinas de hasta 100 metros. Autoposicionable y sin montaje previo, sin prensado y sin necesidad de herramientas especiales.<\/p>\n","protected":false},"featured_media":3025,"template":"","meta":{"_coblocks_attr":"","_coblocks_dimensions":"","_coblocks_responsive_height":"","_coblocks_accordion_ie_support":"","wds_primary_product_brand":0,"wds_primary_product_cat":0},"product_brand":[90],"product_cat":[49],"product_tag":[54,55,178,8],"class_list":{"0":"post-5839","1":"product","2":"type-product","3":"status-publish","4":"has-post-thumbnail","6":"product_brand-saferoller-continuous-belay","7":"product_cat-saferoller-continuous-belay-system","8":"product_tag-continuous-belay","9":"product_tag-ropes-course","10":"product_tag-lifeline-mounting","11":"product_tag-belay-systems","13":"first","14":"instock","15":"taxable","16":"shipping-taxable","17":"purchasable","18":"product-type-simple"},"_links":{"self":[{"href":"https:\/\/thrillsyndicate.com\/es\/wp-json\/wp\/v2\/product\/5839","targetHints":{"allow":["GET"]}}],"collection":[{"href":"https:\/\/thrillsyndicate.com\/es\/wp-json\/wp\/v2\/product"}],"about":[{"href":"https:\/\/thrillsyndicate.com\/es\/wp-json\/wp\/v2\/types\/product"}],"wp:featuredmedia":[{"embeddable":true,"href":"https:\/\/thrillsyndicate.com\/es\/wp-json\/wp\/v2\/media\/3025"}],"wp:attachment":[{"href":"https:\/\/thrillsyndicate.com\/es\/wp-json\/wp\/v2\/media?parent=5839"}],"wp:term":[{"taxonomy":"product_brand","embeddable":true,"href":"https:\/\/thrillsyndicate.com\/es\/wp-json\/wp\/v2\/product_brand?post=5839"},{"taxonomy":"product_cat","embeddable":true,"href":"https:\/\/thrillsyndicate.com\/es\/wp-json\/wp\/v2\/product_cat?post=5839"},{"taxonomy":"product_tag","embeddable":true,"href":"https:\/\/thrillsyndicate.com\/es\/wp-json\/wp\/v2\/product_tag?post=5839"}],"curies":[{"name":"wp","href":"https:\/\/api.w.org\/{rel}","templated":true}]}}