{"id":5840,"date":"2022-03-04T13:38:44","date_gmt":"2022-03-04T12:38:44","guid":{"rendered":"https:\/\/thrillsyndicate.com\/shop\/edelrid-radialis-comp-ii-arnes-de-cuerpo-entero\/"},"modified":"2025-07-17T18:08:42","modified_gmt":"2025-07-17T16:08:42","slug":"edelrid-radialis-comp-arnes-cuerpo-completo","status":"publish","type":"product","link":"https:\/\/thrillsyndicate.com\/es\/product\/edelrid-radialis-comp-arnes-cuerpo-completo\/","title":{"rendered":"Edelrid Radialis Comp III | Arn\u00e9s completo"},"content":{"rendered":"<p>El Radialis Comp III es de estilo cl\u00e1sico, el arn\u00e9s es f\u00e1cil de poner y quitar gracias a seis hebillas Easy Glider. El Radialis Comp III es un arn\u00e9s de cuerpo entero de estilo cl\u00e1sico, que se coloca f\u00e1cilmente desde arriba, como un pantal\u00f3n.  Los dos colores diferentes de las correas separan las partes de la cintura y el pecho, lo que facilita las instrucciones para el uso del arn\u00e9s. El radialis tambi\u00e9n est\u00e1 disponible en tallas para ni\u00f1os. El cl\u00e1sico arn\u00e9s de cuerdas altas. Arn\u00e9s de cincha totalmente ajustable que cubre todas las tallas gracias a sus seis hebillas Easy-Glider.<\/p>\n<p>Disponible en tallas Junior una talla y Adulto una talla, <strong>se vende por 5 unidades<\/strong><\/p>\n<figure id=\"attachment_947\" aria-describedby=\"caption-attachment-947\" style=\"width: 980px\" class=\"wp-caption alignnone\"><img loading=\"lazy\" decoding=\"async\" class=\"size-large wp-image-947\" src=\"https:\/\/thrillsyndicate.com\/wp-content\/uploads\/2022\/03\/ED_Microsite_Radialis-Serie_Comp_Bulletpoints_EN-1024x356.jpg\" alt=\"Nuestro cl\u00e1sico arn\u00e9s de cincha con un nuevo dise\u00f1o. Con la innovadora conexi\u00f3n de hebilla de triple cierre entre el arn\u00e9s de asiento y el arn\u00e9s de pecho para pon\u00e9rtelo y quit\u00e1rtelo con rapidez y facilidad.\" width=\"980\" height=\"341\" srcset=\"https:\/\/thrillsyndicate.com\/wp-content\/uploads\/2022\/03\/ED_Microsite_Radialis-Serie_Comp_Bulletpoints_EN-1024x356.jpg 1024w, https:\/\/thrillsyndicate.com\/wp-content\/uploads\/2022\/03\/ED_Microsite_Radialis-Serie_Comp_Bulletpoints_EN-458x159.jpg 458w, https:\/\/thrillsyndicate.com\/wp-content\/uploads\/2022\/03\/ED_Microsite_Radialis-Serie_Comp_Bulletpoints_EN-300x104.jpg 300w, https:\/\/thrillsyndicate.com\/wp-content\/uploads\/2022\/03\/ED_Microsite_Radialis-Serie_Comp_Bulletpoints_EN-768x267.jpg 768w, https:\/\/thrillsyndicate.com\/wp-content\/uploads\/2022\/03\/ED_Microsite_Radialis-Serie_Comp_Bulletpoints_EN-1536x534.jpg 1536w, https:\/\/thrillsyndicate.com\/wp-content\/uploads\/2022\/03\/ED_Microsite_Radialis-Serie_Comp_Bulletpoints_EN-100x35.jpg 100w, https:\/\/thrillsyndicate.com\/wp-content\/uploads\/2022\/03\/ED_Microsite_Radialis-Serie_Comp_Bulletpoints_EN.jpg 1900w\" sizes=\"auto, (max-width: 980px) 100vw, 980px\" \/><figcaption id=\"caption-attachment-947\" class=\"wp-caption-text\">El Radialis Comp es un arn\u00e9s extremadamente robusto dise\u00f1ado para satisfacer las exigencias \u00fanicas de los curso de cuerdas forestales altas y los parques de aventura. Con 6 hebillas Easy Glider deportivas, el dise\u00f1o escalonado de Radialis Comp hace que sea f\u00e1cil ponerse y quitarse y ajustarse. Se ofrecen dos colores diferentes para diferenciar el tama\u00f1o.<\/figcaption><\/figure>\n<p>&nbsp;<\/p>\n<h2 class=\"prodheadline\">INFORMACI\u00d3N DEL PRODUCTO<\/h2>\n<ul>\n<li>Terminaciones de cinchas cosidas dise\u00f1adas para que las correas no se puedan desenroscar por completo<\/li>\n<li>Diferentes colores para una f\u00e1cil identificaci\u00f3n del tama\u00f1o (icemint, oasis)<\/li>\n<li>Parche de lona para escribir para etiquetar arneses<\/li>\n<li>Perneras ajustables para un ajuste \u00f3ptimo y total flexibilidad<\/li>\n<li>Peque\u00f1a bolsa en el arn\u00e9s para acomodar una etiqueta RFID<\/li>\n<li>Los bucles el\u00e1sticos mantienen el resto de las correas en su lugar<\/li>\n<li>Anillo en D central para sujetar un cord\u00f3n<\/li>\n<li>Bucle de engranajes para almacenar equipos adicionales<\/li>\n<li>Los diferentes dise\u00f1os de correas simplifican la distinci\u00f3n entre el arn\u00e9s de pecho, el arn\u00e9s de asiento y las perneras<\/li>\n<\/ul>\n<p><strong>Arn\u00e9s de cuerpo entero para ni\u00f1os (talla \u00fanica<\/strong>). Punto de seguridad delantero de acero. Totalmente ajustable con hebillas de bloqueo autom\u00e1tico Easy Glider.<\/p>\n<ul>\n<li>Cintura: m\u00edn. 40 cm \/ m\u00e1x. 100cm<\/li>\n<li>Lazos para las piernas: m\u00edn. 25 cm \/ m\u00e1x. 53cm<\/li>\n<\/ul>\n<p><strong>Regular (talla \u00fanica) Arn\u00e9s completo<\/strong> entero. Punto de seguridad delantero de acero. Totalmente ajustable con hebillas de bloqueo autom\u00e1tico Easy Glider.<\/p>\n<ul>\n<li>Cintura: m\u00edn. 45 cm \/ m\u00e1x. 140cm<\/li>\n<li>Lazos para las piernas: m\u00edn. 25 cm \/ m\u00e1x. 85cm<\/li>\n<\/ul>\n<h2 class=\"prodheadline\">INFORMACI\u00d3N T\u00c9CNICA<\/h2>\n<ul>\n<li>UIAA: S\u00ed<\/li>\n<li>Frente de ojal de detenci\u00f3n de ca\u00eddas: S\u00ed<\/li>\n<li>Peso: <span id=\"varianten_gewicht\">900g<\/span><\/li>\n<\/ul>\n<h3 class=\"western\">\ud83d\udc49 \u00bfEst\u00e1s buscando un art\u00edculo Edelrid espec\u00edfico que no aparece en la tienda? Vendemos toda la gama de productos de aventura, deporte y seguridad. Por favor, <strong><a href=\"https:\/\/thrillsyndicate.com\/es\/contacto\/\">env\u00eda a<\/a><\/strong> un correo electr\u00f3nico o consulta la <strong><a href=\"https:\/\/thrillsyndicate.com\/edelrid-safety-price-list-2025\/\">lista de precios de seguridad aqu\u00ed<\/a><\/strong>. \ud83d\udc48<\/h3>\n","protected":false},"excerpt":{"rendered":"<p>El Arn\u00e9s completo entero Radialis Comp de Edelrid es tu compa\u00f1ero de aventuras en cuerdas altas. Es totalmente ajustable y se adapta a todas las tallas, haciendo que tu experiencia sea segura y c\u00f3moda.<\/p>\n","protected":false},"featured_media":9831,"template":"","meta":{"_coblocks_attr":"","_coblocks_dimensions":"","_coblocks_responsive_height":"","_coblocks_accordion_ie_support":"","wds_primary_product_brand":0,"wds_primary_product_cat":0},"product_brand":[62],"product_cat":[60,803],"product_tag":[576,573,581],"class_list":{"0":"post-5840","1":"product","2":"type-product","3":"status-publish","4":"has-post-thumbnail","6":"product_brand-edelrid","7":"product_cat-ropes-course-harnesses","8":"product_cat-adventure-harnesses","9":"product_tag-arnes-de-cuerpo-entero","10":"product_tag-arneses","11":"product_tag-epp","13":"first","14":"instock","15":"taxable","16":"shipping-taxable","17":"purchasable","18":"product-type-variable","19":"has-default-attributes"},"_links":{"self":[{"href":"https:\/\/thrillsyndicate.com\/es\/wp-json\/wp\/v2\/product\/5840","targetHints":{"allow":["GET"]}}],"collection":[{"href":"https:\/\/thrillsyndicate.com\/es\/wp-json\/wp\/v2\/product"}],"about":[{"href":"https:\/\/thrillsyndicate.com\/es\/wp-json\/wp\/v2\/types\/product"}],"wp:featuredmedia":[{"embeddable":true,"href":"https:\/\/thrillsyndicate.com\/es\/wp-json\/wp\/v2\/media\/9831"}],"wp:attachment":[{"href":"https:\/\/thrillsyndicate.com\/es\/wp-json\/wp\/v2\/media?parent=5840"}],"wp:term":[{"taxonomy":"product_brand","embeddable":true,"href":"https:\/\/thrillsyndicate.com\/es\/wp-json\/wp\/v2\/product_brand?post=5840"},{"taxonomy":"product_cat","embeddable":true,"href":"https:\/\/thrillsyndicate.com\/es\/wp-json\/wp\/v2\/product_cat?post=5840"},{"taxonomy":"product_tag","embeddable":true,"href":"https:\/\/thrillsyndicate.com\/es\/wp-json\/wp\/v2\/product_tag?post=5840"}],"curies":[{"name":"wp","href":"https:\/\/api.w.org\/{rel}","templated":true}]}}