{"id":5842,"date":"2022-03-01T13:00:29","date_gmt":"2022-03-01T12:00:29","guid":{"rendered":"https:\/\/thrillsyndicate.com\/shop\/soporte-de-linea-de-vida-saferoller-montaje-en-poste\/"},"modified":"2025-06-01T15:23:24","modified_gmt":"2025-06-01T13:23:24","slug":"segurorodillo-abrazadera-poste","status":"publish","type":"product","link":"https:\/\/thrillsyndicate.com\/es\/product\/segurorodillo-abrazadera-poste\/","title":{"rendered":"Soporte de l\u00ednea de vida Saferoller | Montaje en poste"},"content":{"rendered":"<p>El soporte de cable de nuevo dise\u00f1o (montaje en poste) ancla la l\u00ednea de vida a las paredes\/m\u00e1stiles y permite que el carro ruede siempre perfectamente, incluso en curvas a\u00fan m\u00e1s pronunciadas. A destacar los resortes especiales que preservan el cable de cualquier da\u00f1o cuando est\u00e1 apretado. El cable de seguridad se puede controlar en cualquier momento en toda su longitud y se puede desplazar ligeramente durante el mantenimiento, lo que permite una vida \u00fatil prolongada. Este dispositivo de seguridad es ahora a\u00fan m\u00e1s f\u00e1cil de fijar a \u00e1rboles o postes (mediante una correa de nailon, acero o varilla roscada) gracias a un mejor acceso a los elementos de anclaje.  <\/p>\n<ul>\n<li>La Pinza para Postes puede utilizarse f\u00e1cilmente con la Polea Saferoller (PPE)<\/li>\n<li>Permite tiradas m\u00e1s r\u00e1pidas y rodado r\u00e1pido de extremo a extremo<\/li>\n<li>La abrazadera de poste mantiene la l\u00ednea de seguridad en el aire.<\/li>\n<li>F\u00e1cil de instalar: simplemente inserte el cable de seguridad y apriete los 3 tensores<\/li>\n<\/ul>\n<p>  El manual incluido en el env\u00edo contiene toda la informaci\u00f3n necesaria para la instalaci\u00f3n y aplicaci\u00f3n de la Pinza para Postes Saferoller. Para l\u00ednea de seguridad \u00d8 12 &#8211; 12.7MM (1\/2 pulgada)<\/p>\n","protected":false},"excerpt":{"rendered":"<p>La Pinza para Postes Saferoller est\u00e1 dise\u00f1ada para instalarse en postes, rocas o paredes. Se utiliza principalmente para senderos de postes en l\u00ednea recta, redundancia o al principio y al final de un sendero a nivel del suelo.<\/p>\n","protected":false},"featured_media":2992,"template":"","meta":{"_coblocks_attr":"","_coblocks_dimensions":"","_coblocks_responsive_height":"","_coblocks_accordion_ie_support":"","wds_primary_product_brand":0,"wds_primary_product_cat":0},"product_brand":[90],"product_cat":[49],"product_tag":[54,55,178,8],"class_list":{"0":"post-5842","1":"product","2":"type-product","3":"status-publish","4":"has-post-thumbnail","6":"product_brand-saferoller-continuous-belay","7":"product_cat-saferoller-continuous-belay-system","8":"product_tag-continuous-belay","9":"product_tag-ropes-course","10":"product_tag-lifeline-mounting","11":"product_tag-belay-systems","13":"first","14":"instock","15":"taxable","16":"shipping-taxable","17":"purchasable","18":"product-type-simple"},"_links":{"self":[{"href":"https:\/\/thrillsyndicate.com\/es\/wp-json\/wp\/v2\/product\/5842","targetHints":{"allow":["GET"]}}],"collection":[{"href":"https:\/\/thrillsyndicate.com\/es\/wp-json\/wp\/v2\/product"}],"about":[{"href":"https:\/\/thrillsyndicate.com\/es\/wp-json\/wp\/v2\/types\/product"}],"wp:featuredmedia":[{"embeddable":true,"href":"https:\/\/thrillsyndicate.com\/es\/wp-json\/wp\/v2\/media\/2992"}],"wp:attachment":[{"href":"https:\/\/thrillsyndicate.com\/es\/wp-json\/wp\/v2\/media?parent=5842"}],"wp:term":[{"taxonomy":"product_brand","embeddable":true,"href":"https:\/\/thrillsyndicate.com\/es\/wp-json\/wp\/v2\/product_brand?post=5842"},{"taxonomy":"product_cat","embeddable":true,"href":"https:\/\/thrillsyndicate.com\/es\/wp-json\/wp\/v2\/product_cat?post=5842"},{"taxonomy":"product_tag","embeddable":true,"href":"https:\/\/thrillsyndicate.com\/es\/wp-json\/wp\/v2\/product_tag?post=5842"}],"curies":[{"name":"wp","href":"https:\/\/api.w.org\/{rel}","templated":true}]}}