{"id":5868,"date":"2022-03-01T12:53:17","date_gmt":"2022-03-01T11:53:17","guid":{"rendered":"https:\/\/thrillsyndicate.com\/shop\/tiburon-saferoller-elementos-verticales-anti-retorno\/"},"modified":"2025-06-01T16:45:17","modified_gmt":"2025-06-01T14:45:17","slug":"tiburon-rodante-seguro","status":"publish","type":"product","link":"https:\/\/thrillsyndicate.com\/es\/product\/tiburon-rodante-seguro\/","title":{"rendered":"Saferoller Tibur\u00f3n | Elementos verticales antirretorno"},"content":{"rendered":"<p>El sistema de aseguramiento continuo Saferoller tambi\u00e9n es muy adecuado para ascensos y descensos gracias al SHARK, el antirretorno f\u00e1cil de instalar y utilizar.<br \/>\nEl dispositivo antirretorno Saferoller &#8220;Tibur\u00f3n desmontable&#8221; garantiza una escalada segura durante todo el recorrido.  Los bloques evitan una ca\u00edda al detener el carro. Luego es montable. El dispositivo antideslizamiento Saferoller &#8220;Tibur\u00f3n&#8221; evita el deslizamiento impidiendo que el carro Saferoller (PPE) ruede hacia atr\u00e1s y garantizando una escalada segura durante todo el recorrido. El &#8220;Tibur\u00f3n&#8221; se puede montar retroactivamente y es extra\u00edble, reemplazable y ajustable. La revolucionaria innovaci\u00f3n del Dispositivo Antideslizamiento consiste en reducir la fuerza de impacto sobre el cuerpo en caso de ca\u00edda mediante la funci\u00f3n de deslizamiento din\u00e1mico.  <\/p>\n<ul>\n<li>F\u00e1cil instalaci\u00f3n para todos los ascensos y descensos.<\/li>\n<li>Para l\u00ednea de seguridad \u00d8 12 &#8211; 12.7MM (1\/2 pulgada)<\/li>\n<\/ul>\n","protected":false},"excerpt":{"rendered":"<p>El antirretorno Saferoller &#8220;Tibur\u00f3n desmontable&#8221;.<br \/>\nEl sistema de aseguramiento continuo Saferoller tambi\u00e9n es muy adecuado para ascensos y descensos gracias al SHARK, el antirretorno f\u00e1cil de instalar y utilizar. <\/p>\n","protected":false},"featured_media":3013,"template":"","meta":{"_coblocks_attr":"","_coblocks_dimensions":"","_coblocks_responsive_height":"","_coblocks_accordion_ie_support":"","wds_primary_product_brand":0,"wds_primary_product_cat":0},"product_brand":[90],"product_cat":[49],"product_tag":[54,55,8],"class_list":{"0":"post-5868","1":"product","2":"type-product","3":"status-publish","4":"has-post-thumbnail","6":"product_brand-saferoller-continuous-belay","7":"product_cat-saferoller-continuous-belay-system","8":"product_tag-continuous-belay","9":"product_tag-ropes-course","10":"product_tag-belay-systems","12":"first","13":"instock","14":"taxable","15":"shipping-taxable","16":"purchasable","17":"product-type-simple"},"_links":{"self":[{"href":"https:\/\/thrillsyndicate.com\/es\/wp-json\/wp\/v2\/product\/5868","targetHints":{"allow":["GET"]}}],"collection":[{"href":"https:\/\/thrillsyndicate.com\/es\/wp-json\/wp\/v2\/product"}],"about":[{"href":"https:\/\/thrillsyndicate.com\/es\/wp-json\/wp\/v2\/types\/product"}],"wp:featuredmedia":[{"embeddable":true,"href":"https:\/\/thrillsyndicate.com\/es\/wp-json\/wp\/v2\/media\/3013"}],"wp:attachment":[{"href":"https:\/\/thrillsyndicate.com\/es\/wp-json\/wp\/v2\/media?parent=5868"}],"wp:term":[{"taxonomy":"product_brand","embeddable":true,"href":"https:\/\/thrillsyndicate.com\/es\/wp-json\/wp\/v2\/product_brand?post=5868"},{"taxonomy":"product_cat","embeddable":true,"href":"https:\/\/thrillsyndicate.com\/es\/wp-json\/wp\/v2\/product_cat?post=5868"},{"taxonomy":"product_tag","embeddable":true,"href":"https:\/\/thrillsyndicate.com\/es\/wp-json\/wp\/v2\/product_tag?post=5868"}],"curies":[{"name":"wp","href":"https:\/\/api.w.org\/{rel}","templated":true}]}}