{"id":5890,"date":"2022-03-04T14:52:18","date_gmt":"2022-03-04T13:52:18","guid":{"rendered":"https:\/\/thrillsyndicate.com\/shop\/casco-ultraligero-edelrid\/"},"modified":"2025-07-17T18:07:27","modified_gmt":"2025-07-17T16:07:27","slug":"casco-ultraligero-edelrid","status":"publish","type":"product","link":"https:\/\/thrillsyndicate.com\/es\/product\/casco-ultraligero-edelrid\/","title":{"rendered":"Casco ultraligero Edelrid"},"content":{"rendered":"<p>Nuestro popular cl\u00e1sico ahora ha sido actualizado. El nuevo ULTRALIGHT tiene un dise\u00f1o moderno, ventilaci\u00f3n mejorada y una nueva correa para la cabeza y la barbilla reemplazable y lavable. Se ha conservado la estructura extremadamente robusta. El casco definitivo para instalaciones comerciales como escuelas de escalada y parques de aventuras.<\/p>\n<p>Disponible en varios colores, <strong>vendido por 5 piezas<\/strong><\/p>\n<div id=\"prod-produktinfos\">\n<h2 class=\"prodheadline\">INFORMACI\u00d3N DEL PRODUCTO<\/h2>\n<ul>\n<li>Carcasa de polipropileno extremadamente robusta y resistente a los impactos<\/li>\n<li>Correa para la cabeza y la barbilla totalmente ajustable, reemplazable y lavable para un ajuste \u00f3ptimo<\/li>\n<li>Varios orificios de ventilaci\u00f3n para el intercambio de aire continuo<\/li>\n<li>Opci\u00f3n de fijaci\u00f3n de faros<\/li>\n<li>Talla \u00fanica: se adapta a una circunferencia de la cabeza de 54 a 60 cm<\/li>\n<li>Sistema de transporte c\u00f3modamente acolchado con correas antibacterianas<\/li>\n<\/ul>\n<\/div>\n<div id=\"prod-details\">\n<h2 class=\"prodheadline\">INFORMACI\u00d3N T\u00c9CNICA<\/h2>\n<ul>\n<li>UIAA: S\u00ed<\/li>\n<li>Peso: <span id=\"varianten_gewicht\">410g<\/span><\/li>\n<\/ul>\n<h3 class=\"western\">\ud83d\udc49 \u00bfEst\u00e1s buscando un art\u00edculo Edelrid espec\u00edfico que no aparece en la tienda? Vendemos toda la gama de productos de aventura, deporte y seguridad. Por favor, <strong><a href=\"https:\/\/thrillsyndicate.com\/es\/contacto\/\">env\u00eda a<\/a><\/strong> un correo electr\u00f3nico o consulta la <strong><a href=\"https:\/\/thrillsyndicate.com\/edelrid-safety-price-list-2025\/\">lista de precios de seguridad aqu\u00ed<\/a><\/strong>. \ud83d\udc48<\/h3>\n<\/div>\n","protected":false},"excerpt":{"rendered":"<p>Casco de escalada Edelrid Ultralight III. Carcasa de polipropileno extremadamente robusta y resistente a los impactos \u00b7 Correa para la cabeza y la barbilla totalmente ajustable, reemplazable y lavable para un ajuste \u00f3ptimo.<\/p>\n","protected":false},"featured_media":2689,"template":"","meta":{"_coblocks_attr":"","_coblocks_dimensions":"","_coblocks_responsive_height":"","_coblocks_accordion_ie_support":"","wds_primary_product_brand":0,"wds_primary_product_cat":0},"product_brand":[62],"product_cat":[61,841],"product_tag":[580,928,442,581],"class_list":{"0":"post-5890","1":"product","2":"type-product","3":"status-publish","4":"has-post-thumbnail","6":"product_brand-edelrid","7":"product_cat-ropes-course-helmets","8":"product_cat-helmets","9":"product_tag-cascos","10":"product_tag-cascos-rigidos","11":"product_tag-curso-de-cuerdas","12":"product_tag-epp","14":"first","15":"instock","16":"taxable","17":"shipping-taxable","18":"purchasable","19":"product-type-variable","20":"has-default-attributes"},"_links":{"self":[{"href":"https:\/\/thrillsyndicate.com\/es\/wp-json\/wp\/v2\/product\/5890","targetHints":{"allow":["GET"]}}],"collection":[{"href":"https:\/\/thrillsyndicate.com\/es\/wp-json\/wp\/v2\/product"}],"about":[{"href":"https:\/\/thrillsyndicate.com\/es\/wp-json\/wp\/v2\/types\/product"}],"wp:featuredmedia":[{"embeddable":true,"href":"https:\/\/thrillsyndicate.com\/es\/wp-json\/wp\/v2\/media\/2689"}],"wp:attachment":[{"href":"https:\/\/thrillsyndicate.com\/es\/wp-json\/wp\/v2\/media?parent=5890"}],"wp:term":[{"taxonomy":"product_brand","embeddable":true,"href":"https:\/\/thrillsyndicate.com\/es\/wp-json\/wp\/v2\/product_brand?post=5890"},{"taxonomy":"product_cat","embeddable":true,"href":"https:\/\/thrillsyndicate.com\/es\/wp-json\/wp\/v2\/product_cat?post=5890"},{"taxonomy":"product_tag","embeddable":true,"href":"https:\/\/thrillsyndicate.com\/es\/wp-json\/wp\/v2\/product_tag?post=5890"}],"curies":[{"name":"wp","href":"https:\/\/api.w.org\/{rel}","templated":true}]}}