{"id":5893,"date":"2022-02-26T13:31:12","date_gmt":"2022-02-26T12:31:12","guid":{"rendered":"https:\/\/thrillsyndicate.com\/shop\/transferencia-de-rodillos-seguros-integracion-de-caida-libre\/"},"modified":"2025-06-01T20:19:39","modified_gmt":"2025-06-01T18:19:39","slug":"transferencia-de-rodillos-seguros","status":"publish","type":"product","link":"https:\/\/thrillsyndicate.com\/es\/product\/transferencia-de-rodillos-seguros\/","title":{"rendered":"Transferencia Saferoller | Integraci\u00f3n Ca\u00edda Libre"},"content":{"rendered":"<p><strong>Dale vida a tus recorridos Saferoller sin comprometer la <\/strong> seguridad Integra f\u00e1cilmente juegos como <a href=\"https:\/\/thrillsyndicate.com\/es\/free-fall-devices-2\/\">QuickFlight Ca\u00edda Libre<\/a>, Tarz\u00e1n Swing o para garantizar la seguridad de los movimientos verticales con el Saferoller Transfer. Hay 2 juegos disponibles:  <\/p>\n<ul>\n<li>Transferencia completa que incluye 2 estaciones y 1 lanzadera<\/li>\n<li>Kit de 2 transferencias que incluye 4 estaciones y 2 lanzaderas, una para informaci\u00f3n y otra para operaci\u00f3n<\/li>\n<\/ul>\n<p><strong>Mejora la experiencia de tus clientes ofreci\u00e9ndoles un mecanismo de transferencia Saferoller \u00fanico, seguro e infalible<\/strong><\/p>\n<ul>\n<li>Compatible con el dispositivo QuickFlight Free Fall y TRUBLUE Auto Belay de Headrush<\/li>\n<li>Compatible con POWERFAN de Dropzone<\/li>\n<li>La operaci\u00f3n intuitiva minimiza el tiempo de instrucci\u00f3n<\/li>\n<li>Bajo mantenimiento<\/li>\n<li>Apto para mayores de 7 a\u00f1os<\/li>\n<li>Breve sesi\u00f3n informativa recomendada<\/li>\n<\/ul>\n<h2>Estaciones de transferencia Saferoller:<\/h2>\n<ul>\n<li>Salida- (derecha) y una estaci\u00f3n de llegada (izquierda)<\/li>\n<li>El transfer est\u00e1 conectado a la l\u00ednea Tarz\u00e1n, dispositivo tipo Quick Jump\u00ae o Trublue\u00ae.<\/li>\n<li>Un cord\u00f3n asim\u00e9trico doble que consta de un cord\u00f3n corto conectado al Transfer y un cord\u00f3n largo, que proporciona la redundancia. Se instala fuera del alcance de la cabeza del usuario al saltar o usar.<\/li>\n<li>Dependiendo de la construcci\u00f3n del sendero, las estaciones (izquierda y derecha) se pueden combinar.<\/li>\n<\/ul>\n<h2>Especificaciones:<\/h2>\n<ul>\n<li>Saferoller Transfer: aluminio 7075 y acero para piezas mec\u00e1nicas o de soporte<\/li>\n<li>El juego de transferencia Saferoller incluye todas las piezas para montaje directo. Si las correas no son necesarias, podemos eliminarlas de la lista de selecci\u00f3n.<\/li>\n<li>El manual incluido en el env\u00edo contiene toda la informaci\u00f3n necesaria para la instalaci\u00f3n y aplicaci\u00f3n del Saferoller\u00ae Transfer<\/li>\n<li>Certificado<\/li>\n<\/ul>\n","protected":false},"excerpt":{"rendered":"<p>Mejora la experiencia de tus clientes ofreci\u00e9ndoles un mecanismo de transferencia Saferoller \u00fanico, seguro e infalible.<br \/>\nIntegra f\u00e1cilmente juegos como QuickFlight, Tarzan Swing o para garantizar con seguridad los movimientos verticales con el NUEVO Saferoller Transfer. <\/p>\n","protected":false},"featured_media":3052,"template":"","meta":{"_coblocks_attr":"","_coblocks_dimensions":"","_coblocks_responsive_height":"","_coblocks_accordion_ie_support":"","wds_primary_product_brand":0,"wds_primary_product_cat":0},"product_brand":[90],"product_cat":[49],"product_tag":[54,55,8],"class_list":{"0":"post-5893","1":"product","2":"type-product","3":"status-publish","4":"has-post-thumbnail","6":"product_brand-saferoller-continuous-belay","7":"product_cat-saferoller-continuous-belay-system","8":"product_tag-continuous-belay","9":"product_tag-ropes-course","10":"product_tag-belay-systems","12":"first","13":"instock","14":"taxable","15":"shipping-taxable","16":"purchasable","17":"product-type-variable"},"_links":{"self":[{"href":"https:\/\/thrillsyndicate.com\/es\/wp-json\/wp\/v2\/product\/5893","targetHints":{"allow":["GET"]}}],"collection":[{"href":"https:\/\/thrillsyndicate.com\/es\/wp-json\/wp\/v2\/product"}],"about":[{"href":"https:\/\/thrillsyndicate.com\/es\/wp-json\/wp\/v2\/types\/product"}],"wp:featuredmedia":[{"embeddable":true,"href":"https:\/\/thrillsyndicate.com\/es\/wp-json\/wp\/v2\/media\/3052"}],"wp:attachment":[{"href":"https:\/\/thrillsyndicate.com\/es\/wp-json\/wp\/v2\/media?parent=5893"}],"wp:term":[{"taxonomy":"product_brand","embeddable":true,"href":"https:\/\/thrillsyndicate.com\/es\/wp-json\/wp\/v2\/product_brand?post=5893"},{"taxonomy":"product_cat","embeddable":true,"href":"https:\/\/thrillsyndicate.com\/es\/wp-json\/wp\/v2\/product_cat?post=5893"},{"taxonomy":"product_tag","embeddable":true,"href":"https:\/\/thrillsyndicate.com\/es\/wp-json\/wp\/v2\/product_tag?post=5893"}],"curies":[{"name":"wp","href":"https:\/\/api.w.org\/{rel}","templated":true}]}}