{"id":5925,"date":"2022-03-12T12:20:28","date_gmt":"2022-03-12T11:20:28","guid":{"rendered":"https:\/\/thrillsyndicate.com\/shop\/bolsa-de-aire-tirolesa-ead-dispositivo-de-detencion-de-emergencia\/"},"modified":"2025-08-16T14:58:00","modified_gmt":"2025-08-16T12:58:00","slug":"zipline-airbag-ead-dispositivo-de-detencion-de-emergencia","status":"publish","type":"product","link":"https:\/\/thrillsyndicate.com\/es\/product\/zipline-airbag-ead-dispositivo-de-detencion-de-emergencia\/","title":{"rendered":"Bolsa de aire tirolesa | EAD (Dispositivo de detenci\u00f3n de emergencia)"},"content":{"rendered":"<p>El Airbag Zipline es un dispositivo de detenci\u00f3n de emergencia (DAE). El airbag de tirolina es un freno de tirolina de apoyo que est\u00e1 completamente separado del freno principal y no requiere ninguna acci\u00f3n por parte del participante para activarlo. En otras palabras, el airbag de tirolesa es un freno pasivo, independiente del freno primario.<\/p>\n<p>S\u00f3lo se han seleccionado los materiales m\u00e1s avanzados e ign\u00edfugos fabricados en la UE para ofrecerte una durabilidad y fiabilidad inigualables. Los materiales ligeros y las caracter\u00edsticas innovadoras hacen que sea f\u00e1cil de montar. Un innovador posicionamiento del soplador limita el acceso no deseado a \u00e9l y elimina los riesgos. Los puntos de anclaje reforzados proporcionan una seguridad absoluta.<\/p>\n<p>El Zipline Airbag se puede entregar en cualquier tama\u00f1o, pero recomendamos el tama\u00f1o que se muestra en las fotos: 180x120x60cm.<\/p>\n<h2>Especificaciones<\/h2>\n<ul>\n<li>Tama\u00f1o recomendado: 180x120x60cm<\/li>\n<li>Recubrimiento protector reemplazable en el \u00e1rea de contacto<\/li>\n<li>Anillos de poder alrededor del per\u00edmetro<\/li>\n<li>Soplo constante<\/li>\n<li>Incluyendo compresor de aire<\/li>\n<li>Regulaci\u00f3n de presi\u00f3n y control autom\u00e1tico de presi\u00f3n en la c\u00e1mara.<\/li>\n<li>Fuente de alimentaci\u00f3n de 220 voltios necesaria para el funcionamiento<\/li>\n<\/ul>\n<h2>Informaci\u00f3n de expertos sobre la tecnolog\u00eda Zipline<\/h2>\n<p>\u00bfEst\u00e1 interesado en leer m\u00e1s sobre la tecnolog\u00eda Zipline y las opiniones de los expertos?<\/p>\n<ul>\n<li><a href=\"https:\/\/thrillsyndicate.com\/blog\/white-paper-on-zipline-emergency-arrest-devices-ead\/\">Libro blanco sobre los dispositivos de detenci\u00f3n de emergencia (EAD) de Zipline<\/a><\/li>\n<li><a href=\"https:\/\/thrillsyndicate.com\/es\/zip-line-design-components-for-a-complete-system\/\">Dise\u00f1o de tirolesas: componentes para un sistema completo<\/a><\/li>\n<li><a href=\"https:\/\/thrillsyndicate.com\/es\/los-errores-que-no-saben-que-estan-haciendo\/\">9 errores de tirolesa que no sabes que est\u00e1s cometiendo<\/a><\/li>\n<li><a href=\"https:\/\/thrillsyndicate.com\/es\/ventajas-y-desventajas-de-los-diferentes-frenos-de-linea-de-cierre\/\">Pros y contras de los diferentes frenos de tirolesa<\/a><\/li>\n<li><a href=\"https:\/\/thrillsyndicate.com\/es\/expert-tips-for-zip-line-brake-installations\/\">Consejos de expertos para instalaciones de frenos de tirolesas<\/a><\/li>\n<li><a href=\"https:\/\/thrillsyndicate.com\/blog\/does-your-zip-line-need-an-emergency-arrest-device\/\">\u00bfTu tirolina necesita un dispositivo de detenci\u00f3n de emergencia?<\/a><\/li>\n<li><a href=\"https:\/\/thrillsyndicate.com\/the-magnetic-self-braking-zipline-pulley\/\">MAG Brake Trolley, la polea Zipline Autofrenante Magn\u00e9tica<\/a><\/li>\n<li><a href=\"https:\/\/thrillsyndicate.com\/blog\/the-science-of-eddy-current-magnetic-braking\/\">La ciencia del frenado magn\u00e9tico por corrientes de Foucault<\/a><\/li>\n<li><a href=\"https:\/\/thrillsyndicate.com\/blog\/all-about-bearings-why-zip-line-trolley-bearings-matter\/\">\u00bfPor qu\u00e9 son importantes los rodamientos del Polea Zip Line?<\/a><\/li>\n<li><a href=\"https:\/\/thrillsyndicate.com\/es\/whitepaper-zipline-braking-dynamics\/\">Whitepaper: Din\u00e1mica de frenado de tirolesa<\/a><\/li>\n<li><a href=\"https:\/\/thrillsyndicate.com\/blog\/zip-line-installation-give-them-the-best-ride\/\">Instalaci\u00f3n de tirolesa: br\u00edndeles el mejor viaje<\/a><\/li>\n<\/ul>\n","protected":false},"excerpt":{"rendered":"<p>El Airbag de Tirolina EAD proporciona un sistema de frenado independiente y pasivo para tu tirolesa, garantizando un aterrizaje seguro en caso de fallo del freno primario. Fabricado con materiales avanzados ign\u00edfugos, es f\u00e1cil de montar y ofrece una durabilidad y fiabilidad inigualables.<\/p>\n","protected":false},"featured_media":2920,"template":"","meta":{"_coblocks_attr":"","_coblocks_dimensions":"","_coblocks_responsive_height":"","_coblocks_accordion_ie_support":"","wds_primary_product_brand":0,"wds_primary_product_cat":0},"product_brand":[70],"product_cat":[28],"product_tag":[89,30,36],"class_list":{"0":"post-5925","1":"product","2":"type-product","3":"status-publish","4":"has-post-thumbnail","6":"product_brand-thrill-syndicate","7":"product_cat-zipwire-braking-systems","8":"product_tag-emergency-arrest-device-ead","9":"product_tag-zipline-brake","10":"product_tag-zipline","12":"first","13":"onbackorder","14":"taxable","15":"shipping-taxable","16":"purchasable","17":"product-type-simple"},"_links":{"self":[{"href":"https:\/\/thrillsyndicate.com\/es\/wp-json\/wp\/v2\/product\/5925","targetHints":{"allow":["GET"]}}],"collection":[{"href":"https:\/\/thrillsyndicate.com\/es\/wp-json\/wp\/v2\/product"}],"about":[{"href":"https:\/\/thrillsyndicate.com\/es\/wp-json\/wp\/v2\/types\/product"}],"wp:featuredmedia":[{"embeddable":true,"href":"https:\/\/thrillsyndicate.com\/es\/wp-json\/wp\/v2\/media\/2920"}],"wp:attachment":[{"href":"https:\/\/thrillsyndicate.com\/es\/wp-json\/wp\/v2\/media?parent=5925"}],"wp:term":[{"taxonomy":"product_brand","embeddable":true,"href":"https:\/\/thrillsyndicate.com\/es\/wp-json\/wp\/v2\/product_brand?post=5925"},{"taxonomy":"product_cat","embeddable":true,"href":"https:\/\/thrillsyndicate.com\/es\/wp-json\/wp\/v2\/product_cat?post=5925"},{"taxonomy":"product_tag","embeddable":true,"href":"https:\/\/thrillsyndicate.com\/es\/wp-json\/wp\/v2\/product_tag?post=5925"}],"curies":[{"name":"wp","href":"https:\/\/api.w.org\/{rel}","templated":true}]}}