{"id":5929,"date":"2022-03-23T17:42:21","date_gmt":"2022-03-23T16:42:21","guid":{"rendered":"https:\/\/thrillsyndicate.com\/shop\/edelrida-interstatic-protect-110mm-cuerda-estatica\/"},"modified":"2025-07-17T18:07:21","modified_gmt":"2025-07-17T16:07:21","slug":"edelrid-interstatic-protect-11mm","status":"publish","type":"product","link":"https:\/\/thrillsyndicate.com\/es\/product\/edelrid-interstatic-protect-11mm\/","title":{"rendered":"Edelrid Interstatic Protect 11,0 mm &#8211; Cuerda est\u00e1tica"},"content":{"rendered":"<p>El Interstatic Protect 11.0mm de Edelrid es perfecto para ti si valoras una gran seguridad, durabilidad y manejo. La cuerda est\u00e1tica no solo tiene valores de elongaci\u00f3n bajos, sino que tambi\u00e9n est\u00e1 equipada con una tecnolog\u00eda especial que mejora la resistencia a las influencias externas. Durante su proceso de trenzado, las fibras de aramida se trenzan en la funda, lo que casi duplica la resistencia al corte en comparaci\u00f3n con las cuerdas est\u00e1ticas convencionales. Como resultado, la cuerda es la compa\u00f1era perfecta para escaladores industriales y para paredes con muchos bordes afilados.<\/p>\n<p>Adem\u00e1s, un proceso ColorTec, que es un dise\u00f1o trenzado que es claramente visible en el medio de la cuerda, le permite distinguir claramente ambas mitades y el medio de la cuerda. Y, el tratamiento Thermo-Shield se ha utilizado para combinar los hilos del n\u00facleo y la cubierta entre s\u00ed para garantizar excelentes propiedades de deslizamiento y evitar que la cuerda se encoja.<\/p>\n<p>Tenga en cuenta: \u00a1la cuerda no es un sustituto de una protecci\u00f3n adecuada para los bordes!<\/p>\n<h2>Especificaciones<\/h2>\n<ul>\n<li><strong>Longitud<\/strong> 50, 100, 200 m<\/li>\n<li><strong>Di\u00e1metro<\/strong> 11,0 mm<\/li>\n<li><strong>Cuerda tipo<\/strong> A<\/li>\n<li><strong>Peso\/<\/strong> <b>Metro<\/b> 77 g\/m<\/li>\n<li><strong>m\u00edn. resistencia a la rotura<\/strong> 35 kN<\/li>\n<li><strong>m\u00edn. resistencia a la rotura con figura de 8 nudo<\/strong> 20 kN<\/li>\n<li><strong>Alargamiento est\u00e1tico<\/strong> 2,0 %<\/li>\n<li>Deslizamiento de <strong>la vaina<\/strong> 0 mm<\/li>\n<li><strong>Proporci\u00f3n de funda<\/strong> 57 %<\/li>\n<li><strong>Contracci\u00f3n H20<\/strong> 3,8 %<\/li>\n<li><strong>Nudabilidad<\/strong> 1,0<\/li>\n<li><strong>Tipo de m\u00e1quina<\/strong> 40<\/li>\n<li><strong>Material (revestimiento\/n\u00facleo)<\/strong> PA\/PA\/aramida<\/li>\n<li><strong>Certificaci\u00f3n<\/strong> EN 1891 Tipo A<\/li>\n<\/ul>\n<h3 class=\"western\">\ud83d\udc49 \u00bfEst\u00e1s buscando un art\u00edculo Edelrid espec\u00edfico que no aparece en la tienda? Vendemos toda la gama de productos de aventura, deporte y seguridad. Por favor, <strong><a href=\"https:\/\/thrillsyndicate.com\/es\/contacto\/\">env\u00eda a<\/a><\/strong> un correo electr\u00f3nico o consulta la <strong><a href=\"https:\/\/thrillsyndicate.com\/edelrid-safety-price-list-2025\/\">lista de precios de seguridad aqu\u00ed<\/a><\/strong>. \ud83d\udc48<\/h3>\n","protected":false},"excerpt":{"rendered":"<p>El <strong>INTERSTATIC PROTECT<\/strong> es el primer cable est\u00e1tico con resistencia al corte integrada. Esto es posible gracias a las fibras de aramida de alta resistencia que se integran en la funda de la cuerda durante el proceso de trenzado, lo que aumenta muchas veces la resistencia a los cortes de la cuerda. Estas propiedades hacen que <strong>INTERSTATIC PROTECT<\/strong> sea la cuerda elegida para todos los usos que impliquen un riesgo de bordes afilados o cualquier tarea para la que se desee un margen de seguridad adicional.<\/p>\n","protected":false},"featured_media":12992,"template":"","meta":{"_coblocks_attr":"","_coblocks_dimensions":"","_coblocks_responsive_height":"","_coblocks_accordion_ie_support":"","wds_primary_product_brand":0,"wds_primary_product_cat":0},"product_brand":[62],"product_cat":[812,844],"product_tag":[177,815,93],"class_list":{"0":"post-5929","1":"product","2":"type-product","3":"status-publish","4":"has-post-thumbnail","6":"product_brand-edelrid","7":"product_cat-ropes","8":"product_cat-professional-ropes","9":"product_tag-static-rope","10":"product_tag-rope","11":"product_tag-descent-rescue","13":"first","14":"instock","15":"taxable","16":"shipping-taxable","17":"purchasable","18":"product-type-variable","19":"has-default-attributes"},"_links":{"self":[{"href":"https:\/\/thrillsyndicate.com\/es\/wp-json\/wp\/v2\/product\/5929","targetHints":{"allow":["GET"]}}],"collection":[{"href":"https:\/\/thrillsyndicate.com\/es\/wp-json\/wp\/v2\/product"}],"about":[{"href":"https:\/\/thrillsyndicate.com\/es\/wp-json\/wp\/v2\/types\/product"}],"wp:featuredmedia":[{"embeddable":true,"href":"https:\/\/thrillsyndicate.com\/es\/wp-json\/wp\/v2\/media\/12992"}],"wp:attachment":[{"href":"https:\/\/thrillsyndicate.com\/es\/wp-json\/wp\/v2\/media?parent=5929"}],"wp:term":[{"taxonomy":"product_brand","embeddable":true,"href":"https:\/\/thrillsyndicate.com\/es\/wp-json\/wp\/v2\/product_brand?post=5929"},{"taxonomy":"product_cat","embeddable":true,"href":"https:\/\/thrillsyndicate.com\/es\/wp-json\/wp\/v2\/product_cat?post=5929"},{"taxonomy":"product_tag","embeddable":true,"href":"https:\/\/thrillsyndicate.com\/es\/wp-json\/wp\/v2\/product_tag?post=5929"}],"curies":[{"name":"wp","href":"https:\/\/api.w.org\/{rel}","templated":true}]}}