{"id":5930,"date":"2022-03-04T16:17:51","date_gmt":"2022-03-04T15:17:51","guid":{"rendered":"https:\/\/thrillsyndicate.com\/shop\/casco-del-zodiaco-de-edelrid\/"},"modified":"2025-07-17T18:04:25","modified_gmt":"2025-07-17T16:04:25","slug":"edelrid-zodiac-casco","status":"publish","type":"product","link":"https:\/\/thrillsyndicate.com\/es\/product\/edelrid-zodiac-casco\/","title":{"rendered":"Casco del zodiaco de Edelrid"},"content":{"rendered":"<p>Un casco r\u00edgido con revestimiento integral de espuma expandida. Tiene el sistema de ajuste &#8220;Wing-Fit&#8221; de Edelrid que se centra alrededor de una placa moldeada que se forma alrededor de la parte trasera de la cabeza debajo de la l\u00ednea del casco. Esto cubre efectivamente la parte inferior del cr\u00e1neo para crear un ajuste muy seguro.<\/p>\n<p>Disponible en varios colores.<\/p>\n<div id=\"prod-produktinfos\">\n<h2 class=\"prodheadline\">INFORMACI\u00d3N DEL PRODUCTO<\/h2>\n<ul>\n<li>Impacto lateral\/frontal\/trasero probado seg\u00fan EN 12492<\/li>\n<li>El sistema Wing-Fit y el dial de ajuste trasero se adaptan a todos los tama\u00f1os y garantizan una seguridad y comodidad excepcionales<\/li>\n<li>Carcasa interior de espuma de poliestireno expandido para una absorci\u00f3n de impactos fiable<\/li>\n<li>Las grandes ventilaciones aseguran un suministro constante de aire fresco.<\/li>\n<li>La cuna se pliega en el casco para reducir significativamente el tama\u00f1o del paquete<\/li>\n<li>Barboquejo totalmente ajustable con sistema de cierre colocado debajo de la oreja para mayor comodidad<\/li>\n<li>Carcasa de ABS moldeada por inyecci\u00f3n, robusta y resistente a los impactos<\/li>\n<li>4 robustos clips para faros<\/li>\n<li>Acolchado desmontable y lavable<\/li>\n<\/ul>\n<\/div>\n<div id=\"prod-details\">\n<h2 class=\"prodheadline\">INFORMACI\u00d3N T\u00c9CNICA<\/h2>\n<ul>\n<li>UIAA: S\u00ed<\/li>\n<li>tama\u00f1o de la cabeza: 54 &#8211; 62<\/li>\n<li>Peso: <span id=\"varianten_gewicht\">359g<\/span><\/li>\n<\/ul>\n<h3 class=\"western\">\ud83d\udc49 \u00bfEst\u00e1s buscando un art\u00edculo Edelrid espec\u00edfico que no aparece en la tienda? Vendemos toda la gama de productos de aventura, deporte y seguridad. Por favor, <strong><a href=\"https:\/\/thrillsyndicate.com\/es\/contacto\/\">env\u00eda a<\/a><\/strong> un correo electr\u00f3nico o consulta la <strong><a href=\"https:\/\/thrillsyndicate.com\/edelrid-safety-price-list-2025\/\">lista de precios de seguridad aqu\u00ed<\/a><\/strong>. \ud83d\udc48<\/h3>\n<\/div>\n","protected":false},"excerpt":{"rendered":"<p>Casco Edelrid Zodiac: casco r\u00edgido con revestimiento integral de espuma expandida. Casco h\u00edbrido ligero y extremadamente estable. Perfecto para escalada, alpinismo y v\u00edas ferratas.<\/p>\n","protected":false},"featured_media":9497,"template":"","meta":{"_coblocks_attr":"","_coblocks_dimensions":"","_coblocks_responsive_height":"","_coblocks_accordion_ie_support":"","wds_primary_product_brand":0,"wds_primary_product_cat":0},"product_brand":[62],"product_cat":[61,841],"product_tag":[66,55,67],"class_list":{"0":"post-5930","1":"product","2":"type-product","3":"status-publish","4":"has-post-thumbnail","6":"product_brand-edelrid","7":"product_cat-ropes-course-helmets","8":"product_cat-helmets","9":"product_tag-helmets","10":"product_tag-ropes-course","11":"product_tag-ppe","13":"first","14":"instock","15":"taxable","16":"shipping-taxable","17":"purchasable","18":"product-type-variable","19":"has-default-attributes"},"_links":{"self":[{"href":"https:\/\/thrillsyndicate.com\/es\/wp-json\/wp\/v2\/product\/5930","targetHints":{"allow":["GET"]}}],"collection":[{"href":"https:\/\/thrillsyndicate.com\/es\/wp-json\/wp\/v2\/product"}],"about":[{"href":"https:\/\/thrillsyndicate.com\/es\/wp-json\/wp\/v2\/types\/product"}],"wp:featuredmedia":[{"embeddable":true,"href":"https:\/\/thrillsyndicate.com\/es\/wp-json\/wp\/v2\/media\/9497"}],"wp:attachment":[{"href":"https:\/\/thrillsyndicate.com\/es\/wp-json\/wp\/v2\/media?parent=5930"}],"wp:term":[{"taxonomy":"product_brand","embeddable":true,"href":"https:\/\/thrillsyndicate.com\/es\/wp-json\/wp\/v2\/product_brand?post=5930"},{"taxonomy":"product_cat","embeddable":true,"href":"https:\/\/thrillsyndicate.com\/es\/wp-json\/wp\/v2\/product_cat?post=5930"},{"taxonomy":"product_tag","embeddable":true,"href":"https:\/\/thrillsyndicate.com\/es\/wp-json\/wp\/v2\/product_tag?post=5930"}],"curies":[{"name":"wp","href":"https:\/\/api.w.org\/{rel}","templated":true}]}}