{"id":5952,"date":"2022-03-12T21:22:36","date_gmt":"2022-03-12T20:22:36","guid":{"rendered":"https:\/\/thrillsyndicate.com\/shop\/saferoller-zipeye-prevencion-de-colisiones-en-tirolesa\/"},"modified":"2025-05-31T08:01:07","modified_gmt":"2025-05-31T06:01:07","slug":"zipeye-saferoller","status":"publish","type":"product","link":"https:\/\/thrillsyndicate.com\/es\/product\/zipeye-saferoller\/","title":{"rendered":"Saferoller ZipEye | Prevenci\u00f3n de colisiones con tirolinas"},"content":{"rendered":"<p>El Saferoller ZipEye ayuda a reducir el riesgo de colisi\u00f3n en las tirolinas controlando y gestionando el acceso f\u00edsico. Una vez que un Polea ha pasado el soporte de salida, el soporte de salida permanece cerrado para nuevos Poleas, hasta que el primer Polea haya pasado el soporte de parada. \u00a1Simple y seguro!<\/p>\n<p>El Zip Eye es un sistema de puerta autom\u00e1tica que permite que s\u00f3lo una persona a la vez en una tirolesa.<\/p>\n<h2>El kit incluye<\/h2>\n<ul>\n<li>el engranaje de fijaci\u00f3n<\/li>\n<li>2 controladores, uno para el inicio y otro para la salida y un tercero para alarmar si alguien se atasca en la tirolina<\/li>\n<li>controlado por radio<\/li>\n<li>con bater\u00eda solar y posibilidad de alimentaci\u00f3n con bater\u00eda externa.<\/li>\n<\/ul>\n<h2>\u00bfPor qu\u00e9 controlar el acceso a la tirolesa?<\/h2>\n<p>\u00bfSab\u00edas que el 90% de los accidentes ocurren en tirolinas? La mayor\u00eda de ellos se deben a colisiones entre ciclistas. Los accidentes de colisi\u00f3n en Ziplines en su mayor\u00eda siempre significan lesiones graves.<\/p>\n<h2>Especificaciones:<\/h2>\n<ul>\n<li>Hasta 400 m de alcance<\/li>\n<li>Operaci\u00f3n inal\u00e1mbrica<\/li>\n<li>Actualizable en instalaciones Saferoller existentes<\/li>\n<li>Panel solar o alimentado por cable<\/li>\n<\/ul>\n<p><iframe loading=\"lazy\" title=\"Saferoller zipEYE reduce collision risk on ziplines\" width=\"980\" height=\"551\" src=\"https:\/\/www.youtube.com\/embed\/23wj7ap84Vc?feature=oembed\" frameborder=\"0\" allow=\"accelerometer; autoplay; clipboard-write; encrypted-media; gyroscope; picture-in-picture\" allowfullscreen><\/iframe><\/p>\n","protected":false},"excerpt":{"rendered":"<p>El Saferoller ZipEye ayuda a reducir el riesgo de colisi\u00f3n en las tirolinas controlando y gestionando el acceso f\u00edsico. Una vez que un Polea ha pasado el soporte de salida, el soporte de salida permanece cerrado para nuevos Poleas, hasta que el primer Polea haya pasado el soporte de parada.<\/p>\n","protected":false},"featured_media":3151,"template":"","meta":{"_coblocks_attr":"","_coblocks_dimensions":"","_coblocks_responsive_height":"","_coblocks_accordion_ie_support":"","wds_primary_product_brand":0,"wds_primary_product_cat":0},"product_brand":[90],"product_cat":[49],"product_tag":[543,442,450],"class_list":{"0":"post-5952","1":"product","2":"type-product","3":"status-publish","4":"has-post-thumbnail","6":"product_brand-saferoller-continuous-belay","7":"product_cat-saferoller-continuous-belay-system","8":"product_tag-aseguramiento-continuo","9":"product_tag-curso-de-cuerdas","10":"product_tag-tirolesa","12":"first","13":"instock","14":"taxable","15":"shipping-taxable","16":"purchasable","17":"product-type-variable"},"_links":{"self":[{"href":"https:\/\/thrillsyndicate.com\/es\/wp-json\/wp\/v2\/product\/5952","targetHints":{"allow":["GET"]}}],"collection":[{"href":"https:\/\/thrillsyndicate.com\/es\/wp-json\/wp\/v2\/product"}],"about":[{"href":"https:\/\/thrillsyndicate.com\/es\/wp-json\/wp\/v2\/types\/product"}],"wp:featuredmedia":[{"embeddable":true,"href":"https:\/\/thrillsyndicate.com\/es\/wp-json\/wp\/v2\/media\/3151"}],"wp:attachment":[{"href":"https:\/\/thrillsyndicate.com\/es\/wp-json\/wp\/v2\/media?parent=5952"}],"wp:term":[{"taxonomy":"product_brand","embeddable":true,"href":"https:\/\/thrillsyndicate.com\/es\/wp-json\/wp\/v2\/product_brand?post=5952"},{"taxonomy":"product_cat","embeddable":true,"href":"https:\/\/thrillsyndicate.com\/es\/wp-json\/wp\/v2\/product_cat?post=5952"},{"taxonomy":"product_tag","embeddable":true,"href":"https:\/\/thrillsyndicate.com\/es\/wp-json\/wp\/v2\/product_tag?post=5952"}],"curies":[{"name":"wp","href":"https:\/\/api.w.org\/{rel}","templated":true}]}}