{"id":5967,"date":"2022-03-04T20:05:24","date_gmt":"2022-03-04T19:05:24","guid":{"rendered":"https:\/\/thrillsyndicate.com\/shop\/arnes-para-sentarse-en-tirolesa\/"},"modified":"2026-03-26T12:49:22","modified_gmt":"2026-03-26T11:49:22","slug":"zipline-sit-in-harness","status":"publish","type":"product","link":"https:\/\/thrillsyndicate.com\/es\/product\/zipline-sit-in-harness\/","title":{"rendered":"Arn\u00e9s Sit Comfort para tirolesas"},"content":{"rendered":"<p>El arn\u00e9s Zipline Sit Comfort tiene un asiento acolchado y un respaldo de tejido Cordura transpirable, que garantizan la m\u00e1xima comodidad a los jinetes de todas las tallas. Tanto si se trata de una tirolina corta como de una aventura m\u00e1s larga, tus invitados apreciar\u00e1n la comodidad que proporciona este arn\u00e9s. <\/p>\n<p>La Tirolina Sit es compatible con nuestros carros de alta velocidad, como <a href=\"https:\/\/thrillsyndicate.com\/es\/product\/polea-de-freno-magnetico\/\">el Carro magn\u00e9tico autofrenante para tirolinas<\/a> o el <a href=\"https:\/\/thrillsyndicate.com\/shop\/isc-zipspeed-l-trolley\/\">Carro grande ZipSpeed,<\/a> equipados con barras estabilizadoras. Las barras estabilizadoras est\u00e1n disponibles de f\u00e1brica o como kit accesorio de montaje posterior.  El arn\u00e9s se lleva como un traje y los usuarios pueden caminar libremente entre las tirolinas, sin tener que quitarse el arn\u00e9s.<\/p>\n<h2>Estabilidad y seguridad mejoradas<\/h2>\n<p>Dise\u00f1ado para su uso con carros de tirolesa y una barra estabilizadora, este arn\u00e9s coloca a los jinetes en posici\u00f3n vertical, reduciendo las torsiones y rotaciones. Esto no s\u00f3lo mejora la experiencia de conducci\u00f3n, sino que tambi\u00e9n garantiza una mayor seguridad, permitiendo a los jinetes centrarse en las impresionantes vistas y en las oportunidades de hacer fotos. <\/p>\n<h3>Totalmente ajustable y con tallas incluidas<\/h3>\n<p>Disponible en cinco tallas, desde la infantil hasta la extragrande, el Arn\u00e9s Zipline Sit Comfort es totalmente ajustable para adaptarse a una amplia gama de tipos de cuerpo. Las cinchas codificadas por colores facilitan la r\u00e1pida identificaci\u00f3n de la talla correcta, garantizando un ajuste perfecto para cada ciclista. <\/p>\n<h2>Especificaciones principales del arn\u00e9s Zipline Sit Comfort<\/h2>\n<h3>Asiento acolchado y respaldo transpirable<\/h3>\n<p>El arn\u00e9s est\u00e1 dise\u00f1ado con un asiento acolchado y un respaldo recubierto de tejido Cordura transpirable, que proporciona una comodidad excepcional durante el viaje. Esto garantiza que los motoristas se mantengan c\u00f3modos y disfruten al m\u00e1ximo de la experiencia. <\/p>\n<h3>Duradero y personalizable<\/h3>\n<p>Fabricado con materiales de alta calidad, el Arn\u00e9s Confort Zipline Sit est\u00e1 hecho para durar. Est\u00e1 disponible en cinco tallas, cada una de ellas con cinchas codificadas por colores para facilitar su identificaci\u00f3n. Ten en cuenta que estos arneses se fabrican por encargo, lo que garantiza que cada pieza cumpla tus requisitos espec\u00edficos.  <\/p>\n<h3>Funciones de seguridad integrales<\/h3>\n<p>Probado conforme a las secciones pertinentes de la norma EN1651: 1999 sobre equipos de parapente, el arn\u00e9s incluye correas de cintura y pecho, as\u00ed como perneras para una sujeci\u00f3n segura. Tambi\u00e9n viene con todas las eslingas\/correas necesarias y dos Maillones Delta, lo que simplifica el proceso de pedido. <\/p>\n<h3>Especificaciones completas<\/h3>\n<ul>\n<li><strong>Tallas disponibles<\/strong>: Infantil (cincha negra), Peque\u00f1a (cincha verde), Mediana (cincha roja), Grande (cincha naranja), Extragrande (cincha azul)<\/li>\n<li><strong>Color<\/strong>: Tejido azul marino con cinchas codificadas por colores<\/li>\n<li><strong>Peso m\u00e1ximo del usuario<\/strong>: 150 kg<\/li>\n<li><strong>Caracter\u00edsticas de confort<\/strong>: Asiento acolchado, respaldo de tejido Cordura transpirable<\/li>\n<li><strong>Caracter\u00edsticas de seguridad<\/strong>: Correa de cintura, correa de pecho, perneras, probadas seg\u00fan la norma EN1651: 1999<\/li>\n<li><strong>Componentes incluidos<\/strong>: Todas las eslingas\/correas necesarias, 2 Maillones Delta<\/li>\n<li><strong>Opciones adicionales<\/strong>: Conectores para Tri Sling\/Polea disponibles bajo pedido<\/li>\n<\/ul>\n<p>Pide hoy mismo el Arn\u00e9s Zipline Sit Comfort para mejorar tus operaciones de tirolesa con la combinaci\u00f3n perfecta de comodidad, estabilidad y seguridad. Aseg\u00farate de que tus jinetes tengan la mejor experiencia posible con este arn\u00e9s de alta gama. <\/p>\n","protected":false},"excerpt":{"rendered":"<p>El Arn\u00e9s Zipline Sit Comfort es una opci\u00f3n de primera calidad para los profesionales de la aventura y las actividades al aire libre que buscan mejorar su experiencia tirolinesa. Desarrollado por un fabricante l\u00edder en seguridad en altura, este arn\u00e9s garantiza a los usuarios comodidad y estabilidad, por lo que es perfecto para hacer turismo y capturar momentos inolvidables. <\/p>\n","protected":false},"featured_media":16204,"template":"","meta":{"_coblocks_attr":"","_coblocks_dimensions":"","_coblocks_responsive_height":"","_coblocks_accordion_ie_support":"","wds_primary_product_brand":0,"wds_primary_product_cat":0},"product_brand":[70],"product_cat":[69],"product_tag":[576,607,581,450],"class_list":{"0":"post-5967","1":"product","2":"type-product","3":"status-publish","4":"has-post-thumbnail","6":"product_brand-thrill-syndicate","7":"product_cat-zipline-harnesses","8":"product_tag-arnes-de-cuerpo-entero","9":"product_tag-arnes-tirolesa","10":"product_tag-epp","11":"product_tag-tirolesa","13":"first","14":"onbackorder","15":"taxable","16":"shipping-taxable","17":"purchasable","18":"product-type-simple"},"_links":{"self":[{"href":"https:\/\/thrillsyndicate.com\/es\/wp-json\/wp\/v2\/product\/5967","targetHints":{"allow":["GET"]}}],"collection":[{"href":"https:\/\/thrillsyndicate.com\/es\/wp-json\/wp\/v2\/product"}],"about":[{"href":"https:\/\/thrillsyndicate.com\/es\/wp-json\/wp\/v2\/types\/product"}],"wp:featuredmedia":[{"embeddable":true,"href":"https:\/\/thrillsyndicate.com\/es\/wp-json\/wp\/v2\/media\/16204"}],"wp:attachment":[{"href":"https:\/\/thrillsyndicate.com\/es\/wp-json\/wp\/v2\/media?parent=5967"}],"wp:term":[{"taxonomy":"product_brand","embeddable":true,"href":"https:\/\/thrillsyndicate.com\/es\/wp-json\/wp\/v2\/product_brand?post=5967"},{"taxonomy":"product_cat","embeddable":true,"href":"https:\/\/thrillsyndicate.com\/es\/wp-json\/wp\/v2\/product_cat?post=5967"},{"taxonomy":"product_tag","embeddable":true,"href":"https:\/\/thrillsyndicate.com\/es\/wp-json\/wp\/v2\/product_tag?post=5967"}],"curies":[{"name":"wp","href":"https:\/\/api.w.org\/{rel}","templated":true}]}}