{"id":5990,"date":"2022-03-12T20:33:00","date_gmt":"2022-03-12T19:33:00","guid":{"rendered":"https:\/\/thrillsyndicate.com\/shop\/bifurcacion-speedrunner-cambio-de-rumbo-y-adelantamiento\/"},"modified":"2025-06-01T09:56:56","modified_gmt":"2025-06-01T07:56:56","slug":"speedrunner-bifurcacion","status":"publish","type":"product","link":"https:\/\/thrillsyndicate.com\/es\/product\/speedrunner-bifurcacion\/","title":{"rendered":"Speedrunner Bifurcaci\u00f3n | Cambio de rumbo y adelantamiento"},"content":{"rendered":"<p>La bifurcaci\u00f3n Speedrunner permite cambiar entre diferentes recorridos, adelantar y salir del recorrido. Se puede pasar f\u00e1cilmente y no se requiere ning\u00fan mecanismo adicional.<\/p>\n<ul>\n<li>Cero mantenimiento<\/li>\n<li>Duradero: las piezas no se pueden desgastar<\/li>\n<li>Apto para ni\u00f1os a partir de 8 a\u00f1os<\/li>\n<li>Para l\u00ednea de seguridad \u00d8 12 &#8211; 12.7MM (1\/2 pulgada)<\/li>\n<\/ul>\n<p><strong>NO <\/strong>compatible con el sistema de aseguramiento continuo Saferoller <\/p>\n","protected":false},"excerpt":{"rendered":"<p>La bifurcaci\u00f3n abre la posibilidad de adelantar procedimientos para cambiar a otro curso &#8211; hecho en Suiza &#8211; f\u00e1cil de usar &#8211; sin mantenimiento<\/p>\n","protected":false},"featured_media":3136,"template":"","meta":{"_coblocks_attr":"","_coblocks_dimensions":"","_coblocks_responsive_height":"","_coblocks_accordion_ie_support":"","wds_primary_product_brand":0,"wds_primary_product_cat":0},"product_brand":[91],"product_cat":[50],"product_tag":[54,55,8],"class_list":{"0":"post-5990","1":"product","2":"type-product","3":"status-publish","4":"has-post-thumbnail","6":"product_brand-speedrunner-continuous-belay-system","7":"product_cat-speedrunner-continuous-belay-system","8":"product_tag-continuous-belay","9":"product_tag-ropes-course","10":"product_tag-belay-systems","12":"first","13":"instock","14":"taxable","15":"shipping-taxable","16":"purchasable","17":"product-type-simple"},"_links":{"self":[{"href":"https:\/\/thrillsyndicate.com\/es\/wp-json\/wp\/v2\/product\/5990","targetHints":{"allow":["GET"]}}],"collection":[{"href":"https:\/\/thrillsyndicate.com\/es\/wp-json\/wp\/v2\/product"}],"about":[{"href":"https:\/\/thrillsyndicate.com\/es\/wp-json\/wp\/v2\/types\/product"}],"wp:featuredmedia":[{"embeddable":true,"href":"https:\/\/thrillsyndicate.com\/es\/wp-json\/wp\/v2\/media\/3136"}],"wp:attachment":[{"href":"https:\/\/thrillsyndicate.com\/es\/wp-json\/wp\/v2\/media?parent=5990"}],"wp:term":[{"taxonomy":"product_brand","embeddable":true,"href":"https:\/\/thrillsyndicate.com\/es\/wp-json\/wp\/v2\/product_brand?post=5990"},{"taxonomy":"product_cat","embeddable":true,"href":"https:\/\/thrillsyndicate.com\/es\/wp-json\/wp\/v2\/product_cat?post=5990"},{"taxonomy":"product_tag","embeddable":true,"href":"https:\/\/thrillsyndicate.com\/es\/wp-json\/wp\/v2\/product_tag?post=5990"}],"curies":[{"name":"wp","href":"https:\/\/api.w.org\/{rel}","templated":true}]}}