{"id":5994,"date":"2022-03-04T15:46:54","date_gmt":"2022-03-04T14:46:54","guid":{"rendered":"https:\/\/thrillsyndicate.com\/shop\/casco-junior-edelrid-shield-ii\/"},"modified":"2025-07-17T18:04:15","modified_gmt":"2025-07-17T16:04:15","slug":"casco-edelrid-shield-ii-junior","status":"publish","type":"product","link":"https:\/\/thrillsyndicate.com\/es\/product\/casco-edelrid-shield-ii-junior\/","title":{"rendered":"Casco J\u00fanior Edelrid Shield II"},"content":{"rendered":"<p>El Edelrid Shield Kids es un casco softshell ligero y robusto con un innovador sistema de cierre y una excelente ventilaci\u00f3n. La protecci\u00f3n perfecta para escaladas largas y exigentes.<\/p>\n<p>Disponible en varios colores<\/p>\n<p>Lo que hace que este casco de escalada sea tan ligero es la construcci\u00f3n In-mold que fusiona una carcasa exterior de policarbonato con un n\u00facleo de espuma EPS. Esto ofrece un excelente equilibrio de bajo peso, estabilidad y amortiguaci\u00f3n. Gracias al interior de forma ergon\u00f3mica, as\u00ed como al acolchado extra\u00edble, el casco ser\u00e1 extremadamente c\u00f3modo y se puede ajustar mediante el sistema Wing Fit para un ajuste personalizado.<\/p>\n<p>El casco tambi\u00e9n tiene grandes ventilaciones que permiten un suministro constante de aire fresco durante el ascenso. Adem\u00e1s, el casco alpino tambi\u00e9n est\u00e1 equipado con cuatro clips para linterna frontal y una correa ajustable para la barbilla. Si te encantan los viajes de escalada ligeros, r\u00e1pidos y exigentes, \u00a1echa un vistazo m\u00e1s de cerca al Edelrid Shield!<\/p>\n<div id=\"prod-produktinfos\">\n<h2 class=\"prodheadline\">INFORMACI\u00d3N DEL PRODUCTO<\/h2>\n<ul>\n<li>Impacto lateral\/frontal\/trasero probado seg\u00fan EN 12492<\/li>\n<li>Construcci\u00f3n ligera en molde con n\u00facleo de espuma de poliestireno expandido y cubierta de policarbonato resistente<\/li>\n<li>Barboquejo totalmente ajustable con sistema de cierre colocado debajo de la oreja para mayor comodidad<\/li>\n<li>Sistema de flujo de aire con ventilaciones grandes para un intercambio de aire continuo<\/li>\n<li>4 robustos clips de linterna frontal<\/li>\n<li>El sistema Wing-Fit revisado con dial de ajuste trasero se adapta a todas las formas de cabeza<\/li>\n<li>Interior de forma ergon\u00f3mica con acolchado extra\u00edble y lavable<\/li>\n<\/ul>\n<\/div>\n<div id=\"prod-details\">\n<h2 class=\"prodheadline\">INFORMACI\u00d3N T\u00c9CNICA<\/h2>\n<ul>\n<li>Peso: <span id=\"varianten_gewicht\">248g<\/span><\/li>\n<li>Talla: 48-56<\/li>\n<\/ul>\n<h3 class=\"western\">\ud83d\udc49 \u00bfEst\u00e1s buscando un art\u00edculo Edelrid espec\u00edfico que no aparece en la tienda? Vendemos toda la gama de productos de aventura, deporte y seguridad. Por favor, <strong><a href=\"https:\/\/thrillsyndicate.com\/es\/contacto\/\">env\u00eda a<\/a><\/strong> un correo electr\u00f3nico o consulta la <strong><a href=\"https:\/\/thrillsyndicate.com\/edelrid-safety-price-list-2025\/\">lista de precios de seguridad aqu\u00ed<\/a><\/strong>. \ud83d\udc48<\/h3>\n<\/div>\n","protected":false},"excerpt":{"rendered":"<p>Casco Edelrid Shield para ni\u00f1os. Nuestro popular casco softshell con un dise\u00f1o elegante perfecto para ni\u00f1os y adolescentes. El fiable y ligero casco de escalada Shield II con un divertido dise\u00f1o orientado a los ni\u00f1os.<\/p>\n","protected":false},"featured_media":2686,"template":"","meta":{"_coblocks_attr":"","_coblocks_dimensions":"","_coblocks_responsive_height":"","_coblocks_accordion_ie_support":"","wds_primary_product_brand":0,"wds_primary_product_cat":0},"product_brand":[62],"product_cat":[61],"product_tag":[580,442,581,930],"class_list":{"0":"post-5994","1":"product","2":"type-product","3":"status-publish","4":"has-post-thumbnail","6":"product_brand-edelrid","7":"product_cat-ropes-course-helmets","8":"product_tag-cascos","9":"product_tag-curso-de-cuerdas","10":"product_tag-epp","11":"product_tag-softshell-es","13":"first","14":"instock","15":"taxable","16":"shipping-taxable","17":"purchasable","18":"product-type-variable","19":"has-default-attributes"},"_links":{"self":[{"href":"https:\/\/thrillsyndicate.com\/es\/wp-json\/wp\/v2\/product\/5994","targetHints":{"allow":["GET"]}}],"collection":[{"href":"https:\/\/thrillsyndicate.com\/es\/wp-json\/wp\/v2\/product"}],"about":[{"href":"https:\/\/thrillsyndicate.com\/es\/wp-json\/wp\/v2\/types\/product"}],"wp:featuredmedia":[{"embeddable":true,"href":"https:\/\/thrillsyndicate.com\/es\/wp-json\/wp\/v2\/media\/2686"}],"wp:attachment":[{"href":"https:\/\/thrillsyndicate.com\/es\/wp-json\/wp\/v2\/media?parent=5994"}],"wp:term":[{"taxonomy":"product_brand","embeddable":true,"href":"https:\/\/thrillsyndicate.com\/es\/wp-json\/wp\/v2\/product_brand?post=5994"},{"taxonomy":"product_cat","embeddable":true,"href":"https:\/\/thrillsyndicate.com\/es\/wp-json\/wp\/v2\/product_cat?post=5994"},{"taxonomy":"product_tag","embeddable":true,"href":"https:\/\/thrillsyndicate.com\/es\/wp-json\/wp\/v2\/product_tag?post=5994"}],"curies":[{"name":"wp","href":"https:\/\/api.w.org\/{rel}","templated":true}]}}