{"id":5996,"date":"2022-03-16T18:10:13","date_gmt":"2022-03-16T17:10:13","guid":{"rendered":"https:\/\/thrillsyndicate.com\/shop\/clips-lockd-autoaseguramiento-continuo\/"},"modified":"2025-12-01T10:37:07","modified_gmt":"2025-12-01T09:37:07","slug":"lockd-clips","status":"publish","type":"product","link":"https:\/\/thrillsyndicate.com\/es\/product\/lockd-clips\/","title":{"rendered":"LockD Clips Swivel | Auto-retenci\u00f3n Continua"},"content":{"rendered":"<p>El <strong>eslab\u00f3n giratorio LockD Clips<\/strong> es un sistema de aseguramiento inteligente que cambia las reglas del juego, dise\u00f1ado para los sectores de la aventura, las actividades al aire libre y el ocio. Con su innovador dise\u00f1o siempre bloqueado, garantiza la seguridad de los escaladores al tiempo que ofrece una experiencia fluida, fiable y f\u00e1cil de usar tanto a los aventureros noveles como a los profesionales experimentados. Dise\u00f1ado para reducir los costes de inspecci\u00f3n y aumentar la eficacia operativa, LockD Clips Giratorio es la soluci\u00f3n perfecta para los operadores que buscan mejorar sus cursos de escalada.  <\/p>\n<h2>Las ventajas de LockD Clips Giratorio<\/h2>\n<h3>Siempre Bloqueado para M\u00e1xima Seguridad<\/h3>\n<p>El antica\u00eddas giratorio LockD Clips incorpora un avanzado mecanismo de bloqueo permanente, que garantiza que los escaladores permanezcan firmemente sujetos al antica\u00eddas durante todo el recorrido. Este dise\u00f1o elimina el riesgo de desprendimiento accidental, proporcionando tranquilidad tanto a los operadores como a los participantes. Con el uso de la Llave Tweezle, los escaladores pueden pasar f\u00e1cilmente de una l\u00ednea de vida a otra manteniendo una seguridad constante.  <\/p>\n<h3>Perfecto para todos los niveles y edades<\/h3>\n<p>Tanto si se trata de escaladores noveles como de profesionales experimentados, el LockD Clips Giratorio se adapta a todos. Su dise\u00f1o intuitivo implica curvas de aprendizaje m\u00ednimas, por lo que tambi\u00e9n es una opci\u00f3n ideal para los participantes m\u00e1s j\u00f3venes. Ni\u00f1os de tan s\u00f3lo 6 a\u00f1os pueden utilizar el sistema con seguridad sin necesidad de un adulto, ampliando la audiencia de tu curso.  <\/p>\n<h3>Reducci\u00f3n de los costes de mantenimiento e inspecci\u00f3n<\/h3>\n<p>LockD Clips Swivel est\u00e1 construido para durar, con piezas de desgaste m\u00ednimas que requieren sustituciones menos frecuentes. Las inspecciones in situ y las reparaciones sencillas minimizan a\u00fan m\u00e1s el tiempo fuera de servicio, reduciendo la necesidad de costosas revisiones por parte de terceros y manteniendo tu funcionamiento sin problemas. <\/p>\n<p><iframe loading=\"lazy\" title=\"LockD Clips - The Most Advanced Smart Belay System in the Adventure Recreation Industry\" width=\"980\" height=\"551\" src=\"https:\/\/www.youtube.com\/embed\/s29RnH1cFPI?feature=oembed\" frameborder=\"0\" allow=\"accelerometer; autoplay; clipboard-write; encrypted-media; gyroscope; picture-in-picture\" allowfullscreen><\/iframe><\/p>\n<h2>Especificaciones clave de LockD Clips Giratorio<\/h2>\n<h3>Dise\u00f1o de clip aerodin\u00e1mico<\/h3>\n<p>El dise\u00f1o ligero y ergon\u00f3mico del Giro Clips LockD hace que sea f\u00e1cil de manejar para todos los escaladores, independientemente del tama\u00f1o de sus manos. Su delgado perfil permite que tanto ni\u00f1os como adultos lo agarren y manejen con facilidad, mejorando la experiencia general de la escalada. <\/p>\n<h3>Sistema de doble cord\u00f3n<\/h3>\n<p>El sistema integrado de doble cuerda de seguridad garantiza que un clip est\u00e9 siempre bloqueado mientras el otro est\u00e1 abierto, lo que reduce el riesgo de desprendimiento accidental. Esta innovadora caracter\u00edstica garantiza que los escaladores permanezcan conectados a la l\u00ednea de vida en todo momento, proporcionando una seguridad inigualable en los elementos altos y bajos del recorrido. <\/p>\n<h3>Integraci\u00f3n perfecta con los cursos existentes<\/h3>\n<p>LockD Clips Swivel puede integrarse f\u00e1cilmente en los cursos de aventura existentes sin necesidad de una revisi\u00f3n completa. Tanto si actualizas tus clips actuales gradualmente como si lo haces todo de una vez, este sistema se adapta perfectamente a los cursos de BLU, haciendo que las transiciones se realicen sin esfuerzo y de forma rentable. <\/p>\n<h2>Especificaciones completas de Clips giratorios LockD<\/h2>\n<ul>\n<li><strong>Tipo de sistema:<\/strong> Aseguramiento inteligente, doble cord\u00f3n, mecanismo siempre bloqueado<\/li>\n<li><strong>Vida \u00fatil:<\/strong> 3 a\u00f1os de garant\u00eda para las piezas que no se desgastan<\/li>\n<li><strong>Requisito de edad:<\/strong> Utilizable por ni\u00f1os a partir de 6 a\u00f1os<\/li>\n<li><strong>Conformidad:<\/strong> Cumple las normas de seguridad EN15567 Tipo D y EN17109 Tipo D<\/li>\n<li><strong>Mecanismo de llave:<\/strong> Tweezle Llave para bloquear\/desbloquear las pinzas<\/li>\n<li><strong>Peso:<\/strong> Dise\u00f1o ligero y ergon\u00f3mico<\/li>\n<li><strong>Integraci\u00f3n:<\/strong> Sin fisuras con los sistemas BLU existentes<\/li>\n<li><strong>Inspecci\u00f3n y mantenimiento:<\/strong> Inspecci\u00f3n anual in situ, desgaste m\u00ednimo y reparaciones sencillas<\/li>\n<li><strong>Seguridad:<\/strong> Sistema de clip siempre bloqueado para una conexi\u00f3n continua del escalador<\/li>\n<\/ul>\n<p>LockD Clips Giratorio aporta una seguridad, facilidad de uso y rentabilidad inigualables a los operadores de aventura, revolucionando la experiencia de la escalada tanto para participantes como para profesionales.<\/p>\n<p><iframe loading=\"lazy\" title=\"LockD Clips - How they work\" width=\"980\" height=\"551\" src=\"https:\/\/www.youtube.com\/embed\/_MC5FSHDRj0?feature=oembed\" frameborder=\"0\" allow=\"accelerometer; autoplay; clipboard-write; encrypted-media; gyroscope; picture-in-picture\" allowfullscreen><\/iframe><\/p>\n","protected":false},"excerpt":{"rendered":"<p>LockD Clips Giratorio proporciona un sistema de aseguramiento inteligente, aerodin\u00e1mico y siempre bloqueado, que garantiza la m\u00e1xima seguridad para los operadores y participantes en cursos de aventura. F\u00e1cil de usar, mejora el compromiso del escalador y reduce los costes de inspecci\u00f3n. <\/p>\n","protected":false},"featured_media":9655,"template":"","meta":{"_coblocks_attr":"","_coblocks_dimensions":"","_coblocks_responsive_height":"","_coblocks_accordion_ie_support":"","wds_primary_product_brand":0,"wds_primary_product_cat":0},"product_brand":[97],"product_cat":[3,51],"product_tag":[54,55,8],"class_list":{"0":"post-5996","1":"product","2":"type-product","3":"status-publish","4":"has-post-thumbnail","6":"product_brand-lockd-clips-continuous-self-belay-system","7":"product_cat-ropes-course-belay-systems","8":"product_cat-lockd-belay-system","9":"product_tag-continuous-belay","10":"product_tag-ropes-course","11":"product_tag-belay-systems","13":"first","14":"instock","15":"sale","16":"featured","17":"taxable","18":"shipping-taxable","19":"purchasable","20":"product-type-simple"},"_links":{"self":[{"href":"https:\/\/thrillsyndicate.com\/es\/wp-json\/wp\/v2\/product\/5996","targetHints":{"allow":["GET"]}}],"collection":[{"href":"https:\/\/thrillsyndicate.com\/es\/wp-json\/wp\/v2\/product"}],"about":[{"href":"https:\/\/thrillsyndicate.com\/es\/wp-json\/wp\/v2\/types\/product"}],"wp:featuredmedia":[{"embeddable":true,"href":"https:\/\/thrillsyndicate.com\/es\/wp-json\/wp\/v2\/media\/9655"}],"wp:attachment":[{"href":"https:\/\/thrillsyndicate.com\/es\/wp-json\/wp\/v2\/media?parent=5996"}],"wp:term":[{"taxonomy":"product_brand","embeddable":true,"href":"https:\/\/thrillsyndicate.com\/es\/wp-json\/wp\/v2\/product_brand?post=5996"},{"taxonomy":"product_cat","embeddable":true,"href":"https:\/\/thrillsyndicate.com\/es\/wp-json\/wp\/v2\/product_cat?post=5996"},{"taxonomy":"product_tag","embeddable":true,"href":"https:\/\/thrillsyndicate.com\/es\/wp-json\/wp\/v2\/product_tag?post=5996"}],"curies":[{"name":"wp","href":"https:\/\/api.w.org\/{rel}","templated":true}]}}