{"id":5997,"date":"2022-03-24T11:10:02","date_gmt":"2022-03-24T10:10:02","guid":{"rendered":"https:\/\/thrillsyndicate.com\/shop\/edelrida-polea-spoc\/"},"modified":"2025-07-24T14:36:33","modified_gmt":"2025-07-24T12:36:33","slug":"edelrid-spoc-pulley","status":"publish","type":"product","link":"https:\/\/thrillsyndicate.com\/es\/product\/edelrid-spoc-pulley\/","title":{"rendered":"Edelrid | Polea SPOC"},"content":{"rendered":"<p>Ya sea que est\u00e9 escalando en una gran pared o haciendo monta\u00f1ismo a gran altura, el SPOC de EDELRID siempre debe estar con usted. Con solo 60 g, apenas notar\u00e1s el peso extra.<\/p>\n<h2>Especificaciones<\/h2>\n<ul>\n<li>El antirretroceso puede fijarse en posici\u00f3n abierta para utilizar el dispositivo como un simple polea<\/li>\n<li>Di\u00e1metro de la polea: 20 mm<\/li>\n<li>Adecuado para cuerdas con un di\u00e1metro de 7,0 a 11,0 mm, as\u00ed como para EDELRID Rap Line<\/li>\n<li>Poleas con cojinetes de bolas para un alto rendimiento (92%)<\/li>\n<li>Levas para un agarre \u00f3ptimo en cuerdas heladas o embarradas<\/li>\n<li>Resistencia m\u00ednima a la rotura: 15 kN<\/li>\n<li>Certificaci\u00f3n : EN 12278<\/li>\n<li>Certificaci\u00f3n : EN 567<\/li>\n<li>Pa\u00eds de origen : Alemania<\/li>\n<\/ul>\n<p><iframe loading=\"lazy\" title=\"EDELRID SPOC\" width=\"980\" height=\"551\" src=\"https:\/\/www.youtube.com\/embed\/o4SMSyD3Nv0?feature=oembed\" frameborder=\"0\" allow=\"accelerometer; autoplay; clipboard-write; encrypted-media; gyroscope; picture-in-picture\" allowfullscreen><\/iframe><\/p>\n<h3 class=\"western\">\ud83d\udc49 \u00bfEst\u00e1s buscando un art\u00edculo Edelrid espec\u00edfico que no aparece en la tienda? Vendemos toda la gama de productos de aventura, deporte y seguridad. Por favor, <strong><a href=\"https:\/\/thrillsyndicate.com\/es\/contacto\/\">env\u00eda a<\/a><\/strong> un correo electr\u00f3nico o consulta la <strong><a href=\"https:\/\/thrillsyndicate.com\/edelrid-safety-price-list-2025\/\">lista de precios de seguridad aqu\u00ed<\/a><\/strong>. \ud83d\udc48<\/h3>\n","protected":false},"excerpt":{"rendered":"<p>Polea SPOC Edelrid. Ultraligero polea con tope trasero. Dise\u00f1ado para levantar cargas, operaciones de rescate en grietas o como bloqueador de emergencia.<\/p>\n","protected":false},"featured_media":3748,"template":"","meta":{"_coblocks_attr":"","_coblocks_dimensions":"","_coblocks_responsive_height":"","_coblocks_accordion_ie_support":"","wds_primary_product_brand":0,"wds_primary_product_cat":0},"product_brand":[62],"product_cat":[161],"product_tag":[442,588,591,450],"class_list":{"0":"post-5997","1":"product","2":"type-product","3":"status-publish","4":"has-post-thumbnail","6":"product_brand-edelrid","7":"product_cat-pulleys","8":"product_tag-curso-de-cuerdas","9":"product_tag-descenso-y-rescate","10":"product_tag-polea","11":"product_tag-tirolesa","13":"first","14":"instock","15":"taxable","16":"shipping-taxable","17":"purchasable","18":"product-type-simple"},"_links":{"self":[{"href":"https:\/\/thrillsyndicate.com\/es\/wp-json\/wp\/v2\/product\/5997","targetHints":{"allow":["GET"]}}],"collection":[{"href":"https:\/\/thrillsyndicate.com\/es\/wp-json\/wp\/v2\/product"}],"about":[{"href":"https:\/\/thrillsyndicate.com\/es\/wp-json\/wp\/v2\/types\/product"}],"wp:featuredmedia":[{"embeddable":true,"href":"https:\/\/thrillsyndicate.com\/es\/wp-json\/wp\/v2\/media\/3748"}],"wp:attachment":[{"href":"https:\/\/thrillsyndicate.com\/es\/wp-json\/wp\/v2\/media?parent=5997"}],"wp:term":[{"taxonomy":"product_brand","embeddable":true,"href":"https:\/\/thrillsyndicate.com\/es\/wp-json\/wp\/v2\/product_brand?post=5997"},{"taxonomy":"product_cat","embeddable":true,"href":"https:\/\/thrillsyndicate.com\/es\/wp-json\/wp\/v2\/product_cat?post=5997"},{"taxonomy":"product_tag","embeddable":true,"href":"https:\/\/thrillsyndicate.com\/es\/wp-json\/wp\/v2\/product_tag?post=5997"}],"curies":[{"name":"wp","href":"https:\/\/api.w.org\/{rel}","templated":true}]}}