{"id":6017,"date":"2022-03-04T16:33:17","date_gmt":"2022-03-04T15:33:17","guid":{"rendered":"https:\/\/thrillsyndicate.com\/shop\/arnes-de-tirolesa-de-superman\/"},"modified":"2026-04-01T11:41:14","modified_gmt":"2026-04-01T09:41:14","slug":"arnes-tirolesa-superman","status":"publish","type":"product","link":"https:\/\/thrillsyndicate.com\/es\/product\/arnes-tirolesa-superman\/","title":{"rendered":"Arn\u00e9s de tirolesa de Superman"},"content":{"rendered":"<p>Aumente el atractivo y el rendimiento de su atracci\u00f3n a\u00e9rea con el arn\u00e9s <b>de tirolesa Superman<\/b>. Espec\u00edficamente dise\u00f1ado para las rigurosas exigencias de las empresas de aventura, aire libre y atracciones, este arn\u00e9s ofrece una experiencia de vuelo prono sin igual que buscan los pilotos. Su dise\u00f1o se centra en el despliegue r\u00e1pido, la comodidad mejorada del piloto y la durabilidad extrema, lo que contribuye directamente a un mayor volumen y beneficios sostenidos para su instalaci\u00f3n. Invierta en el est\u00e1ndar de oro de la tecnolog\u00eda de <b>arneses de tirolesa<\/b> de alta velocidad, alta emoci\u00f3n y <b>de cabeza<\/b>.   <\/p>\n<h2>Especificaciones completas<\/h2>\n<ul>\n<li><b>Peso del arn\u00e9s:<\/b> El arn\u00e9s SAR Skywire Superman pesa 3 kg<\/li>\n<li><b>Rango de pesos:<\/b> 30 kg m\u00ednimo &#8211; 200 kg m\u00e1ximo<\/li>\n<li><b>Tallas:<\/b> Cuatro tallas disponibles (XS\/S\/M\/L\/XL), por encargo (no se mantiene en stock).<\/li>\n<li><b>Plazo de entrega:<\/b> de 8 a 10 semanas a partir del pedido; haga su pedido con tiempo suficiente para la temporada.<\/li>\n<li><b>Confort del piloto:<\/b> Soporte de piernas y espalda para un confort sostenido durante toda la duraci\u00f3n del vuelo<\/li>\n<li><b>Cinchas y correas:<\/b> Correas integrales mejoradas para simplificar el ajuste<\/li>\n<li><strong>Conectores:<\/strong> Aconsejamos utilizar 3 Mosquetones <a href=\"https:\/\/thrillsyndicate.com\/shop\/edelrid-steel-hms-triple-carabiner\/\">TRIPLE Edelrid STEEL HMS<\/a> (No incluidos)<\/li>\n<li><b>Hebillas:<\/b> Hebillas de alta resistencia y ajuste r\u00e1pido.<\/li>\n<li><b>Sistema de fijaci\u00f3n:<\/b> Brida de montaje cosida para la fijaci\u00f3n directa a un Poleas de conexi\u00f3n de 3 puntos (por ejemplo, Poleas ISC ZipSpeed).<\/li>\n<li><b>Comodidad:<\/b> Bolsillo para el m\u00f3vil con cierre de velcro<\/li>\n<li><b>Mantenimiento:<\/b> Larga vida \u00fatil, f\u00e1cil de limpiar y muy bajo mantenimiento.<\/li>\n<\/ul>\n<p><iframe loading=\"lazy\" title=\"New Superman Zipline Harness 2025\" width=\"980\" height=\"551\" src=\"https:\/\/www.youtube.com\/embed\/hOOVL87vlSY?feature=oembed\" frameborder=\"0\" allow=\"accelerometer; autoplay; clipboard-write; encrypted-media; gyroscope; picture-in-picture; web-share\" referrerpolicy=\"strict-origin-when-cross-origin\" allowfullscreen><\/iframe><\/p>\n<h3>Optimizar el rendimiento con un dise\u00f1o de ajuste r\u00e1pido<\/h3>\n<p>La eficacia operativa es la piedra angular de un parque de aventuras rentable, y este <b>equipo de tirolesa comercial<\/b> est\u00e1 dise\u00f1ado para conseguirlo. El <strong>arn\u00e9s<\/strong> SAR Skywire <strong>Superman<\/strong> cuenta con hebillas exclusivas de ajuste r\u00e1pido y una brida de montaje integrada que permite una sujeci\u00f3n excepcionalmente r\u00e1pida de los Poleas. Los voladores pueden prepararse y fijarse seg\u00fan llegan a la cubierta de despegue, lo que reduce dr\u00e1sticamente los tiempos de cambio entre atracciones. Este sistema de preparaci\u00f3n y liberaci\u00f3n sistem\u00e1ticamente r\u00e1pido, combinado con unas correas de seguridad f\u00e1ciles de poner y quitar, se traduce directamente en un mayor volumen operativo y mayores ingresos durante las horas punta.   <\/p>\n<h3>Ventaja t\u00e9cnica: Longevidad y comodidad modulares<\/h3>\n<p>El nuevo dise\u00f1o del arn\u00e9s <b>de tirolesa en dec\u00fabito prono<\/b> se ha dise\u00f1ado pensando en la longevidad. A diferencia de los dise\u00f1os de un solo uso, el nuevo modelo incorpora un sistema de elementos de amarre completamente intercambiables, lo que garantiza que todos los componentes principales puedan sustituirse o actualizarse cuando sea necesario, alargando la vida \u00fatil del arn\u00e9s y protegiendo su inversi\u00f3n inicial. Su construcci\u00f3n ligera (3 kg) se combina con una sujeci\u00f3n superior de la espalda y las piernas para ofrecer comodidad incluso en los recorridos de <b>tirolesa<\/b> m\u00e1s largos y <b>de mayor adrenalina<\/b>. Adem\u00e1s, las hebillas de alta resistencia y ajuste r\u00e1pido y las correas mejoradas facilitan el ajuste y la sujeci\u00f3n de los usuarios, lo que garantiza la m\u00e1xima seguridad y satisfacci\u00f3n de los participantes, un componente clave para la repetici\u00f3n de negocios en el sector de <b>los equipos de tirolesa para parques de aventura<\/b>.   <\/p>\n<h2>Preguntas y respuestas: Respuestas a sus dudas operativas<\/h2>\n<ul>\n<li><b>P: \u00bfCu\u00e1l es el plazo de entrega habitual de un nuevo pedido del arn\u00e9s Superman para tirolesa?<\/b>\n<ul>\n<li><b>R:<\/b> El plazo de entrega es de entre 8 y 10 semanas a partir de la realizaci\u00f3n del pedido, ya que estos arneses se fabrican bajo pedido. Recomendamos encarecidamente realizar el pedido con suficiente antelaci\u00f3n a la temporada de explotaci\u00f3n. <\/li>\n<\/ul>\n<\/li>\n<li><b>P: \u00bfEs el arn\u00e9s Superman para tirolesa un producto de talla \u00fanica?<\/b>\n<ul>\n<li><b>R:<\/b> Aunque es muy ajustable a casi cualquier tipo de cuerpo, el arn\u00e9s est\u00e1 disponible en cinco tallas (XS\/S\/M\/L\/XL) para un ajuste \u00f3ptimo. Se fabrican por encargo, lo que garantiza la precisi\u00f3n para tus necesidades operativas espec\u00edficas. <\/li>\n<\/ul>\n<\/li>\n<li><b>P: \u00bfQu\u00e9 otros equipos se necesitan para este sistema de arn\u00e9s?<\/b>\n<ul>\n<li><b>R:<\/b> Este arn\u00e9s debe utilizarse junto con una Polea de conexi\u00f3n de 3 puntos, como las Poleas ISC ZipSpeed, para obtener un sistema de vuelo completo y seguro.<\/li>\n<\/ul>\n<\/li>\n<li><b>P: \u00bfC\u00f3mo mejora este dise\u00f1o la velocidad operativa y el rendimiento?<\/b>\n<ul>\n<li><b>R:<\/b> El sistema cuenta con un enganche r\u00e1pido \u00fanico de Poleas, ajustes m\u00e1s r\u00e1pidos de las correas y correas f\u00e1ciles de poner y quitar, lo que permite un procesamiento r\u00e1pido de los volantes y un aumento significativo de su capacidad.<\/li>\n<\/ul>\n<\/li>\n<li><b>P: \u00bfSe pueden sustituir los componentes del arn\u00e9s para su mantenimiento?<\/b>\n<ul>\n<li><b>R:<\/b> S\u00ed, el arn\u00e9s est\u00e1 dise\u00f1ado para un mantenimiento modular. Tanto la brida de montaje cosida como el sistema de eslingas son intercambiables, lo que permite sustituir y actualizar los componentes. <\/li>\n<\/ul>\n<\/li>\n<\/ul>\n","protected":false},"excerpt":{"rendered":"<p>Ofrezca la mejor experiencia de &#8220;vuelo&#8221; de alta adrenalina en l\u00edneas largas y r\u00e1pidas con el nuevo y redise\u00f1ado <b>arn\u00e9s Superman para tirolesa<\/b>. Este avanzado sistema est\u00e1 dise\u00f1ado para operaciones profesionales de tirolesa comercial, maximizando la seguridad y la eficiencia operativa. <\/p>\n","protected":false},"featured_media":20905,"template":"","meta":{"_coblocks_attr":"","_coblocks_dimensions":"","_coblocks_responsive_height":"","_coblocks_accordion_ie_support":"","wds_primary_product_brand":0,"wds_primary_product_cat":0},"product_brand":[662],"product_cat":[605],"product_tag":[576,607,581,450],"class_list":{"0":"post-6017","1":"product","2":"type-product","3":"status-publish","4":"has-post-thumbnail","6":"product_brand-thrill-syndicate-es","7":"product_cat-arneses-de-tirolesa","8":"product_tag-arnes-de-cuerpo-entero","9":"product_tag-arnes-tirolesa","10":"product_tag-epp","11":"product_tag-tirolesa","13":"first","14":"instock","15":"taxable","16":"shipping-taxable","17":"purchasable","18":"product-type-variable"},"_links":{"self":[{"href":"https:\/\/thrillsyndicate.com\/es\/wp-json\/wp\/v2\/product\/6017","targetHints":{"allow":["GET"]}}],"collection":[{"href":"https:\/\/thrillsyndicate.com\/es\/wp-json\/wp\/v2\/product"}],"about":[{"href":"https:\/\/thrillsyndicate.com\/es\/wp-json\/wp\/v2\/types\/product"}],"wp:featuredmedia":[{"embeddable":true,"href":"https:\/\/thrillsyndicate.com\/es\/wp-json\/wp\/v2\/media\/20905"}],"wp:attachment":[{"href":"https:\/\/thrillsyndicate.com\/es\/wp-json\/wp\/v2\/media?parent=6017"}],"wp:term":[{"taxonomy":"product_brand","embeddable":true,"href":"https:\/\/thrillsyndicate.com\/es\/wp-json\/wp\/v2\/product_brand?post=6017"},{"taxonomy":"product_cat","embeddable":true,"href":"https:\/\/thrillsyndicate.com\/es\/wp-json\/wp\/v2\/product_cat?post=6017"},{"taxonomy":"product_tag","embeddable":true,"href":"https:\/\/thrillsyndicate.com\/es\/wp-json\/wp\/v2\/product_tag?post=6017"}],"curies":[{"name":"wp","href":"https:\/\/api.w.org\/{rel}","templated":true}]}}