{"id":6020,"date":"2022-03-14T11:51:37","date_gmt":"2022-03-14T10:51:37","guid":{"rendered":"https:\/\/thrillsyndicate.com\/shop\/descenso-seguro-edelrid-105mm-dispositivo-de-descenso-y-rescate\/"},"modified":"2025-07-17T18:04:18","modified_gmt":"2025-07-17T16:04:18","slug":"edelrid-safe-descent","status":"publish","type":"product","link":"https:\/\/thrillsyndicate.com\/es\/product\/edelrid-safe-descent\/","title":{"rendered":"Edelrid Descenso Seguro 9,8mm | Dispositivo de Descenso y Rescate"},"content":{"rendered":"<div class=\"container py-4 py-lg-0\">\n<div class=\"row\">\n<div class=\"col-sm-12 col-lg-12 mx-auto text-justify text-center\">\n<p>El SAFE DESCENT es un innovador sistema de descenso y rescate. La funci\u00f3n de cabrestante integrada, que incluye un tope trasero autoblocante, se puede usar manualmente en cualquier momento y permite el rescate r\u00e1pido y seguro de v\u00edctimas de accidentes en caso de emergencia. Por ello, el SAFE DESCENT es apto para su uso en todas las instalaciones, incluidos los aerogeneradores y los curso de cuerdas forestales altas. El <a href=\"https:\/\/thrillsyndicate.com\/es\/shop\/dispositivo-de-rescate-edelrid-safe-descent-pro-descent\/\">SAFE DESCENT PRO<\/a> tambi\u00e9n se puede utilizar como dispositivo de trabajo, de acuerdo con la Directiva de maquinaria 2006\/42\/EC, y por lo tanto es aceptable para su uso en tramos de cuerda m\u00e1s largos durante las operaciones de acceso por cuerda.<\/p>\n<\/div>\n<\/div>\n<\/div>\n<div class=\"py-2 py-sm-5 bgcolor\">\n<div class=\"container\">\n<div class=\"row py-2 text-justify\">\n<div class=\"col-12\">\n<h2 class=\"mb-2 mb-lg-0\">DESCENSO SEGURO<\/h2>\n<\/div>\n<div class=\"col-sm-12 col-lg-12 column-2\">\n<p>El Safe Descent es un innovador dispositivo de descenso y rescate con funci\u00f3n de cabrestante, ideal para uso prolongado en parques de aventura y centros de entrenamiento. La combinaci\u00f3n del tope trasero patentado y el volante hace que sea r\u00e1pido y f\u00e1cil rescatar a las v\u00edctimas de accidentes. La funci\u00f3n de cabrestante permite aliviar la tensi\u00f3n en la cadena de seguridad y transferir fuerzas al descenso seguro para permitir un descenso seguro.<\/p>\n<figure id=\"attachment_903\" aria-describedby=\"caption-attachment-903\" style=\"width: 1250px\" class=\"wp-caption aligncenter\"><img loading=\"lazy\" decoding=\"async\" class=\"size-full wp-image-903\" src=\"https:\/\/thrillsyndicate.com\/wp-content\/uploads\/2022\/03\/ED_Microsite_Safe-descent_Details01EN.jpg\" alt=\"El Edelrid Safe Descent es un innovador dispositivo de descenso y rescate\" width=\"1250\" height=\"650\" srcset=\"https:\/\/thrillsyndicate.com\/wp-content\/uploads\/2022\/03\/ED_Microsite_Safe-descent_Details01EN.jpg 1250w, https:\/\/thrillsyndicate.com\/wp-content\/uploads\/2022\/03\/ED_Microsite_Safe-descent_Details01EN-458x238.jpg 458w, https:\/\/thrillsyndicate.com\/wp-content\/uploads\/2022\/03\/ED_Microsite_Safe-descent_Details01EN-300x156.jpg 300w, https:\/\/thrillsyndicate.com\/wp-content\/uploads\/2022\/03\/ED_Microsite_Safe-descent_Details01EN-1024x532.jpg 1024w, https:\/\/thrillsyndicate.com\/wp-content\/uploads\/2022\/03\/ED_Microsite_Safe-descent_Details01EN-768x399.jpg 768w, https:\/\/thrillsyndicate.com\/wp-content\/uploads\/2022\/03\/ED_Microsite_Safe-descent_Details01EN-100x52.jpg 100w\" sizes=\"auto, (max-width: 1250px) 100vw, 1250px\" \/><figcaption id=\"caption-attachment-903\" class=\"wp-caption-text\">El Safe Descent es un innovador dispositivo de descenso y rescate con funci\u00f3n de cabrestante, ideal para uso prolongado en parques de aventura y centros de entrenamiento.<\/figcaption><\/figure>\n<p>&nbsp;<\/p>\n<\/div>\n<\/div>\n<\/div>\n<\/div>\n<div id=\"prod-produktinfos\">\n<h2 class=\"prodheadline\">INFORMACI\u00d3N DEL PRODUCTO<\/h2>\n<ul>\n<li>Tope trasero autom\u00e1tico (sistema de trinquete) para un drenaje seguro<\/li>\n<li>Aprobado para ocupaci\u00f3n doble<\/li>\n<li>Deslice el embrague contra el funcionamiento incorrecto<\/li>\n<li>Premontado con cuerda kernmantel de 10,5 mm con conexiones finales certificadas y c\u00f3digo de color en los extremos de la cuerda<\/li>\n<li>Mochila opcional para guardar y transportar disponible<a href=\"https:\/\/thrillsyndicate.com\/shop\/edelrid-canyoneer-bag-45-liter\/\">(Canyoneer Bag 45<\/a>)<\/li>\n<li>La funci\u00f3n de cabrestante es posible con trinquete telesc\u00f3pico o volante<\/li>\n<li>Se puede alimentar con un taladro inal\u00e1mbrico<\/li>\n<li>2 mosquetones de acero DSG cosidos con mecanismo de apriete de palma en las terminaciones<\/li>\n<li>1 mosquet\u00f3n Triple Lock con Swivel integrado para suspender el dispositivo<\/li>\n<li>trinquete, broca y portabrocas incluidos<\/li>\n<\/ul>\n<\/div>\n<div id=\"prod-details\">\n<h2 class=\"prodheadline\">INFORMACI\u00d3N T\u00c9CNICA<\/h2>\n<ul>\n<li>m\u00e1x. distancia de descenso [m]: 160<\/li>\n<li>m\u00e1x. peso del usuario[kg] : 200<\/li>\n<li>Di\u00e1metro de cuerda homologado [mm]: 9,8<\/li>\n<li>Pa\u00eds de origen: Alemania<\/li>\n<li>Certificaci\u00f3n: EN 341: 2011 \/1A (100kg) 1B (200kg), EN 1496: 2006 \/ B<\/li>\n<\/ul>\n<p><iframe loading=\"lazy\" title=\"Edelrid Safe Descent\" width=\"980\" height=\"551\" src=\"https:\/\/www.youtube.com\/embed\/vkxQMkfBa5g?feature=oembed\" frameborder=\"0\" allow=\"accelerometer; autoplay; clipboard-write; encrypted-media; gyroscope; picture-in-picture\" allowfullscreen><\/iframe><\/p>\n<h3 class=\"western\">\ud83d\udc49 \u00bfEst\u00e1s buscando un art\u00edculo Edelrid espec\u00edfico que no aparece en la tienda? Vendemos toda la gama de productos de aventura, deporte y seguridad. Por favor, <strong><a href=\"https:\/\/thrillsyndicate.com\/es\/contacto\/\">env\u00eda a<\/a><\/strong> un correo electr\u00f3nico o consulta la <strong><a href=\"https:\/\/thrillsyndicate.com\/edelrid-safety-price-list-2025\/\">lista de precios de seguridad aqu\u00ed<\/a><\/strong>. \ud83d\udc48<\/h3>\n<\/div>\n","protected":false},"excerpt":{"rendered":"<p>El Edelrid Safe Descent es un innovador dispositivo de descenso y rescate con funci\u00f3n de cabrestante, ideal para uso prolongado en parques de aventura y centros de entrenamiento. La combinaci\u00f3n del tope trasero patentado y el volante hace que sea r\u00e1pido y f\u00e1cil rescatar a las v\u00edctimas de accidentes. La funci\u00f3n de cabrestante permite aliviar la tensi\u00f3n en la cadena de seguridad y transferir fuerzas al descenso seguro para permitir un descenso seguro.<\/p>\n","protected":false},"featured_media":15044,"template":"","meta":{"_coblocks_attr":"","_coblocks_dimensions":"","_coblocks_responsive_height":"","_coblocks_accordion_ie_support":"","wds_primary_product_brand":0,"wds_primary_product_cat":0},"product_brand":[62],"product_cat":[92,840],"product_tag":[442,588,905],"class_list":{"0":"post-6020","1":"product","2":"type-product","3":"status-publish","4":"has-post-thumbnail","6":"product_brand-edelrid","7":"product_cat-descent-rescue-devices","8":"product_cat-descenders","9":"product_tag-curso-de-cuerdas","10":"product_tag-descenso-y-rescate","11":"product_tag-descensores","13":"first","14":"instock","15":"taxable","16":"shipping-taxable","17":"purchasable","18":"product-type-variable","19":"has-default-attributes"},"_links":{"self":[{"href":"https:\/\/thrillsyndicate.com\/es\/wp-json\/wp\/v2\/product\/6020","targetHints":{"allow":["GET"]}}],"collection":[{"href":"https:\/\/thrillsyndicate.com\/es\/wp-json\/wp\/v2\/product"}],"about":[{"href":"https:\/\/thrillsyndicate.com\/es\/wp-json\/wp\/v2\/types\/product"}],"wp:featuredmedia":[{"embeddable":true,"href":"https:\/\/thrillsyndicate.com\/es\/wp-json\/wp\/v2\/media\/15044"}],"wp:attachment":[{"href":"https:\/\/thrillsyndicate.com\/es\/wp-json\/wp\/v2\/media?parent=6020"}],"wp:term":[{"taxonomy":"product_brand","embeddable":true,"href":"https:\/\/thrillsyndicate.com\/es\/wp-json\/wp\/v2\/product_brand?post=6020"},{"taxonomy":"product_cat","embeddable":true,"href":"https:\/\/thrillsyndicate.com\/es\/wp-json\/wp\/v2\/product_cat?post=6020"},{"taxonomy":"product_tag","embeddable":true,"href":"https:\/\/thrillsyndicate.com\/es\/wp-json\/wp\/v2\/product_tag?post=6020"}],"curies":[{"name":"wp","href":"https:\/\/api.w.org\/{rel}","templated":true}]}}