{"id":6035,"date":"2022-03-08T13:39:01","date_gmt":"2022-03-08T12:39:01","guid":{"rendered":"https:\/\/thrillsyndicate.com\/shop\/carro-de-tirolesa-magnetica-autofrenante\/"},"modified":"2026-04-01T11:41:11","modified_gmt":"2026-04-01T09:41:11","slug":"polea-de-freno-magnetico","status":"publish","type":"product","link":"https:\/\/thrillsyndicate.com\/es\/product\/polea-de-freno-magnetico\/","title":{"rendered":"Polea de tirolesa magn\u00e9tica autofrenante"},"content":{"rendered":"<p>El Polea con freno magn\u00e9tico utiliza la tecnolog\u00eda de corrientes de Foucault (magn\u00e9ticas) para frenar a los usuarios de la tirolina de forma segura y consistente, seg\u00fan la velocidad del usuario.<\/p>\n<p>La polea de freno magn\u00e9tico est\u00e1 equipada con un potente freno magn\u00e9tico integrado y ajustable de forma incremental. El freno de corrientes de Foucault integrado significa que podemos reducir la velocidad del ciclista a una velocidad manejable sin fricci\u00f3n, calor o desgaste en el cable. Por lo tanto, reduce en gran medida el mantenimiento necesario para los cables de tirolesa y el Polea tambi\u00e9n.<\/p>\n<h2>Regulaci\u00f3n de velocidad y Frenado Seguro con Tirolina<\/h2>\n<p>Nuestra polea de tirolina autofrenante resuelve los principales problemas de seguridad en torno a la situaci\u00f3n de frenado controlado y seguro al final de los recorridos de tirolina de alta velocidad.<\/p>\n<p>Dise\u00f1ado especialmente para tirolinas empinadas, largas y r\u00e1pidas, el MAG Brake Trolley permite el desarrollo de tirolinas de larga distancia sin una zona de frenado compleja. Con eso, dejamos la menor huella ambiental posible, al eliminar construcciones costosas y de alto mantenimiento. Con su sistema de frenado interno, la polea de tirolesa MAG Brake es capaz de manejar una reducci\u00f3n de velocidad de hasta un 35%.<\/p>\n<p>Todos los corredores, independientemente de su peso y\/o condiciones clim\u00e1ticas (viento), llegar\u00e1n a la misma velocidad, lo que permitir\u00e1 una situaci\u00f3n de frenado segura y controlada.<\/p>\n<h3>Tecnolog\u00eda probada<\/h3>\n<p>Utilizamos la tecnolog\u00eda comprobada de frenos Eddy Current, que es extremadamente confiable, suave y de bajo mantenimiento. El frenado magn\u00e9tico no tiene fricci\u00f3n y no tiene partes en contacto. La tecnolog\u00eda Eddy Current est\u00e1 totalmente probada y se utiliza en muchas aplicaciones cr\u00edticas. Nuestra polea de tirolina con freno autom\u00e1tico es, por lo tanto, una de las poleas de freno m\u00e1s seguras disponibles en el mercado para tirolesas comerciales de alto nivel con pendientes de hasta el 25 % y velocidades de hasta 140 km\/h.<\/p>\n<h3>Configuraciones de polea de freno MAG<\/h3>\n<p><strong>Reducci\u00f3n de velocidad: <\/strong><\/p>\n<ul>\n<li>La reducci\u00f3n se configura seg\u00fan el perfil de la tirolesa.<\/li>\n<\/ul>\n<p><strong>Opciones de Polea: <\/strong><\/p>\n<ul>\n<li>Mecanismo de enganche para sistemas de frenado de tirolesa l\u00ednea ZipSTOP<\/li>\n<li>Distintas configuraciones para arneses espec\u00edficos<\/li>\n<li>Configuraciones de c\u00e1mara de video de acci\u00f3n<\/li>\n<li>marca personal de la empresa<\/li>\n<\/ul>\n<h2>Especificaciones<\/h2>\n<table>\n<tbody>\n<tr>\n<td>Cuerpo:<\/td>\n<td>Cuerpo de aluminio<\/td>\n<\/tr>\n<tr>\n<td>Tipo de frenado:<\/td>\n<td>Freno magn\u00e9tico de corrientes de Foucault<\/td>\n<\/tr>\n<tr>\n<td>Velocidad m\u00e1xima<\/td>\n<td>140 km\/h<\/td>\n<\/tr>\n<tr>\n<td>Opciones de tama\u00f1o de cable:<\/td>\n<td>De 10 mm a 18 mm de di\u00e1metro de cable<\/td>\n<\/tr>\n<tr>\n<td>Gama de grados del cable:<\/td>\n<td>4% &#8211; 25%<\/td>\n<\/tr>\n<tr>\n<td>Rango de peso del piloto:<\/td>\n<td>25 &#8211; 125 kg (275 lbs)<\/td>\n<\/tr>\n<tr>\n<td>Peso de la Polea:<\/td>\n<td>5,6 kg (configuraci\u00f3n m\u00e1xima)<\/td>\n<\/tr>\n<tr>\n<td>Compatibilidad del arn\u00e9s:<\/td>\n<td>Asiento o Arn\u00e9s Superman<\/td>\n<\/tr>\n<tr>\n<td>Conformidad \/ Normas:<\/td>\n<td>NEN-EN 12278:2007 (pendiente)<br \/>\nNEN-EN 17109:2019 (pendiente)<\/td>\n<\/tr>\n<\/tbody>\n<\/table>\n<h2>Informaci\u00f3n de expertos sobre la tecnolog\u00eda Zipline<\/h2>\n<p>\u00bfEst\u00e1 interesado en leer m\u00e1s sobre la tecnolog\u00eda Zipline y las opiniones de los expertos?<\/p>\n<ul>\n<li><a href=\"https:\/\/thrillsyndicate.com\/es\/zip-line-design-components-for-a-complete-system\/\">Dise\u00f1o de tirolesas: componentes para un sistema completo<\/a><\/li>\n<li><a href=\"https:\/\/thrillsyndicate.com\/es\/los-errores-que-no-saben-que-estan-haciendo\/\">9 errores de tirolesa que no sabes que est\u00e1s cometiendo<\/a><\/li>\n<li><a href=\"https:\/\/thrillsyndicate.com\/es\/ventajas-y-desventajas-de-los-diferentes-frenos-de-linea-de-cierre\/\">Pros y contras de los diferentes frenos de tirolesa<\/a><\/li>\n<li><a href=\"https:\/\/thrillsyndicate.com\/es\/expert-tips-for-zip-line-brake-installations\/\">Consejos de expertos para instalaciones de frenos de tirolesas<\/a><\/li>\n<li><a href=\"https:\/\/thrillsyndicate.com\/blog\/white-paper-on-zipline-emergency-arrest-devices-ead\/\">Libro blanco sobre los dispositivos de detenci\u00f3n de emergencia (EAD) de Zipline<\/a><\/li>\n<li><a href=\"https:\/\/thrillsyndicate.com\/blog\/does-your-zip-line-need-an-emergency-arrest-device\/\">\u00bfTu tirolina necesita un dispositivo de detenci\u00f3n de emergencia?<\/a><\/li>\n<li><a href=\"https:\/\/thrillsyndicate.com\/the-magnetic-self-braking-zipline-pulley\/\">MAG Brake Trolley, la polea Zipline Autofrenante Magn\u00e9tica<\/a><\/li>\n<li><a href=\"https:\/\/thrillsyndicate.com\/blog\/the-science-of-eddy-current-magnetic-braking\/\">La ciencia del frenado magn\u00e9tico por corrientes de Foucault<\/a><\/li>\n<li><a href=\"https:\/\/thrillsyndicate.com\/blog\/all-about-bearings-why-zip-line-trolley-bearings-matter\/\">\u00bfPor qu\u00e9 son importantes los rodamientos del Polea Zip Line?<\/a><\/li>\n<li><a href=\"https:\/\/thrillsyndicate.com\/es\/whitepaper-zipline-braking-dynamics\/\">Whitepaper: Din\u00e1mica de frenado de tirolesa<\/a><\/li>\n<li><a href=\"https:\/\/thrillsyndicate.com\/blog\/zip-line-installation-give-them-the-best-ride\/\">Instalaci\u00f3n de tirolesa: br\u00edndeles el mejor viaje<\/a><\/li>\n<\/ul>\n","protected":false},"excerpt":{"rendered":"<p>El Polea con Freno MAG es una polea autofrenante tirolesa con un sistema de freno magn\u00e9tico seguro y consistente. Dise\u00f1ado para recorridos de tirolina de alta velocidad, ofrece una experiencia de tirolina sin fricci\u00f3n y de bajo mantenimiento.<\/p>\n","protected":false},"featured_media":2542,"template":"","meta":{"_coblocks_attr":"","_coblocks_dimensions":"","_coblocks_responsive_height":"","_coblocks_accordion_ie_support":"","wds_primary_product_brand":0,"wds_primary_product_cat":0},"product_brand":[70],"product_cat":[28,68],"product_tag":[30,37,36],"class_list":{"0":"post-6035","1":"product","2":"type-product","3":"status-publish","4":"has-post-thumbnail","6":"product_brand-thrill-syndicate","7":"product_cat-zipwire-braking-systems","8":"product_cat-zipline-trolleys","9":"product_tag-zipline-brake","10":"product_tag-zipline-trolley","11":"product_tag-zipline","13":"first","14":"instock","15":"taxable","16":"shipping-taxable","17":"purchasable","18":"product-type-simple"},"_links":{"self":[{"href":"https:\/\/thrillsyndicate.com\/es\/wp-json\/wp\/v2\/product\/6035","targetHints":{"allow":["GET"]}}],"collection":[{"href":"https:\/\/thrillsyndicate.com\/es\/wp-json\/wp\/v2\/product"}],"about":[{"href":"https:\/\/thrillsyndicate.com\/es\/wp-json\/wp\/v2\/types\/product"}],"wp:featuredmedia":[{"embeddable":true,"href":"https:\/\/thrillsyndicate.com\/es\/wp-json\/wp\/v2\/media\/2542"}],"wp:attachment":[{"href":"https:\/\/thrillsyndicate.com\/es\/wp-json\/wp\/v2\/media?parent=6035"}],"wp:term":[{"taxonomy":"product_brand","embeddable":true,"href":"https:\/\/thrillsyndicate.com\/es\/wp-json\/wp\/v2\/product_brand?post=6035"},{"taxonomy":"product_cat","embeddable":true,"href":"https:\/\/thrillsyndicate.com\/es\/wp-json\/wp\/v2\/product_cat?post=6035"},{"taxonomy":"product_tag","embeddable":true,"href":"https:\/\/thrillsyndicate.com\/es\/wp-json\/wp\/v2\/product_tag?post=6035"}],"curies":[{"name":"wp","href":"https:\/\/api.w.org\/{rel}","templated":true}]}}