{"id":6052,"date":"2022-04-11T15:30:59","date_gmt":"2022-04-11T13:30:59","guid":{"rendered":"https:\/\/thrillsyndicate.com\/shop\/carro-isc-zipspeed-l\/"},"modified":"2025-08-30T13:57:08","modified_gmt":"2025-08-30T11:57:08","slug":"isc-zipspeed-l-carro","status":"publish","type":"product","link":"https:\/\/thrillsyndicate.com\/es\/product\/isc-zipspeed-l-carro\/","title":{"rendered":"Polea ISC ZipSpeed-L"},"content":{"rendered":"<p>El Carro ISC ZipSpeed-L representa la c\u00faspide de la innovaci\u00f3n en carros de tirolesa, dise\u00f1ado para tirolesas medianas y largas. Fabricado con aluminio de calidad aeroespacial y equipado con rodamientos de bolas de ranura profunda, este Poleas garantiza un rendimiento de alta velocidad con una fricci\u00f3n m\u00ednima. Los operadores profesionales de los sectores de la aventura, las actividades al aire libre, la diversi\u00f3n y el ocio encontrar\u00e1n en el Polea ZipSpeed-L un complemento esencial para su equipamiento.  <\/p>\n<h2>Ventajas de la Polea ISC ZipSpeed-L<\/h2>\n<p><strong>Durabilidad superior con materiales de grado aeroespacial<\/strong>: El Polea ISC ZipSpeed-L cuenta con placas laterales fabricadas con aluminio de grado aeroespacial 7075, que minimizan la flexi\u00f3n y proporcionan una resistencia superior al desgaste. Esto garantiza que el Polea siga siendo ligero sin comprometer su durabilidad, lo que lo hace perfecto para un uso frecuente en recorridos exigentes de tirolesa. <\/p>\n<p><strong>Rendimiento<\/strong> de <strong>alta velocidad<\/strong> y <strong>baja fricci\u00f3n<\/strong>: Equipado con rodamientos especiales de bolas de ranura profunda sellados con goma, el Polea ZipSpeed-L ofrece un rendimiento \u00f3ptimo a alta velocidad con baja fricci\u00f3n. Estos cojinetes retienen el lubricante de grasa y protegen contra la humedad y los contaminantes, alargando la vida \u00fatil de la Polea a varios miles de kil\u00f3metros. <\/p>\n<p><strong>Mayor seguridad y flexibilidad<\/strong>: La Polea ZipSpeed-L viene con m\u00faltiples opciones de enganche, incluida una gran abertura central para varios mosquetones y mosquetones, y una abertura trasera para un elemento de amarre secundario. El amortiguador de goma reemplazable absorbe las cargas de impacto al final del recorrido, mejorando la seguridad y reduciendo el desgaste de la Polea. <\/p>\n<h2>Especificaciones principales de la Polea ISC ZipSpeed-L<\/h2>\n<p><strong>Construcci\u00f3n robusta para cargas elevadas<\/strong>: La Polea ZipSpeed-L tiene una resistencia m\u00ednima a la rotura (MBS) de 40 kN (8992 lbf), lo que garantiza que puede soportar cargas importantes con seguridad. Las ruedas de acero inoxidable y el acabado anodizado de la carrocer\u00eda contribuyen a\u00fan m\u00e1s a su robustez, convirti\u00e9ndolo en una elecci\u00f3n fiable para los operadores profesionales de tirolinas. <\/p>\n<p><strong>Dise\u00f1o ligero<\/strong>: Con un peso de s\u00f3lo 1793 gramos (63 onzas), la Polea ISC ZipSpeed-L est\u00e1 dise\u00f1ada para ser ligera sin sacrificar resistencia ni durabilidad. Esto hace que sea f\u00e1cil de manejar e instalar, reduciendo la fatiga de los operarios durante la instalaci\u00f3n y el mantenimiento. <\/p>\n<p><strong>Compatibilidad vers\u00e1til de cables<\/strong>: La Polea ISC ZipSpeed-L est\u00e1 disponible en distintos modelos para adaptarse a varios di\u00e1metros de cable:<\/p>\n<ul>\n<li><strong>RP076A1<\/strong>: Adecuado para alambre de 13 mm<\/li>\n<li><strong>RP076B1<\/strong>: Adecuado para cable de 16 mm<\/li>\n<li><strong>RP076G1<\/strong>: Adecuado para alambre de 20 mm, ideal para utilizar con cable DELTEX<\/li>\n<li><strong>RP076B-NR<\/strong>: Poleas de reducci\u00f3n de ruido, con ruedas especiales de nailon<\/li>\n<\/ul>\n<h3>Especificaciones completas<\/h3>\n<ul>\n<li><strong>C\u00f3digos de pieza<\/strong>: RP076A1, RP076B1, RP076G1<\/li>\n<li><strong>Di\u00e1metro de la rueda<\/strong>: 75 mm (3&#8243;)<\/li>\n<li><strong>Resistencia m\u00ednima a la rotura (kN)<\/strong>: 40<\/li>\n<li><strong>Resistencia m\u00ednima a la rotura (lbf)<\/strong>: 8992<\/li>\n<li><strong>EZYiD<\/strong>: Disponible previa petici\u00f3n<\/li>\n<li><strong>Material de la rueda<\/strong>: Acero inoxidable<\/li>\n<li><strong>Acabado del cuerpo<\/strong>: Anodizado<\/li>\n<li><strong>Peso<\/strong>: 1793 gramos (63 onzas)<\/li>\n<li><strong>Puntos de fijaci\u00f3n<\/strong>: Gran abertura central, abertura trasera, peque\u00f1o orificio central para barra\/mango accesorio<\/li>\n<li><strong>Tope de freno<\/strong>: Tope de freno de goma reemplazable, pol\u00edmero resistente a los impactos para los topes de los extremos<\/li>\n<\/ul>\n<p>El Carro ISC ZipSpeed-L es la elecci\u00f3n ideal para los operadores profesionales de tirolinas que buscan alto rendimiento, durabilidad y seguridad. Invierte en este carro de \u00faltima generaci\u00f3n para elevar tus atracciones de tirolesa y proporcionar una experiencia inolvidable a tus visitantes. \u00a1Haz tu pedido ahora y lleva tus operaciones tirolesas al siguiente nivel!  <\/p>\n<p><iframe loading=\"lazy\" title=\"The ISC ZipSpeed L Trolley at Far and Wide Zimbabwe\" width=\"980\" height=\"551\" src=\"https:\/\/www.youtube.com\/embed\/IA3ue1zCh9k?feature=oembed\" frameborder=\"0\" allow=\"accelerometer; autoplay; clipboard-write; encrypted-media; gyroscope; picture-in-picture\" allowfullscreen><\/iframe><\/p>\n<p><img loading=\"lazy\" decoding=\"async\" class=\"alignnone size-full wp-image-1902\" src=\"https:\/\/thrillsyndicate.com\/wp-content\/uploads\/2022\/04\/RP0762-Datasheet.jpg\" alt=\"\" width=\"658\" height=\"823\" srcset=\"https:\/\/thrillsyndicate.com\/wp-content\/uploads\/2022\/04\/RP0762-Datasheet.jpg 658w, https:\/\/thrillsyndicate.com\/wp-content\/uploads\/2022\/04\/RP0762-Datasheet-458x573.jpg 458w, https:\/\/thrillsyndicate.com\/wp-content\/uploads\/2022\/04\/RP0762-Datasheet-240x300.jpg 240w, https:\/\/thrillsyndicate.com\/wp-content\/uploads\/2022\/04\/RP0762-Datasheet-100x125.jpg 100w\" sizes=\"auto, (max-width: 658px) 100vw, 658px\" \/><\/p>\n","protected":false},"excerpt":{"rendered":"<p>La Polea ISC ZipSpeed-L ofrece un rendimiento excepcional para tirolinas de longitud media a larga. Con aluminio de calidad aeroespacial y cojinetes de baja fricci\u00f3n, est\u00e1 fabricado para ofrecer velocidad y durabilidad. <\/p>\n","protected":false},"featured_media":4495,"template":"","meta":{"_coblocks_attr":"","_coblocks_dimensions":"","_coblocks_responsive_height":"","_coblocks_accordion_ie_support":"","wds_primary_product_brand":0,"wds_primary_product_cat":0},"product_brand":[679],"product_cat":[479],"product_tag":[482,450],"class_list":{"0":"post-6052","1":"product","2":"type-product","3":"status-publish","4":"has-post-thumbnail","6":"product_brand-isc-de","7":"product_cat-poleas-de-tirolesa","8":"product_tag-polea-de-tirolesa","9":"product_tag-tirolesa","11":"first","12":"instock","13":"taxable","14":"shipping-taxable","15":"purchasable","16":"product-type-variable"},"_links":{"self":[{"href":"https:\/\/thrillsyndicate.com\/es\/wp-json\/wp\/v2\/product\/6052","targetHints":{"allow":["GET"]}}],"collection":[{"href":"https:\/\/thrillsyndicate.com\/es\/wp-json\/wp\/v2\/product"}],"about":[{"href":"https:\/\/thrillsyndicate.com\/es\/wp-json\/wp\/v2\/types\/product"}],"wp:featuredmedia":[{"embeddable":true,"href":"https:\/\/thrillsyndicate.com\/es\/wp-json\/wp\/v2\/media\/4495"}],"wp:attachment":[{"href":"https:\/\/thrillsyndicate.com\/es\/wp-json\/wp\/v2\/media?parent=6052"}],"wp:term":[{"taxonomy":"product_brand","embeddable":true,"href":"https:\/\/thrillsyndicate.com\/es\/wp-json\/wp\/v2\/product_brand?post=6052"},{"taxonomy":"product_cat","embeddable":true,"href":"https:\/\/thrillsyndicate.com\/es\/wp-json\/wp\/v2\/product_cat?post=6052"},{"taxonomy":"product_tag","embeddable":true,"href":"https:\/\/thrillsyndicate.com\/es\/wp-json\/wp\/v2\/product_tag?post=6052"}],"curies":[{"name":"wp","href":"https:\/\/api.w.org\/{rel}","templated":true}]}}