{"id":6056,"date":"2022-04-04T14:19:09","date_gmt":"2022-04-04T12:19:09","guid":{"rendered":"https:\/\/thrillsyndicate.com\/shop\/kit-de-servicio-basico-para-clips-lockd\/"},"modified":"2025-08-30T14:04:56","modified_gmt":"2025-08-30T12:04:56","slug":"starter-service-kit-para-lockd-clips","status":"publish","type":"product","link":"https:\/\/thrillsyndicate.com\/es\/product\/starter-service-kit-para-lockd-clips\/","title":{"rendered":"Kit de servicio b\u00e1sico para clips LockD"},"content":{"rendered":"<p>El kit de servicio b\u00e1sico para clips LockD se utiliza para realizar reparaciones b\u00e1sicas en el sistema de clips LockD como se describe en el manual. El kit incluye:  <\/p>\n<ul>\n<li>1 x bloque de desmontaje<\/li>\n<li>1 llave Allen.<\/li>\n<li>1 x punz\u00f3n<\/li>\n<li>1 x Herramienta de extracci\u00f3n del Mosquet\u00f3n*.<\/li>\n<li>5 protectores de abrasi\u00f3n.<\/li>\n<li>2 juegos de resortes (cada juego es 1 resorte peque\u00f1o, 1 resorte grande, 1 tornillo)<\/li>\n<\/ul>\n<p><strong>NOTA:<\/strong> *El uso de la Herramienta de Extracci\u00f3n requerir\u00e1 que el juego de Clips LockD afectado sea devuelto al concesionario para su revisi\u00f3n antes de volver a ser utilizado. Por favor consulte el manual de operaci\u00f3n.<\/p>\n","protected":false},"excerpt":{"rendered":"<p>El kit de servicio b\u00e1sico para clips LockD se utiliza para realizar reparaciones b\u00e1sicas en el sistema de clips LockD como se describe en el manual.<\/p>\n","protected":false},"featured_media":4426,"template":"","meta":{"_coblocks_attr":"","_coblocks_dimensions":"","_coblocks_responsive_height":"","_coblocks_accordion_ie_support":"","wds_primary_product_brand":0,"wds_primary_product_cat":0},"product_brand":[97],"product_cat":[51],"product_tag":[54,55,67,8],"class_list":{"0":"post-6056","1":"product","2":"type-product","3":"status-publish","4":"has-post-thumbnail","6":"product_brand-lockd-clips-continuous-self-belay-system","7":"product_cat-lockd-belay-system","8":"product_tag-continuous-belay","9":"product_tag-ropes-course","10":"product_tag-ppe","11":"product_tag-belay-systems","13":"first","14":"instock","15":"taxable","16":"shipping-taxable","17":"purchasable","18":"product-type-simple"},"_links":{"self":[{"href":"https:\/\/thrillsyndicate.com\/es\/wp-json\/wp\/v2\/product\/6056","targetHints":{"allow":["GET"]}}],"collection":[{"href":"https:\/\/thrillsyndicate.com\/es\/wp-json\/wp\/v2\/product"}],"about":[{"href":"https:\/\/thrillsyndicate.com\/es\/wp-json\/wp\/v2\/types\/product"}],"wp:featuredmedia":[{"embeddable":true,"href":"https:\/\/thrillsyndicate.com\/es\/wp-json\/wp\/v2\/media\/4426"}],"wp:attachment":[{"href":"https:\/\/thrillsyndicate.com\/es\/wp-json\/wp\/v2\/media?parent=6056"}],"wp:term":[{"taxonomy":"product_brand","embeddable":true,"href":"https:\/\/thrillsyndicate.com\/es\/wp-json\/wp\/v2\/product_brand?post=6056"},{"taxonomy":"product_cat","embeddable":true,"href":"https:\/\/thrillsyndicate.com\/es\/wp-json\/wp\/v2\/product_cat?post=6056"},{"taxonomy":"product_tag","embeddable":true,"href":"https:\/\/thrillsyndicate.com\/es\/wp-json\/wp\/v2\/product_tag?post=6056"}],"curies":[{"name":"wp","href":"https:\/\/api.w.org\/{rel}","templated":true}]}}