{"id":6066,"date":"2022-03-27T18:39:35","date_gmt":"2022-03-27T16:39:35","guid":{"rendered":"https:\/\/thrillsyndicate.com\/shop\/edelrida-cortador-de-cuerda-con-cuchillo-caliente\/"},"modified":"2025-07-17T17:56:02","modified_gmt":"2025-07-17T15:56:02","slug":"edelrid-cuchillo-caliente-corta-cuerda","status":"publish","type":"product","link":"https:\/\/thrillsyndicate.com\/es\/product\/edelrid-cuchillo-caliente-corta-cuerda\/","title":{"rendered":"Edelrida | Cortador de cuerda con cuchillo caliente"},"content":{"rendered":"<p>Cuchilla para cortar cuerdas o cuchilla para cortar y fundir en caliente cuerdas, tiras, textiles. El cuchillo Edelrid corta muy bien y simplemente la cuerda y la termina. Este dispositivo para el corte y fusi\u00f3n en caliente de cuerdas sint\u00e9ticas, tiras y otros tejidos textiles es indispensable en tiendas con dicho material, en su mayor\u00eda de fabricaci\u00f3n artesanal, que se dediquen a textiles y cuerdas, parapente, talleres de decoraci\u00f3n del hogar&#8230; utilizable cuando se necesite cortar muy bien y terminar una cuerda, una cinta, un pa\u00f1o.<\/p>\n<h3>Dispositivo de corte para cuerdas Edelrid:<\/h3>\n<ul>\n<li>Corte y acabado r\u00e1pido de cuerdas sint\u00e9ticas, cintas,&#8230;<\/li>\n<li>Corta r\u00e1pidamente y da un bonito acabado a las fibras textiles sint\u00e9ticas (fabricaci\u00f3n de banderas, paraca\u00eddas, decoraci\u00f3n de interiores,&#8230;)<\/li>\n<li>Peso: 1200g<\/li>\n<li>Certificado: EN 354, EN 566<\/li>\n<\/ul>\n<h3 class=\"western\">\ud83d\udc49 \u00bfEst\u00e1s buscando un art\u00edculo Edelrid espec\u00edfico que no aparece en la tienda? Vendemos toda la gama de productos de aventura, deporte y seguridad. Por favor, <strong><a href=\"https:\/\/thrillsyndicate.com\/es\/contacto\/\">env\u00eda a<\/a><\/strong> un correo electr\u00f3nico o consulta la <strong><a href=\"https:\/\/thrillsyndicate.com\/edelrid-safety-price-list-2025\/\">lista de precios de seguridad aqu\u00ed<\/a><\/strong>. \ud83d\udc48<\/h3>\n","protected":false},"excerpt":{"rendered":"<p>El dispositivo de corte en caliente Edelrid para cortar y fundir cuerdas sint\u00e9ticas, cintas y otros tejidos textiles.<\/p>\n","protected":false},"featured_media":3844,"template":"","meta":{"_coblocks_attr":"","_coblocks_dimensions":"","_coblocks_responsive_height":"","_coblocks_accordion_ie_support":"","wds_primary_product_brand":0,"wds_primary_product_cat":0},"product_brand":[62],"product_cat":[160],"product_tag":[165,164],"class_list":{"0":"post-6066","1":"product","2":"type-product","3":"status-publish","4":"has-post-thumbnail","6":"product_brand-edelrid","7":"product_cat-ropes-carabiners","8":"product_tag-rope-accessories","9":"product_tag-rope-cutter","11":"first","12":"instock","13":"taxable","14":"shipping-taxable","15":"purchasable","16":"product-type-simple"},"_links":{"self":[{"href":"https:\/\/thrillsyndicate.com\/es\/wp-json\/wp\/v2\/product\/6066","targetHints":{"allow":["GET"]}}],"collection":[{"href":"https:\/\/thrillsyndicate.com\/es\/wp-json\/wp\/v2\/product"}],"about":[{"href":"https:\/\/thrillsyndicate.com\/es\/wp-json\/wp\/v2\/types\/product"}],"wp:featuredmedia":[{"embeddable":true,"href":"https:\/\/thrillsyndicate.com\/es\/wp-json\/wp\/v2\/media\/3844"}],"wp:attachment":[{"href":"https:\/\/thrillsyndicate.com\/es\/wp-json\/wp\/v2\/media?parent=6066"}],"wp:term":[{"taxonomy":"product_brand","embeddable":true,"href":"https:\/\/thrillsyndicate.com\/es\/wp-json\/wp\/v2\/product_brand?post=6066"},{"taxonomy":"product_cat","embeddable":true,"href":"https:\/\/thrillsyndicate.com\/es\/wp-json\/wp\/v2\/product_cat?post=6066"},{"taxonomy":"product_tag","embeddable":true,"href":"https:\/\/thrillsyndicate.com\/es\/wp-json\/wp\/v2\/product_tag?post=6066"}],"curies":[{"name":"wp","href":"https:\/\/api.w.org\/{rel}","templated":true}]}}