{"id":6099,"date":"2022-04-04T13:51:58","date_gmt":"2022-04-04T11:51:58","guid":{"rendered":"https:\/\/thrillsyndicate.com\/shop\/pinzas-de-rescate-para-clips-lockd\/"},"modified":"2025-08-30T14:05:06","modified_gmt":"2025-08-30T12:05:06","slug":"rescate-tweezle","status":"publish","type":"product","link":"https:\/\/thrillsyndicate.com\/es\/product\/rescate-tweezle\/","title":{"rendered":"Rescate Tweezle | para pinzas LockD"},"content":{"rendered":"<p>La pinza de rescate LockD realiza la misma funci\u00f3n de bloqueo que la llave Tweezle, pero es independiente de una l\u00ednea de vida fija. Esta herramienta solo debe ser utilizada por personal capacitado al retirar a un participante de un curso despu\u00e9s de haberlo transferido a otro sistema de seguridad de vida. Esta herramienta est\u00e1 dise\u00f1ada para ser utilizada \u00fanicamente por personal calificado.<\/p>\n","protected":false},"excerpt":{"rendered":"<p>La Pinza de Rescate realiza la misma funci\u00f3n de bloqueo que la Llave Tweezle, pero es independiente de una l\u00ednea fija.<\/p>\n","protected":false},"featured_media":4423,"template":"","meta":{"_coblocks_attr":"","_coblocks_dimensions":"","_coblocks_responsive_height":"","_coblocks_accordion_ie_support":"","wds_primary_product_brand":0,"wds_primary_product_cat":0},"product_brand":[97],"product_cat":[51],"product_tag":[54,55],"class_list":{"0":"post-6099","1":"product","2":"type-product","3":"status-publish","4":"has-post-thumbnail","6":"product_brand-lockd-clips-continuous-self-belay-system","7":"product_cat-lockd-belay-system","8":"product_tag-continuous-belay","9":"product_tag-ropes-course","11":"first","12":"instock","13":"taxable","14":"shipping-taxable","15":"purchasable","16":"product-type-simple"},"_links":{"self":[{"href":"https:\/\/thrillsyndicate.com\/es\/wp-json\/wp\/v2\/product\/6099","targetHints":{"allow":["GET"]}}],"collection":[{"href":"https:\/\/thrillsyndicate.com\/es\/wp-json\/wp\/v2\/product"}],"about":[{"href":"https:\/\/thrillsyndicate.com\/es\/wp-json\/wp\/v2\/types\/product"}],"wp:featuredmedia":[{"embeddable":true,"href":"https:\/\/thrillsyndicate.com\/es\/wp-json\/wp\/v2\/media\/4423"}],"wp:attachment":[{"href":"https:\/\/thrillsyndicate.com\/es\/wp-json\/wp\/v2\/media?parent=6099"}],"wp:term":[{"taxonomy":"product_brand","embeddable":true,"href":"https:\/\/thrillsyndicate.com\/es\/wp-json\/wp\/v2\/product_brand?post=6099"},{"taxonomy":"product_cat","embeddable":true,"href":"https:\/\/thrillsyndicate.com\/es\/wp-json\/wp\/v2\/product_cat?post=6099"},{"taxonomy":"product_tag","embeddable":true,"href":"https:\/\/thrillsyndicate.com\/es\/wp-json\/wp\/v2\/product_tag?post=6099"}],"curies":[{"name":"wp","href":"https:\/\/api.w.org\/{rel}","templated":true}]}}