{"id":6100,"date":"2022-04-14T17:56:12","date_gmt":"2022-04-14T15:56:12","guid":{"rendered":"https:\/\/thrillsyndicate.com\/shop\/cai-d4-descensor-de-trabajo-rescate\/"},"modified":"2025-08-29T15:34:51","modified_gmt":"2025-08-29T13:34:51","slug":"isc-d4-work-rescue-descender","status":"publish","type":"product","link":"https:\/\/thrillsyndicate.com\/es\/product\/isc-d4-work-rescue-descender\/","title":{"rendered":"ISC D4 | Descensor de trabajo\/rescate"},"content":{"rendered":"<p>El D4 es un dispositivo de doble parada con funci\u00f3n de bloqueo autom\u00e1tico (que se activa cada vez que el operador suelta el mango) y un freno de emergencia que no es demasiado sensible en uso normal.<\/p>\n<p>La leva D4 est\u00e1 hecha de acero inoxidable s\u00f3lido s\u00faper duro y es altamente resistente al desgaste y la corrosi\u00f3n. El D4 cumple con las normas CE, NFPA T y ANSI Z359.4 para los mercados mundiales de rescate y acceso por cuerdas que normalmente usan cuerdas de 10,5 mm\/11 mm.<\/p>\n<p>El D4 Descender presenta una acci\u00f3n de leva progresiva \u00fanica e innovadora, que ofrece control a velocidades lentas o r\u00e1pidas. La leva progresiva funciona por medio de una leva que opera dentro de otra leva. Tambi\u00e9n es f\u00e1cil retroalimentar la cuerda a trav\u00e9s del D4 y, por lo tanto, puede usarse para ascensos suaves o para tracci\u00f3n de emergencia (cuando se usa como parte de un &#8216;Z-rig&#8217; 2:1).<\/p>\n<p>El D4 tiene una carga nominal de 240 kg (529 lb), lo que lo convierte en un verdadero descensor de trabajo\/rescate. No es necesario incorporar fricci\u00f3n adicional para lograr estas cargas, aunque puede ser \u00fatil hacerlo, para un grado de control a\u00fan mayor en las aplicaciones de Belay. El peso m\u00ednimo del usuario es de 60 kg (132 lb).<\/p>\n<div class=\"clearfix\"><\/div>\n<h2>Informaci\u00f3n t\u00e9cnica<\/h2>\n<p class=\"clsTechSpecs\"><strong>Compatible con di\u00e1metro de cuerda (mm):<\/strong> 10,5-11,5 mm (7\/16&#8243;)<br \/>\n<strong>Freno de p\u00e1nico:<\/strong> S\u00ed<br \/>\n<strong>N\u00famero de personas:<\/strong> 2<br \/>\n<strong>Carga de deslizamiento:<\/strong> 5kN<br \/>\n<strong>Peso m\u00e1ximo del usuario:<\/strong> 240 kg (530 lb)<br \/>\n<strong>(WLL) L\u00edmite de carga de trabajo (kg):<\/strong> 240<br \/>\n<strong>(WLL) L\u00edmite de carga de trabajo (lb):<\/strong> 529<br \/>\n<strong>Versi\u00f3n compatible con ANSI:<\/strong> De serie<br \/>\n<strong>Numeraci\u00f3n de serie:<\/strong> De serie<br \/>\n<strong>EZYiD:<\/strong> Disponible bajo pedido<br \/>\n<strong>Material de la leva:<\/strong> Acero inoxidable<br \/>\n<strong>Acabado:<\/strong> anodizado<\/p>\n<h3>Normas Aprobadas<\/h3>\n<p>EN12841, &#8211; cumple con los requisitos de ANSI Z359, NFPA 1983<\/p>\n<p>&nbsp;<\/p>\n","protected":false},"excerpt":{"rendered":"<p>El NUEVO descensor de trabajo\/rescate D4 presenta una acci\u00f3n de leva progresiva \u00fanica e innovadora, que ofrece un control preciso a velocidades lentas o r\u00e1pidas. La leva progresiva funciona por medio de una leva que opera dentro de otra, para proporcionar una ventaja mec\u00e1nica y un control m\u00e1s suave.<\/p>\n","protected":false},"featured_media":4570,"template":"","meta":{"_coblocks_attr":"","_coblocks_dimensions":"","_coblocks_responsive_height":"","_coblocks_accordion_ie_support":"","wds_primary_product_brand":0,"wds_primary_product_cat":0},"product_brand":[171],"product_cat":[92,840],"product_tag":[55,93,811],"class_list":{"0":"post-6100","1":"product","2":"type-product","3":"status-publish","4":"has-post-thumbnail","6":"product_brand-isc","7":"product_cat-descent-rescue-devices","8":"product_cat-descenders","9":"product_tag-ropes-course","10":"product_tag-descent-rescue","11":"product_tag-descender","13":"first","14":"instock","15":"taxable","16":"shipping-taxable","17":"purchasable","18":"product-type-simple"},"_links":{"self":[{"href":"https:\/\/thrillsyndicate.com\/es\/wp-json\/wp\/v2\/product\/6100","targetHints":{"allow":["GET"]}}],"collection":[{"href":"https:\/\/thrillsyndicate.com\/es\/wp-json\/wp\/v2\/product"}],"about":[{"href":"https:\/\/thrillsyndicate.com\/es\/wp-json\/wp\/v2\/types\/product"}],"wp:featuredmedia":[{"embeddable":true,"href":"https:\/\/thrillsyndicate.com\/es\/wp-json\/wp\/v2\/media\/4570"}],"wp:attachment":[{"href":"https:\/\/thrillsyndicate.com\/es\/wp-json\/wp\/v2\/media?parent=6100"}],"wp:term":[{"taxonomy":"product_brand","embeddable":true,"href":"https:\/\/thrillsyndicate.com\/es\/wp-json\/wp\/v2\/product_brand?post=6100"},{"taxonomy":"product_cat","embeddable":true,"href":"https:\/\/thrillsyndicate.com\/es\/wp-json\/wp\/v2\/product_cat?post=6100"},{"taxonomy":"product_tag","embeddable":true,"href":"https:\/\/thrillsyndicate.com\/es\/wp-json\/wp\/v2\/product_tag?post=6100"}],"curies":[{"name":"wp","href":"https:\/\/api.w.org\/{rel}","templated":true}]}}