{"id":6116,"date":"2022-04-11T17:26:50","date_gmt":"2022-04-11T15:26:50","guid":{"rendered":"https:\/\/thrillsyndicate.com\/shop\/arco-de-isc-camara-antirretroceso\/"},"modified":"2025-08-30T13:56:53","modified_gmt":"2025-08-30T11:56:53","slug":"isc-arc-anti-rollback-cam","status":"publish","type":"product","link":"https:\/\/thrillsyndicate.com\/es\/product\/isc-arc-anti-rollback-cam\/","title":{"rendered":"ARCO DE ISC | C\u00e1mara antirretroceso"},"content":{"rendered":"<p>La falta de peso del ciclista y\/o las condiciones ambientales, como vientos frontales o laterales, pueden hacer que el carro de la tirolesa se detenga antes de llegar al final de la tirolesa. El carro de la tirolesa puede rodar hacia atr\u00e1s dejando al usuario varado m\u00e1s lejos a lo largo de la tirolesa. \u00a1Esto puede resultar en que el operador realice rescates de larga distancia, que requieran mucho tiempo y sean costosos!<\/p>\n<p>La leva antirretroceso (ARC) es un sencillo dispositivo que puede instalarse a posteriori en las gamas de Poleas ISC Zipspeed y Zippey. Durante el uso normal, el ARC se arrastra, lo que permite que el carro ruede hacia adelante sin obst\u00e1culos. Tan pronto como el carro comienza a rodar hacia atr\u00e1s, el ARC se activa y el carro se detiene inmediatamente. Esta funci\u00f3n antirretroceso captura el progreso del carro, lo que significa que incluso cuando el carro no llega al final de la tirolesa, se evita que ruede hacia atr\u00e1s. La distancia de rescate, el tiempo y los costos se reducen significativamente.<\/p>\n<ul>\n<li>Detiene todo movimiento hacia atr\u00e1s (ya sea causado por ruedas rodando o desliz\u00e1ndose)<\/li>\n<li>Maquinado de Aluminio S\u00f3lido con acabado anodizado duro<\/li>\n<li>M\u00e1s efectivos y econ\u00f3micos que los rodamientos unidireccionales<\/li>\n<li>Se puede adaptar a los carros ISC RP074\/RP075\/RP076 existentes (en el sitio)<\/li>\n<li>El RP075 y RP076 ARC se pueden desconectar usando el bot\u00f3n de bloqueo con resorte<\/li>\n<li>Se puede utilizar con sistemas de frenado.<\/li>\n<li>Peso 174g<\/li>\n<\/ul>\n<p><iframe loading=\"lazy\" title=\"ISC ARC Anti Rollback Cam for ZipSpeed and Zippey Trolleys\" width=\"980\" height=\"551\" src=\"https:\/\/www.youtube.com\/embed\/E6e11JBaVjg?feature=oembed\" frameborder=\"0\" allow=\"accelerometer; autoplay; clipboard-write; encrypted-media; gyroscope; picture-in-picture\" allowfullscreen><\/iframe><\/p>\n","protected":false},"excerpt":{"rendered":"<p>Un sencillo dispositivo que puede instalarse a posteriori en las gamas de Poleas ISC Zipspeed y Zippey, y que evita que el ciclista ruede hacia atr\u00e1s por la tirolesa. Durante el uso normal, la leva se arrastra, lo que permite que el carro ruede hacia adelante sin obst\u00e1culos. Sin embargo, tan pronto como el carro comienza a rodar hacia atr\u00e1s, la leva se activa y el carro se detiene inmediatamente. Esta funci\u00f3n antirretroceso captura el progreso del carro, lo que significa que incluso cuando el carro no llega al final de la tirolesa, no puede retroceder y, por lo tanto, la distancia de rescate (y, por lo tanto, el tiempo de rescate) se reduce significativamente.<\/p>\n","protected":false},"featured_media":4543,"template":"","meta":{"_coblocks_attr":"","_coblocks_dimensions":"","_coblocks_responsive_height":"","_coblocks_accordion_ie_support":"","wds_primary_product_brand":0,"wds_primary_product_cat":0},"product_brand":[171],"product_cat":[68],"product_tag":[482,450],"class_list":{"0":"post-6116","1":"product","2":"type-product","3":"status-publish","4":"has-post-thumbnail","6":"product_brand-isc","7":"product_cat-zipline-trolleys","8":"product_tag-polea-de-tirolesa","9":"product_tag-tirolesa","11":"first","12":"instock","13":"taxable","14":"shipping-taxable","15":"purchasable","16":"product-type-variable"},"_links":{"self":[{"href":"https:\/\/thrillsyndicate.com\/es\/wp-json\/wp\/v2\/product\/6116","targetHints":{"allow":["GET"]}}],"collection":[{"href":"https:\/\/thrillsyndicate.com\/es\/wp-json\/wp\/v2\/product"}],"about":[{"href":"https:\/\/thrillsyndicate.com\/es\/wp-json\/wp\/v2\/types\/product"}],"wp:featuredmedia":[{"embeddable":true,"href":"https:\/\/thrillsyndicate.com\/es\/wp-json\/wp\/v2\/media\/4543"}],"wp:attachment":[{"href":"https:\/\/thrillsyndicate.com\/es\/wp-json\/wp\/v2\/media?parent=6116"}],"wp:term":[{"taxonomy":"product_brand","embeddable":true,"href":"https:\/\/thrillsyndicate.com\/es\/wp-json\/wp\/v2\/product_brand?post=6116"},{"taxonomy":"product_cat","embeddable":true,"href":"https:\/\/thrillsyndicate.com\/es\/wp-json\/wp\/v2\/product_cat?post=6116"},{"taxonomy":"product_tag","embeddable":true,"href":"https:\/\/thrillsyndicate.com\/es\/wp-json\/wp\/v2\/product_tag?post=6116"}],"curies":[{"name":"wp","href":"https:\/\/api.w.org\/{rel}","templated":true}]}}