{"id":6122,"date":"2022-04-04T14:37:39","date_gmt":"2022-04-04T12:37:39","guid":{"rendered":"https:\/\/thrillsyndicate.com\/shop\/herramienta-de-extraccion-para-clips-lockd\/"},"modified":"2025-08-30T14:03:41","modified_gmt":"2025-08-30T12:03:41","slug":"herramienta-de-eliminacion-para-clips-lockd","status":"publish","type":"product","link":"https:\/\/thrillsyndicate.com\/es\/product\/herramienta-de-eliminacion-para-clips-lockd\/","title":{"rendered":"Herramienta de extracci\u00f3n para clips LockD"},"content":{"rendered":"<p>La herramienta de eliminaci\u00f3n de clips LockD se utiliza para eliminar un conjunto de clips del curso si se produce un error beta. Antes de utilizar la herramienta de extracci\u00f3n, se deben pinzar las pinzas con regularidad, ya que se da\u00f1ar\u00edan los componentes internos de las pinzas LockD Clips. <strong>NOTA:<\/strong> Una vez utilizado, el juego de pinzas LockD Clips afectado debe devolverse al distribuidor para que lo revise antes de volver a utilizarlo.<br \/>\nConsulta el <a title=\"LockD Clips Manual\" href=\"https:\/\/lockdclips.com\/wp-content\/uploads\/2021\/10\/OM_EN_LockDclips_V0201.pdf\" target=\"_blank\" rel=\"noopener\">manual de instrucciones.<\/a> <iframe loading=\"lazy\" title=\"LockD Clips Tech Tips Using the Removal Tool\" width=\"980\" height=\"551\" src=\"https:\/\/www.youtube.com\/embed\/5XAk17eKDhM?feature=oembed\" frameborder=\"0\" allow=\"accelerometer; autoplay; clipboard-write; encrypted-media; gyroscope; picture-in-picture\" allowfullscreen><\/iframe> <\/p>\n","protected":false},"excerpt":{"rendered":"<p>La herramienta de eliminaci\u00f3n de clips LockD se utiliza para eliminar un conjunto de clips del curso si se produce un error beta. Antes de utilizar la herramienta de extracci\u00f3n, se deben pinzar las pinzas con regularidad, ya que se da\u00f1ar\u00edan los componentes internos de las pinzas LockD Clips. NOTA: Una vez utilizado, el juego [&hellip;]<\/p>\n","protected":false},"featured_media":4435,"template":"","meta":{"_coblocks_attr":"","_coblocks_dimensions":"","_coblocks_responsive_height":"","_coblocks_accordion_ie_support":"","wds_primary_product_brand":0,"wds_primary_product_cat":0},"product_brand":[97],"product_cat":[51],"product_tag":[54,55,67],"class_list":{"0":"post-6122","1":"product","2":"type-product","3":"status-publish","4":"has-post-thumbnail","6":"product_brand-lockd-clips-continuous-self-belay-system","7":"product_cat-lockd-belay-system","8":"product_tag-continuous-belay","9":"product_tag-ropes-course","10":"product_tag-ppe","12":"first","13":"instock","14":"taxable","15":"shipping-taxable","16":"purchasable","17":"product-type-simple"},"_links":{"self":[{"href":"https:\/\/thrillsyndicate.com\/es\/wp-json\/wp\/v2\/product\/6122","targetHints":{"allow":["GET"]}}],"collection":[{"href":"https:\/\/thrillsyndicate.com\/es\/wp-json\/wp\/v2\/product"}],"about":[{"href":"https:\/\/thrillsyndicate.com\/es\/wp-json\/wp\/v2\/types\/product"}],"wp:featuredmedia":[{"embeddable":true,"href":"https:\/\/thrillsyndicate.com\/es\/wp-json\/wp\/v2\/media\/4435"}],"wp:attachment":[{"href":"https:\/\/thrillsyndicate.com\/es\/wp-json\/wp\/v2\/media?parent=6122"}],"wp:term":[{"taxonomy":"product_brand","embeddable":true,"href":"https:\/\/thrillsyndicate.com\/es\/wp-json\/wp\/v2\/product_brand?post=6122"},{"taxonomy":"product_cat","embeddable":true,"href":"https:\/\/thrillsyndicate.com\/es\/wp-json\/wp\/v2\/product_cat?post=6122"},{"taxonomy":"product_tag","embeddable":true,"href":"https:\/\/thrillsyndicate.com\/es\/wp-json\/wp\/v2\/product_tag?post=6122"}],"curies":[{"name":"wp","href":"https:\/\/api.w.org\/{rel}","templated":true}]}}