{"id":6124,"date":"2022-04-11T13:57:12","date_gmt":"2022-04-11T11:57:12","guid":{"rendered":"https:\/\/thrillsyndicate.com\/shop\/carro-isc-zipspeed-s\/"},"modified":"2025-08-30T13:58:03","modified_gmt":"2025-08-30T11:58:03","slug":"isc-zipspeed-s-trolley","status":"publish","type":"product","link":"https:\/\/thrillsyndicate.com\/es\/product\/isc-zipspeed-s-trolley\/","title":{"rendered":"Polea ISC Zipspeed-S"},"content":{"rendered":"<p>El Carro ISC ZipSpeed-S establece el est\u00e1ndar para tirolinas de longitud y velocidad medias. Fabricado con aluminio de calidad aeroespacial y equipado con cojinetes sellados de goma, este Polea ofrece un rendimiento y una longevidad \u00f3ptimos. Dise\u00f1ado para operadores profesionales de los sectores de la aventura, las actividades al aire libre, la diversi\u00f3n y el ocio, el Polea ZipSpeed-S combina durabilidad, asequibilidad e ingenier\u00eda avanzada para ofrecer una experiencia de tirolesa excepcional.  <\/p>\n<h2>Ventajas de la Polea ISC ZipSpeed-S<\/h2>\n<p><strong>Durabilidad excepcional con aluminio de grado aeroespacial<\/strong>: El Polea ISC ZipSpeed-S est\u00e1 fabricado con placas laterales de aluminio de grado aeroespacial 7075, que minimizan la flexi\u00f3n y mejoran la resistencia al desgaste. Este material de alta calidad garantiza que el Polea siga siendo ligero a la vez que ofrece una durabilidad superior, perfecta para un uso frecuente en recorridos exigentes de tirolesa. <strong>Rendimiento y longevidad \u00f3ptimos<\/strong>: Equipado con cojinetes de ranura profunda sellados con goma, el Polea ZipSpeed-S ofrece un rendimiento \u00f3ptimo con una fricci\u00f3n m\u00ednima. Estos cojinetes retienen el lubricante de grasa y protegen contra la humedad y los contaminantes, garantizando una vida \u00fatil de varios miles de millas\/kil\u00f3metros. El dise\u00f1o de este Polea de tama\u00f1o medio utiliza t\u00e9cnicas de ingenier\u00eda de vanguardia para garantizar un rendimiento constante y fiable. <strong>Mayor Seguridad y Versatilidad<\/strong>: La Polea ISC ZipSpeed-S dispone de un gran punto de enganche principal para alojar una gran variedad de mosquetones y mosquetones, junto con orificios de enganche adicionales para un elemento de amarre secundario. El Polea tambi\u00e9n incluye un peque\u00f1o orificio central para colocar accesorios como un manillar. El tope de goma del freno absorbe las cargas de impacto al final del recorrido, aumentando la seguridad y reduciendo el desgaste del Polea. <\/p>\n<h2>Especificaciones principales de la Polea ISC ZipSpeed-S<\/h2>\n<p><strong>Construcci\u00f3n robusta para cargas elevadas<\/strong>: La Polea ZipSpeed-S tiene una resistencia m\u00ednima a la rotura (MBS) de 40 kN (8992 lbf), lo que garantiza que puede soportar cargas importantes con seguridad. Las ruedas de acero inoxidable y el acabado anodizado contribuyen a\u00fan m\u00e1s a su robusta construcci\u00f3n, convirti\u00e9ndolo en una opci\u00f3n fiable para los operadores profesionales de tirolinas. <strong>Dise\u00f1o ligero<\/strong>: Con un peso de s\u00f3lo 875 gramos (31 onzas), la Polea ISC ZipSpeed-S est\u00e1 dise\u00f1ada para ser ligera sin sacrificar resistencia ni durabilidad. Esto hace que sea f\u00e1cil de manejar e instalar, reduciendo la fatiga de los operadores durante la instalaci\u00f3n y el mantenimiento. <strong>Vers\u00e1til compatibilidad de cables<\/strong>: El Polea ISC ZipSpeed-S est\u00e1 disponible en diferentes modelos para adaptarse a varios di\u00e1metros de cable: <\/p>\n<ul>\n<li><strong>RP075A1<\/strong>: Adecuado para cable de 13 mm (1\/2&#8243;)<\/li>\n<li><strong>RP075B1<\/strong>: Adecuado para cable de 16 mm (5\/8&#8243;)<\/li>\n<li><strong>RP075G1<\/strong>: Adecuado para alambre de 20 mm (3\/4&#8243;)<\/li>\n<\/ul>\n<p>El eje central de redundancia est\u00e1 equipado con un collar\u00edn codificado por colores para facilitar su identificaci\u00f3n. La ZipSpeed-S tambi\u00e9n puede entregarse con una leva antirretroceso (ARC) instalada en f\u00e1brica para mayor seguridad. <\/p>\n<h3>Especificaciones completas<\/h3>\n<ul>\n<li><strong>C\u00f3digos de pieza<\/strong>: RP075A1, RP075B1, RP075G1<\/li>\n<li><strong>Di\u00e1metro de la rueda<\/strong>: 50 mm (2&#8243;)<\/li>\n<li><strong>Resistencia m\u00ednima a la rotura (kN)<\/strong>: 40<\/li>\n<li><strong>Resistencia m\u00ednima a la rotura (lbf)<\/strong>: 8992<\/li>\n<li><strong>EZYiD<\/strong>: Disponible previa petici\u00f3n<\/li>\n<li><strong>Material de la rueda<\/strong>: Acero inoxidable<\/li>\n<li><strong>Acabado<\/strong>: Anodizado<\/li>\n<li><strong>Peso<\/strong>: 875 gramos (31 onzas)<\/li>\n<li><strong>Puntos de sujeci\u00f3n<\/strong>: Gran abertura principal, orificios de fijaci\u00f3n adicionales, peque\u00f1o orificio central para accesorios<\/li>\n<li><strong>Tope de freno<\/strong>: Tope de freno de goma sustituible<\/li>\n<\/ul>\n<p>El Carro ISC ZipSpeed-S es la elecci\u00f3n ideal para los operadores profesionales de tirolinas que buscan alto rendimiento, durabilidad y seguridad. Invierte en este avanzado carro para elevar tus atracciones de tirolesa y proporcionar una experiencia inolvidable a tus visitantes. Haz tu pedido ahora y mejora tus operaciones de tirolesa con el Carro ISC ZipSpeed-S! https:\/\/youtu.be\/IA3ue1zCh9k  <\/p>\n<p><img loading=\"lazy\" decoding=\"async\" class=\"alignnone wp-image-1901 size-full\" src=\"https:\/\/thrillsyndicate.com\/wp-content\/uploads\/2022\/04\/RP075-Datasheet.jpg\" alt=\"\" width=\"657\" height=\"824\" srcset=\"https:\/\/thrillsyndicate.com\/wp-content\/uploads\/2022\/04\/RP075-Datasheet.jpg 657w, https:\/\/thrillsyndicate.com\/wp-content\/uploads\/2022\/04\/RP075-Datasheet-458x574.jpg 458w, https:\/\/thrillsyndicate.com\/wp-content\/uploads\/2022\/04\/RP075-Datasheet-239x300.jpg 239w, https:\/\/thrillsyndicate.com\/wp-content\/uploads\/2022\/04\/RP075-Datasheet-100x125.jpg 100w\" sizes=\"auto, (max-width: 657px) 100vw, 657px\" \/><\/p>\n","protected":false},"excerpt":{"rendered":"<p>La Polea ISC ZipSpeed-S ofrece un alto rendimiento para tirolinas de velocidad media.<br \/>\nCon aluminio de calidad aeroespacial y rodamientos de ranura profunda, est\u00e1 fabricado para durar y deslizarse con suavidad. <\/p>\n","protected":false},"featured_media":4492,"template":"","meta":{"_coblocks_attr":"","_coblocks_dimensions":"","_coblocks_responsive_height":"","_coblocks_accordion_ie_support":"","wds_primary_product_brand":0,"wds_primary_product_cat":0},"product_brand":[677],"product_cat":[479],"product_tag":[482,450],"class_list":{"0":"post-6124","1":"product","2":"type-product","3":"status-publish","4":"has-post-thumbnail","6":"product_brand-isc-es","7":"product_cat-poleas-de-tirolesa","8":"product_tag-polea-de-tirolesa","9":"product_tag-tirolesa","11":"first","12":"instock","13":"taxable","14":"shipping-taxable","15":"purchasable","16":"product-type-variable"},"_links":{"self":[{"href":"https:\/\/thrillsyndicate.com\/es\/wp-json\/wp\/v2\/product\/6124","targetHints":{"allow":["GET"]}}],"collection":[{"href":"https:\/\/thrillsyndicate.com\/es\/wp-json\/wp\/v2\/product"}],"about":[{"href":"https:\/\/thrillsyndicate.com\/es\/wp-json\/wp\/v2\/types\/product"}],"wp:featuredmedia":[{"embeddable":true,"href":"https:\/\/thrillsyndicate.com\/es\/wp-json\/wp\/v2\/media\/4492"}],"wp:attachment":[{"href":"https:\/\/thrillsyndicate.com\/es\/wp-json\/wp\/v2\/media?parent=6124"}],"wp:term":[{"taxonomy":"product_brand","embeddable":true,"href":"https:\/\/thrillsyndicate.com\/es\/wp-json\/wp\/v2\/product_brand?post=6124"},{"taxonomy":"product_cat","embeddable":true,"href":"https:\/\/thrillsyndicate.com\/es\/wp-json\/wp\/v2\/product_cat?post=6124"},{"taxonomy":"product_tag","embeddable":true,"href":"https:\/\/thrillsyndicate.com\/es\/wp-json\/wp\/v2\/product_tag?post=6124"}],"curies":[{"name":"wp","href":"https:\/\/api.w.org\/{rel}","templated":true}]}}