{"id":6127,"date":"2022-03-25T17:02:22","date_gmt":"2022-03-25T16:02:22","guid":{"rendered":"https:\/\/thrillsyndicate.com\/shop\/descenso-seguro-edelrid-pro-dispositivo-de-descenso-y-rescate\/"},"modified":"2025-07-24T14:36:53","modified_gmt":"2025-07-24T12:36:53","slug":"dispositivo-de-rescate-edelrid-safe-descent-pro-descent","status":"publish","type":"product","link":"https:\/\/thrillsyndicate.com\/es\/product\/dispositivo-de-rescate-edelrid-safe-descent-pro-descent\/","title":{"rendered":"Descenso seguro Edelrid Pro | Dispositivo de descenso y rescate"},"content":{"rendered":"<p>Con funci\u00f3n de cabrestante, el Safe Descent Pro es un equipo de descenso y rescate polivalente. Puede usarse el\u00e9ctricamente (con un taladro inal\u00e1mbrico) o manualmente (con un taladro) (usando un trinquete o el volante). La funci\u00f3n de cabrestante con tope trasero innovador permite elevar a las personas y al mismo tiempo aliviar la carga en la cadena de seguridad, lo que permite un descenso seguro.<\/p>\n<p><img loading=\"lazy\" decoding=\"async\" class=\"size-full wp-image-1246 alignleft\" src=\"https:\/\/thrillsyndicate.com\/wp-content\/uploads\/2022\/03\/ED_bild-1_Safe-descent-pro.jpg\" alt=\"Descenso seguro Edelrid Pro\" width=\"1250\" height=\"498\" srcset=\"https:\/\/thrillsyndicate.com\/wp-content\/uploads\/2022\/03\/ED_bild-1_Safe-descent-pro.jpg 1250w, https:\/\/thrillsyndicate.com\/wp-content\/uploads\/2022\/03\/ED_bild-1_Safe-descent-pro-458x182.jpg 458w, https:\/\/thrillsyndicate.com\/wp-content\/uploads\/2022\/03\/ED_bild-1_Safe-descent-pro-300x120.jpg 300w, https:\/\/thrillsyndicate.com\/wp-content\/uploads\/2022\/03\/ED_bild-1_Safe-descent-pro-1024x408.jpg 1024w, https:\/\/thrillsyndicate.com\/wp-content\/uploads\/2022\/03\/ED_bild-1_Safe-descent-pro-768x306.jpg 768w, https:\/\/thrillsyndicate.com\/wp-content\/uploads\/2022\/03\/ED_bild-1_Safe-descent-pro-100x40.jpg 100w\" sizes=\"auto, (max-width: 1250px) 100vw, 1250px\" \/><\/p>\n<h2>Especificaciones<\/h2>\n<ul>\n<li>Tope trasero autom\u00e1tico (sistema de trinquete) para un drenaje seguro<\/li>\n<li>Aprobado para ocupaci\u00f3n doble<\/li>\n<li>Deslice el embrague contra el funcionamiento incorrecto<\/li>\n<li>Premontado con cuerda kernmantel de 10,5 mm con conexiones finales certificadas y c\u00f3digo de color en los extremos de la cuerda<\/li>\n<li>Mochila opcional para almacenamiento y transporte disponible (Canyoneer Bag 45)<\/li>\n<li>La funci\u00f3n de cabrestante es posible con trinquete telesc\u00f3pico o volante<\/li>\n<li>Se puede alimentar con un taladro inal\u00e1mbrico<\/li>\n<li>2 mosquetones de acero DSG cosidos con mecanismo de apriete de palma en las terminaciones<\/li>\n<li>1 mosquet\u00f3n Triple Lock con Swivel integrado para suspender el dispositivo<\/li>\n<li>trinquete, broca y portabrocas incluidos<\/li>\n<li>m\u00e1x. peso del usuario: 200 kg<\/li>\n<li>m\u00e1x. distancia de descenso: 160 m<\/li>\n<li>Di\u00e1metro de cuerda homologado: 10,5 mm<\/li>\n<li>Certificaci\u00f3n : EN 1496: 2006 \/ B<\/li>\n<li>Certificaci\u00f3n : EN 341: 2011 \/1A (100kg) 1B (200kg)<\/li>\n<li>Pa\u00eds de origen : Alemania<\/li>\n<\/ul>\n<p><iframe loading=\"lazy\" title=\"Edelrid Safe Descent\" width=\"980\" height=\"551\" src=\"https:\/\/www.youtube.com\/embed\/vkxQMkfBa5g?feature=oembed\" frameborder=\"0\" allow=\"accelerometer; autoplay; clipboard-write; encrypted-media; gyroscope; picture-in-picture\" allowfullscreen><\/iframe><\/p>\n<h3 class=\"western\">\ud83d\udc49 \u00bfEst\u00e1s buscando un art\u00edculo Edelrid espec\u00edfico que no aparece en la tienda? Vendemos toda la gama de productos de aventura, deporte y seguridad. Por favor, <strong><a href=\"https:\/\/thrillsyndicate.com\/es\/contacto\/\">env\u00eda a<\/a><\/strong> un correo electr\u00f3nico o consulta la <strong><a href=\"https:\/\/thrillsyndicate.com\/edelrid-safety-price-list-2025\/\">lista de precios de seguridad aqu\u00ed<\/a><\/strong>. \ud83d\udc48<\/h3>\n","protected":false},"excerpt":{"rendered":"<p>El Edelrid Safe Descent Pro es un dispositivo vers\u00e1til de descenso y rescate con funci\u00f3n de cabrestante. Puede operarse el\u00e9ctricamente (taladro inal\u00e1mbrico), neum\u00e1ticamente (trinquete) o manualmente (volante). La funci\u00f3n de cabrestante con tope trasero patentado permite levantar personas y, respectivamente, aliviar la tensi\u00f3n de la cadena de seguridad que se requiere para el posterior descenso seguro.<\/p>\n","protected":false},"featured_media":15040,"template":"","meta":{"_coblocks_attr":"","_coblocks_dimensions":"","_coblocks_responsive_height":"","_coblocks_accordion_ie_support":"","wds_primary_product_brand":0,"wds_primary_product_cat":0},"product_brand":[660],"product_cat":[904,615],"product_tag":[910,442,588,905,450],"class_list":{"0":"post-6127","1":"product","2":"type-product","3":"status-publish","4":"has-post-thumbnail","6":"product_brand-edelrid-es","7":"product_cat-descensores","8":"product_cat-dispositivos-de-descenso-y-rescate","9":"product_tag-andamios","10":"product_tag-curso-de-cuerdas","11":"product_tag-descenso-y-rescate","12":"product_tag-descensores","13":"product_tag-tirolesa","15":"first","16":"instock","17":"taxable","18":"shipping-taxable","19":"purchasable","20":"product-type-variable","21":"has-default-attributes"},"_links":{"self":[{"href":"https:\/\/thrillsyndicate.com\/es\/wp-json\/wp\/v2\/product\/6127","targetHints":{"allow":["GET"]}}],"collection":[{"href":"https:\/\/thrillsyndicate.com\/es\/wp-json\/wp\/v2\/product"}],"about":[{"href":"https:\/\/thrillsyndicate.com\/es\/wp-json\/wp\/v2\/types\/product"}],"wp:featuredmedia":[{"embeddable":true,"href":"https:\/\/thrillsyndicate.com\/es\/wp-json\/wp\/v2\/media\/15040"}],"wp:attachment":[{"href":"https:\/\/thrillsyndicate.com\/es\/wp-json\/wp\/v2\/media?parent=6127"}],"wp:term":[{"taxonomy":"product_brand","embeddable":true,"href":"https:\/\/thrillsyndicate.com\/es\/wp-json\/wp\/v2\/product_brand?post=6127"},{"taxonomy":"product_cat","embeddable":true,"href":"https:\/\/thrillsyndicate.com\/es\/wp-json\/wp\/v2\/product_cat?post=6127"},{"taxonomy":"product_tag","embeddable":true,"href":"https:\/\/thrillsyndicate.com\/es\/wp-json\/wp\/v2\/product_tag?post=6127"}],"curies":[{"name":"wp","href":"https:\/\/api.w.org\/{rel}","templated":true}]}}