{"id":6139,"date":"2022-03-28T09:25:58","date_gmt":"2022-03-28T07:25:58","guid":{"rendered":"https:\/\/thrillsyndicate.com\/shop\/problema-iq-autoaseguramiento-de-captura-y-retencion\/"},"modified":"2025-11-03T13:46:15","modified_gmt":"2025-11-03T12:46:15","slug":"trublue-iq-plus","status":"publish","type":"product","link":"https:\/\/thrillsyndicate.com\/es\/product\/trublue-iq-plus\/","title":{"rendered":"TRUBLUE iQ+ | Autoaseguramiento de Catch y Hold"},"content":{"rendered":"<p><strong>\u00a1Canjee cualquier Autoaseguramiento! &#8211;  <\/strong>Tenemos una <a href=\"https:\/\/thrillsyndicate.com\/es\/programa-de-intercambio-de-autoaseguramiento-trublue-iq\/\"><strong>promoci\u00f3n de intercambio<\/strong><\/a> en el Autoaseguramiento TRUBLUE iQ+: Cambie su antiguo modelo<strong>(\u00a1de cualquier marca<\/strong>!) por el nuevo TRUBLUE iQ Plus y obtenga una <b><a href=\"https:\/\/thrillsyndicate.com\/es\/programa-de-intercambio-de-autoaseguramiento-trublue-iq\/\">promoci\u00f3n de intercambio de 450 euros<\/a>.<\/b><\/p>\n<p>TRUBLUE iQ PLUS Auto Belay cuenta con tecnolog\u00eda de captura y retenci\u00f3n, que brinda a los escaladores el descanso que necesitan para terminar las rutas. El nuevo TRUBLUE iQ+ atrapar\u00e1 a los escaladores despu\u00e9s de una ca\u00edda en lugar de bajarlos autom\u00e1ticamente al suelo.<\/p>\n<p>El TRUBLUE iQ+ es el mayor avance en la innovaci\u00f3n del Autoaseguramiento en m\u00e1s de diez a\u00f1os. El iQ+ es el primer y \u00fanico sistema de Autoaseguramiento que ofrece funciones de vanguardia, como la tecnolog\u00eda catch-and-hold y la compatibilidad con el IoT. Est\u00e1 dise\u00f1ado para muros de escalada tanto de interior como de exterior.<\/p>\n<p><strong>El TRUBLUE iQ+ est\u00e1 disponible en dos longitudes de cinta:<\/strong><\/p>\n<ul>\n<li>12,5 metros (41 pies)<\/li>\n<li>20 metros (65 pies)<\/li>\n<\/ul>\n<p><strong>Conectores de correas TRUBLUE iQ+:<\/strong><\/p>\n<table class=\"has-fixed-layout\" style=\"width: 100%; height: 359.751px;\">\n<tbody>\n<tr style=\"height: 151.797px;\">\n<td style=\"width: 33.2821%; height: 151.797px;\"><img loading=\"lazy\" decoding=\"async\" class=\"wp-image-17116 aligncenter\" style=\"display: block; margin-left: auto; margin-right: auto;\" src=\"https:\/\/thrillsyndicate.com\/wp-content\/uploads\/2024\/10\/Steel_Carabiner.png\" alt=\"Mosquet\u00f3n de acero: Nuestro conector est\u00e1ndar. Duradero y de larga duraci\u00f3n, con protecci\u00f3n de bloqueo autom\u00e1tico de triple acci\u00f3n. Uso recomendado: Salas de Escalada y Centros Recreativos\" width=\"150\" height=\"150\" srcset=\"https:\/\/thrillsyndicate.com\/wp-content\/uploads\/2024\/10\/Steel_Carabiner.png 250w, https:\/\/thrillsyndicate.com\/wp-content\/uploads\/2024\/10\/Steel_Carabiner-100x100.png 100w, https:\/\/thrillsyndicate.com\/wp-content\/uploads\/2024\/10\/Steel_Carabiner-150x150.png 150w\" sizes=\"auto, (max-width: 150px) 100vw, 150px\" \/><\/td>\n<td class=\"has-text-align-center\" style=\"text-align: center; width: 32.9746%; height: 151.797px;\" data-align=\"center\"><img loading=\"lazy\" decoding=\"async\" class=\"wp-image-17112 aligncenter\" src=\"https:\/\/thrillsyndicate.com\/wp-content\/uploads\/2024\/10\/Aluminum_Carabiner.png\" alt=\"Mosquet\u00f3n de aluminio: M\u00e1s ligero que el acero e ideal para uso en exteriores y entornos corrosivos. Uso recomendado: Salas de Escalada, Centros Recreativos y Campamentos\" width=\"150\" height=\"150\" srcset=\"https:\/\/thrillsyndicate.com\/wp-content\/uploads\/2024\/10\/Aluminum_Carabiner.png 250w, https:\/\/thrillsyndicate.com\/wp-content\/uploads\/2024\/10\/Aluminum_Carabiner-100x100.png 100w, https:\/\/thrillsyndicate.com\/wp-content\/uploads\/2024\/10\/Aluminum_Carabiner-150x150.png 150w\" sizes=\"auto, (max-width: 150px) 100vw, 150px\" \/><\/td>\n<td class=\"has-text-align-center\" style=\"text-align: center; width: 33.7433%; height: 151.797px;\" data-align=\"center\"><img loading=\"lazy\" decoding=\"async\" class=\"wp-image-17108 aligncenter\" src=\"https:\/\/thrillsyndicate.com\/wp-content\/uploads\/2024\/10\/Swivel.png\" alt=\"Aventura Giratoria: Una soluci\u00f3n vers\u00e1til para instalaciones que requieren conectores secundarios y operaciones \u00fanicas. Uso recomendado: Parques de Aventura\" width=\"150\" height=\"150\" srcset=\"https:\/\/thrillsyndicate.com\/wp-content\/uploads\/2024\/10\/Swivel.png 250w, https:\/\/thrillsyndicate.com\/wp-content\/uploads\/2024\/10\/Swivel-100x100.png 100w, https:\/\/thrillsyndicate.com\/wp-content\/uploads\/2024\/10\/Swivel-150x150.png 150w\" sizes=\"auto, (max-width: 150px) 100vw, 150px\" \/><\/td>\n<\/tr>\n<tr style=\"height: 20.7969px;\">\n<td style=\"text-align: center; width: 33.2821%; height: 20.7969px;\"><strong>Mosquet\u00f3n de acero<\/strong><\/td>\n<td class=\"has-text-align-center\" style=\"text-align: center; width: 32.9746%; height: 20.7969px;\" data-align=\"center\"><strong>Mosquet\u00f3n de aluminio<\/strong><\/td>\n<td class=\"has-text-align-center\" style=\"text-align: center; width: 33.7433%; height: 20.7969px;\" data-align=\"center\"><strong>Eslab\u00f3n giratorio Adventure<\/strong><\/td>\n<\/tr>\n<tr style=\"height: 124.766px;\">\n<td style=\"text-align: center; width: 33.2821%; height: 124.766px;\">Nuestro conector est\u00e1ndar. Duradero y de larga duraci\u00f3n con protecci\u00f3n de bloqueo autom\u00e1tico de triple acci\u00f3n. <\/td>\n<td class=\"has-text-align-center\" style=\"text-align: center; width: 32.9746%; height: 124.766px;\" data-align=\"center\">M\u00e1s ligero que el acero e ideal para uso en exteriores y entornos corrosivos.<\/td>\n<td class=\"has-text-align-center\" style=\"text-align: center; width: 33.7433%; height: 124.766px;\" data-align=\"center\">Una soluci\u00f3n vers\u00e1til para instalaciones que requieren conectores secundarios y operaciones \u00fanicas.<\/td>\n<\/tr>\n<tr style=\"height: 20.7969px;\">\n<td style=\"text-align: center; width: 33.2821%; height: 20.7969px;\"><strong>Uso recomendado:<\/strong><\/td>\n<td class=\"has-text-align-center\" style=\"text-align: center; width: 32.9746%; height: 20.7969px;\" data-align=\"center\"><strong>Uso recomendado:<\/strong><\/td>\n<td class=\"has-text-align-center\" style=\"text-align: center; width: 33.7433%; height: 20.7969px;\" data-align=\"center\"><strong>Uso recomendado:<\/strong><\/td>\n<\/tr>\n<tr style=\"height: 41.5938px;\">\n<td style=\"text-align: center; width: 33.2821%; height: 41.5938px;\">Salas de Escalada y Centros Recreativos<\/td>\n<td class=\"has-text-align-center\" style=\"text-align: center; width: 32.9746%; height: 41.5938px;\" data-align=\"center\">Salas de Escalada, Centros Recreativos y Campamentos<\/td>\n<td class=\"has-text-align-center\" style=\"text-align: center; width: 33.7433%; height: 41.5938px;\" data-align=\"center\">Parques de Aventura<\/td>\n<\/tr>\n<\/tbody>\n<\/table>\n<table class=\"has-fixed-layout\" style=\"width: 66.4363%; height: 359.751px;\">\n<tbody>\n<tr style=\"height: 151.797px;\">\n<td class=\"has-text-align-center\" style=\"text-align: center; width: 49.9104%; height: 151.797px;\" data-align=\"center\"><img loading=\"lazy\" decoding=\"async\" class=\"wp-image-17104 aligncenter\" src=\"https:\/\/thrillsyndicate.com\/wp-content\/uploads\/2024\/10\/Open_Loop.png\" alt=\"Lazo abierto Punto de enganche de resistencia total dise\u00f1ado para alojar Conectores Antidesenganche homologados. Uso recomendado: Escaladas divertidas y FEC\" width=\"150\" height=\"150\" srcset=\"https:\/\/thrillsyndicate.com\/wp-content\/uploads\/2024\/10\/Open_Loop.png 250w, https:\/\/thrillsyndicate.com\/wp-content\/uploads\/2024\/10\/Open_Loop-100x100.png 100w, https:\/\/thrillsyndicate.com\/wp-content\/uploads\/2024\/10\/Open_Loop-150x150.png 150w\" sizes=\"auto, (max-width: 150px) 100vw, 150px\" \/><\/td>\n<td style=\"text-align: center; width: 50.0914%; height: 151.797px;\"><img decoding=\"async\" class=\"wp-image-17104 aligncenter\" src=\"https:\/\/thrillsyndicate.com\/wp-content\/uploads\/2022\/02\/tru-clip-02-ws.jpg\" width=\"150\"><\/td>\n<\/tr>\n<tr style=\"height: 20.7969px;\">\n<td class=\"has-text-align-center\" style=\"text-align: center; width: 49.9104%; height: 20.7969px;\" data-align=\"center\"><strong>Lazo abierto<\/strong><\/td>\n<td style=\"text-align: center; width: 50.0914%; height: 20.7969px;\"><strong>Conector TRU-CLIP<\/strong><\/td>\n<\/tr>\n<tr style=\"height: 124.766px;\">\n<td class=\"has-text-align-center\" style=\"text-align: center; width: 49.9104%; height: 124.766px;\" data-align=\"center\">Punto de enganche de resistencia total dise\u00f1ado para alojar conectores antidesenganche homologados.<\/td>\n<td style=\"text-align: center; width: 50.0914%; height: 124.766px;\">Elimina la posibilidad de enganches incorrectos utilizando una conexi\u00f3n secuenciada.<\/td>\n<\/tr>\n<tr style=\"height: 20.7969px;\">\n<td class=\"has-text-align-center\" style=\"text-align: center; width: 49.9104%; height: 20.7969px;\" data-align=\"center\"><strong>Uso recomendado:<\/strong><\/td>\n<td style=\"text-align: center; width: 50.0914%; height: 20.7969px;\"><strong>Uso recomendado:<\/strong><\/td>\n<\/tr>\n<tr style=\"height: 41.5938px;\">\n<td class=\"has-text-align-center\" style=\"text-align: center; width: 49.9104%; height: 41.5938px;\" data-align=\"center\">Escaladas divertidas y FEC<\/td>\n<td style=\"text-align: center; width: 50.0914%; height: 41.5938px;\">Salas de Escalada, Escaladas Divertidas y FECs<\/td>\n<\/tr>\n<\/tbody>\n<\/table>\n<p><strong>Nota:<\/strong> Al seleccionar el <strong><a href=\"https:\/\/thrillsyndicate.com\/shop\/tru-clip-connector\/\">TRU-CLIP Connector<\/a><\/strong> como tu conector de correas preferido, es posible que necesites <a href=\"https:\/\/thrillsyndicate.com\/shop\/tru-clip-key-links\/\">eslabones clave<\/a> adicionales para un funcionamiento \u00f3ptimo.<\/p>\n<p>Presentamos el primer autoasegurador del mundo con la capacidad de &#8220;tomar&#8221;. El TRUBLUE iQ+ cuenta con una innovadora tecnolog\u00eda <a href=\"https:\/\/thrillsyndicate.com\/blog\/catch-and-hold\/\">catch-and-hold<\/a> que permite a los escaladores relajarse, recuperarse y rehacer t\u00e9cnicas dif\u00edciles. El TRUBLUE iQ+, que se basa en la plataforma iQ de pr\u00f3xima generaci\u00f3n, combina la mejor calidad y resistencia de su clase con capacidades nunca antes vistas. El TRUBLUE iQ PLUS es el avance m\u00e1s significativo en tecnolog\u00eda de autoaseguramiento en m\u00e1s de una d\u00e9cada.<\/p>\n<p>Cada TRUBLUE iQ+, como el modelo premium de nuestra serie iQ, est\u00e1 hecho a mano y construido para durar. El innovador mecanismo de frenado magn\u00e9tico no tiene fricci\u00f3n, lo que permite una gran cantidad de ciclos con un mantenimiento m\u00ednimo y desgaste de las piezas internas. El iQ+ es el primer y \u00fanico dispositivo de autoaseguramiento con caracter\u00edsticas avanzadas que incluyen tecnolog\u00eda catch-and-hold y compatibilidad con IoT, lo que lo hace ideal para paredes de escalada tanto en interiores como en exteriores.<\/p>\n<h2>Caracter\u00edsticas<\/h2>\n<ul>\n<li>Tecnolog\u00eda Catch-and-Hold: permite a los escaladores descansar y proyectar rutas.<\/li>\n<li>Construido para uso en interiores y exteriores.<\/li>\n<li>Alto n\u00famero de ciclos, mantenimiento m\u00ednimo y bajo costo de propiedad.<\/li>\n<li>Descenso suave: TRUBLUE es el \u00fanico autoasegurador que utiliza tecnolog\u00eda de frenado magn\u00e9tico. El frenado magn\u00e9tico es extremadamente confiable (incluso en condiciones h\u00famedas), libre de fricci\u00f3n y autorregulable, proporcionando la misma velocidad de descenso sin importar el tama\u00f1o o el peso del usuario.<\/li>\n<li>Ascenso sin asistencia: en lugar de tirar de los escaladores por la pared, TRUBLUE brinda a los usuarios la sensaci\u00f3n de escalador m\u00e1s aut\u00e9ntica, brind\u00e1ndoles la libertad de escalar por sus propios medios.<\/li>\n<li>Durabilidad mejorada: la serie iQ est\u00e1 equipada con una correa m\u00e1s ancha, un parachoques trasero incorporado y un protector de montaje reemplazable.<\/li>\n<li>Compatibilidad con IoT: conectividad integrada para descargas de datos y an\u00e1lisis de rendimiento (el paquete de software a\u00fan est\u00e1 por llegar)<\/li>\n<\/ul>\n<p><iframe loading=\"lazy\" title=\"TRUBLUE iQ+ Catch and Hold Auto Belay\" width=\"980\" height=\"551\" src=\"https:\/\/www.youtube.com\/embed\/0lGJQdvvFT8?feature=oembed\" frameborder=\"0\" allow=\"accelerometer; autoplay; clipboard-write; encrypted-media; gyroscope; picture-in-picture\" allowfullscreen><\/iframe><\/p>\n<h2>Seguridad<\/h2>\n<ul>\n<li>Cumple con los est\u00e1ndares de seguridad internacionales: TRUBLUE est\u00e1 dise\u00f1ado para escaladores y dise\u00f1ado para la seguridad. Dise\u00f1amos TRUBLUE para cumplir con los est\u00e1ndares de seguridad internacionales para dispositivos de detenci\u00f3n de ca\u00eddas.<\/li>\n<li>Extensas pruebas de seguridad: Durante m\u00e1s de cuatro a\u00f1os, la serie TRUBLUE iQ ha sido sometida a extensas pruebas de seguridad por parte de una empresa acreditada ISO 17025 que se especializa en pruebas de productos.<\/li>\n<li>Certificaci\u00f3n de carga de choque: los autoaseguramientos TRUBLUE est\u00e1n certificados seg\u00fan EN360:2002 para proteger contra cargas de choque. En escalada, estos pueden ser causados por movimientos din\u00e1micos.<\/li>\n<li>T\u00dcV S\u00dcD probado a 10x Clase A<\/li>\n<li>La se\u00f1alizaci\u00f3n de pared imprimible est\u00e1 disponible para su instalaci\u00f3n.<\/li>\n<\/ul>\n<h2>Especificaciones<\/h2>\n<p>Con el mismo frenado magn\u00e9tico que los escaladores aman y en el que conf\u00edan, \u00a1ahora m\u00e1s duradero y liviano que nunca!<\/p>\n<ul class=\"hrt-specs\">\n<li><strong>Dimensiones:<\/strong>\n<ul>\n<li>iQ+: 370 x 280 x 254 mm (14,5 x 11 x 10 pulgadas)<\/li>\n<\/ul>\n<\/li>\n<li><strong>Peso:<\/strong>\n<ul>\n<li>iQ+ LT: 19 kg (41,8 libras)<\/li>\n<li>iQ+ XL: 22,1 kg (48,7 libras)<\/li>\n<\/ul>\n<\/li>\n<li><strong>Rango de peso del escalador:<\/strong> 10-140 kg (22-309 lbs)<\/li>\n<li><strong>Velocidad m\u00e1xima de aterrizaje:<\/strong> 2,0 m\/s (6,5 pies\/s)<\/li>\n<li><strong>Altura m\u00e1xima de montaje:<\/strong>\n<ul>\n<li>LT: 12,5 m (41 pies)<\/li>\n<li>XL: 20 m (65,6 pies)<\/li>\n<\/ul>\n<\/li>\n<li><strong>Altura m\u00ednima de montaje:<\/strong>\n<ul>\n<li>LT: 4,5 m (14,8 pies)<\/li>\n<li>XL: 12 m (39,4 pies)<\/li>\n<\/ul>\n<\/li>\n<li>Rango de temperatura:\n<ul>\n<li>En funcionamiento: -4 \u00b0C a 60 \u00b0C (25 \u00b0F a 140 \u00b0F)<\/li>\n<li>En funcionamiento (seco): -10 \u00b0C a 60 \u00b0C (14 \u00b0F a 140 \u00b0F)<\/li>\n<\/ul>\n<\/li>\n<\/ul>\n<h4>EST\u00c1NDARES DE SEGURIDAD<\/h4>\n<p>Cuando se trata de elegir un sistema de seguridad autom\u00e1tico para su negocio, los gimnasios, campamentos, parques de aventuras y m\u00e1s tienen algunas opciones. Nos tomamos la seguridad muy en serio porque hay vidas en juego y creemos que t\u00fa tambi\u00e9n deber\u00edas hacerlo. Como l\u00edder mundial en la producci\u00f3n de sistemas de seguridad para veh\u00edculos, tenemos el gran deber de establecer el est\u00e1ndar de regulaci\u00f3n y seguridad.<\/p>\n<ul>\n<li><strong>AS\/NZS 1891:<\/strong> Sistemas y dispositivos industriales de detenci\u00f3n de ca\u00eddas &#8211; Parte 3: Dispositivos de detenci\u00f3n de ca\u00eddas<\/li>\n<li><strong>CSA Z259.2.3-99:<\/strong> Dispositivos de control de descenso<\/li>\n<li><strong>EN 341: 2011 Clase 1A:<\/strong> Equipo de protecci\u00f3n personal contra ca\u00eddas desde una altura &#8211; Dispositivos de descenso\n<ul>\n<li><strong>RFU PPE-R\/11.128:2019:<\/strong> Recomendado para Uso en dispositivos de control de descenso utilizados en roc\u00f3dromos, circuitos de cuerda. 10x Clase A.<\/li>\n<\/ul>\n<\/li>\n<li><strong>ANSI\/ASSE Z359.4:<\/strong> Requisitos de seguridad para sistemas, subsistemas y componentes de rescate asistido y autorrescate<\/li>\n<li><strong>EN 360:2002:<\/strong> Equipos de protecci\u00f3n personal contra ca\u00eddas desde altura &#8211; Dispositivos antica\u00eddas de tipo retr\u00e1ctil. Secci\u00f3n 4.5: Fuerza m\u00e1xima&lt; 6kN para 150kg de capacidad<\/li>\n<\/ul>\n<p><img loading=\"lazy\" decoding=\"async\" class=\"alignnone size-large wp-image-151\" src=\"https:\/\/thrillsyndicate.com\/wp-content\/uploads\/2022\/02\/TRUBLUE_Selection-Guide-rev_1-0-634x1024.jpg\" alt=\"\" width=\"634\" height=\"1024\" srcset=\"https:\/\/thrillsyndicate.com\/wp-content\/uploads\/2022\/02\/TRUBLUE_Selection-Guide-rev_1-0-634x1024.jpg 634w, https:\/\/thrillsyndicate.com\/wp-content\/uploads\/2022\/02\/TRUBLUE_Selection-Guide-rev_1-0-458x740.jpg 458w, https:\/\/thrillsyndicate.com\/wp-content\/uploads\/2022\/02\/TRUBLUE_Selection-Guide-rev_1-0-186x300.jpg 186w, https:\/\/thrillsyndicate.com\/wp-content\/uploads\/2022\/02\/TRUBLUE_Selection-Guide-rev_1-0-768x1240.jpg 768w, https:\/\/thrillsyndicate.com\/wp-content\/uploads\/2022\/02\/TRUBLUE_Selection-Guide-rev_1-0-100x162.jpg 100w, https:\/\/thrillsyndicate.com\/wp-content\/uploads\/2022\/02\/TRUBLUE_Selection-Guide-rev_1-0.jpg 826w\" sizes=\"auto, (max-width: 634px) 100vw, 634px\" \/><\/p>\n<p><iframe loading=\"lazy\" title=\"TRUBLUE iQ+ World&#039;s first catch and hold auto belay\" width=\"980\" height=\"551\" src=\"https:\/\/www.youtube.com\/embed\/IEuysqJ8N-g?feature=oembed\" frameborder=\"0\" allow=\"accelerometer; autoplay; clipboard-write; encrypted-media; gyroscope; picture-in-picture\" allowfullscreen><\/iframe><\/p>\n","protected":false},"excerpt":{"rendered":"<p>Presentamos el primer autoasegurador del mundo con la capacidad de &#8220;tomar&#8221;. El TRUBLUE iQ+ cuenta con una innovadora tecnolog\u00eda catch-and-hold que permite a los escaladores relajarse, recuperarse y rehacer t\u00e9cnicas dif\u00edciles.<\/p>\n","protected":false},"featured_media":3853,"template":"","meta":{"_coblocks_attr":"","_coblocks_dimensions":"","_coblocks_responsive_height":"","_coblocks_accordion_ie_support":"","wds_primary_product_brand":0,"wds_primary_product_cat":0},"product_brand":[72],"product_cat":[23],"product_tag":[24],"class_list":{"0":"post-6139","1":"product","2":"type-product","3":"status-publish","4":"has-post-thumbnail","6":"product_brand-head-rush-technologies","7":"product_cat-vertical-auto-belay-systems","8":"product_tag-trublue","10":"first","11":"instock","12":"sale","13":"taxable","14":"shipping-taxable","15":"purchasable","16":"product-type-variable","17":"has-default-attributes"},"_links":{"self":[{"href":"https:\/\/thrillsyndicate.com\/es\/wp-json\/wp\/v2\/product\/6139","targetHints":{"allow":["GET"]}}],"collection":[{"href":"https:\/\/thrillsyndicate.com\/es\/wp-json\/wp\/v2\/product"}],"about":[{"href":"https:\/\/thrillsyndicate.com\/es\/wp-json\/wp\/v2\/types\/product"}],"wp:featuredmedia":[{"embeddable":true,"href":"https:\/\/thrillsyndicate.com\/es\/wp-json\/wp\/v2\/media\/3853"}],"wp:attachment":[{"href":"https:\/\/thrillsyndicate.com\/es\/wp-json\/wp\/v2\/media?parent=6139"}],"wp:term":[{"taxonomy":"product_brand","embeddable":true,"href":"https:\/\/thrillsyndicate.com\/es\/wp-json\/wp\/v2\/product_brand?post=6139"},{"taxonomy":"product_cat","embeddable":true,"href":"https:\/\/thrillsyndicate.com\/es\/wp-json\/wp\/v2\/product_cat?post=6139"},{"taxonomy":"product_tag","embeddable":true,"href":"https:\/\/thrillsyndicate.com\/es\/wp-json\/wp\/v2\/product_tag?post=6139"}],"curies":[{"name":"wp","href":"https:\/\/api.w.org\/{rel}","templated":true}]}}