{"id":6195,"date":"2022-04-11T16:26:38","date_gmt":"2022-04-11T14:26:38","guid":{"rendered":"https:\/\/thrillsyndicate.com\/shop\/carro-isc-zipspeed-xtreme\/"},"modified":"2025-08-30T13:57:11","modified_gmt":"2025-08-30T11:57:11","slug":"isc-zipspeed-xtreme-trolley","status":"publish","type":"product","link":"https:\/\/thrillsyndicate.com\/es\/product\/isc-zipspeed-xtreme-trolley\/","title":{"rendered":"Polea ISC ZipSpeed XTREME"},"content":{"rendered":"<p>La Polea ISC ZipSpeed XTREME es la c\u00faspide de la tecnolog\u00eda de tirolesas, desarrollada tras casi una d\u00e9cada de colaboraci\u00f3n con los operadores de tirolesas m\u00e1s r\u00e1pidos del mundo. Dise\u00f1ado para alcanzar velocidades superiores a 160 km\/h minimizando el ruido, satisface las rigurosas exigencias de las atracciones de alto rendimiento, garantizando una experiencia emocionante pero silenciosa para todos. <\/p>\n<h2>Ventajas de la Polea ISC ZipSpeed XTREME<\/h2>\n<p><strong>Rendimiento a alta velocidad<\/strong>: La Polea ISC ZipSpeed XTREME est\u00e1 dise\u00f1ada para alcanzar velocidades superiores a 160 km\/h (100 mph). Su robusto dise\u00f1o satisface las necesidades de las atracciones de gran afluencia de visitantes, garantizando que cada viaje sea estimulante y fiable. <strong>Reducci\u00f3n superior del ruido<\/strong>: En respuesta a la creciente necesidad de control del ruido, la Polea ZipSpeed XTREME incorpora placas laterales especialmente dise\u00f1adas que optimizan la frecuencia de vibraci\u00f3n, reduciendo significativamente la emisi\u00f3n de ruido. Las ruedas de acero inoxidable con neum\u00e1ticos de poliuretano amortiguan a\u00fan m\u00e1s las vibraciones, garantizando un desplazamiento m\u00e1s silencioso y respetuoso con los residentes locales y la fauna. <strong>Funciones de seguridad mejoradas<\/strong>: El innovador sistema ARC de Reducci\u00f3n de Ruido (NRARC) de la Polea ZipSpeed XTREME evita el retroceso, mejorando la seguridad al reducir el tiempo de rescate. La paleta de aire desactiva la leva NRARC durante el movimiento hacia delante, eliminando el ruido y asegurando la detenci\u00f3n inmediata si el Polea empieza a rodar hacia atr\u00e1s. <\/p>\n<h2>Especificaciones principales de la Polea ISC ZipSpeed XTREME<\/h2>\n<p><strong>Compatibilidad con sistemas de frenado avanzados<\/strong>: Equipado con dos parachoques de impacto reforzados con acero, el Polea ZipSpeed XTREME puede soportar velocidades de impacto de hasta 80 km\/h (50 mph). Es compatible con varios sistemas de frenado de Poleas de impacto, lo que garantiza una integraci\u00f3n perfecta y una seguridad \u00f3ptima a altas velocidades. <strong>Dise\u00f1o duradero y ligero<\/strong>: Construido con armazones de aluminio de alta calidad y placas laterales con recubrimiento de polvo, el Polea ZipSpeed XTREME es duradero y ligero a la vez, ya que s\u00f3lo pesa 8,15 kg (28 lb). Este equilibrio entre resistencia y ligereza garantiza un rendimiento a largo plazo y facilidad de uso. <strong>Optimizado para cables est\u00e1ndar del sector<\/strong>: Aunque la Polea ZipSpeed XTREME es adecuada para cables de tirolesa est\u00e1ndar, funciona mejor con cables &#8220;Interlocked&#8221; de superficie lisa, que minimizan el ruido y prolongan la vida \u00fatil de las ruedas. Esta compatibilidad garantiza que los operadores puedan alcanzar los m\u00e1s altos niveles de rendimiento. <\/p>\n<h3>Especificaciones completas<\/h3>\n<ul>\n<li><strong>C\u00f3digos de pieza<\/strong>: RP079XT<\/li>\n<li><strong>Dimensiones<\/strong>: Longitud: 877 mm (34 1\/2&#8243;), Anchura: 110 mm (4 21\/64&#8243;), Altura: 290 mm (11 1\/2&#8243;) (Almacenada, sin accesorios)<\/li>\n<li><strong>Peso<\/strong>: 8,15 kg (28 lb)<\/li>\n<li><strong>Di\u00e1metro del cable<\/strong>: 16 mm (5\/8&#8243;)<\/li>\n<li><strong>Construcci\u00f3n del cable recomendada<\/strong>: Acero comprimido o &#8220;Z-lock&#8221; de superficie lisa<\/li>\n<li><strong>Di\u00e1metro de la rueda<\/strong>: 90 mm (3 1\/2&#8243;)<\/li>\n<li><strong>Tipo de rueda<\/strong>: Acero inoxidable con neum\u00e1ticos de poliuretano<\/li>\n<li><strong>Placas laterales<\/strong>: Aluminio (recubierto de polvo)<\/li>\n<li><strong>Velocidad \u00f3ptima<\/strong>: 128 &#8211; 160 km\/h (80 &#8211; 100 mph)<\/li>\n<li><strong>m\u00e1x. Velocidad recomendada<\/strong>: 185 km\/h (115 mph)<\/li>\n<li><strong>m\u00e1x. Velocidad de impacto del freno<\/strong>80 km\/h (50 mph)<\/li>\n<li><strong>Mosquetones compatibles<\/strong>: ISC HMS (KH204), ISC Acero HMS (KH212)  [2 connectors per trolley]<\/li>\n<li><strong>Compatibilidad con el arn\u00e9s<\/strong>: Compatible con el arn\u00e9s estilo Superman<\/li>\n<\/ul>\n<p>La Polea ISC ZipSpeed XTREME es la soluci\u00f3n definitiva para los operadores profesionales de tirolinas, ya que combina la alta velocidad con funciones avanzadas de reducci\u00f3n de ruido y seguridad. Aseg\u00farate de que tu atracci\u00f3n de tirolina ofrece la mejor experiencia posible invirtiendo hoy mismo en el Carro ZipSpeed XTREME. <\/p>\n","protected":false},"excerpt":{"rendered":"<p>La Polea ISC ZipSpeed XTREME ofrece una velocidad y una reducci\u00f3n del ruido inigualables para atracciones de tirolinas de alto rendimiento.<br \/>\nPerfecto para operadores profesionales que buscan el m\u00e1ximo rendimiento. <\/p>\n","protected":false},"featured_media":4507,"template":"","meta":{"_coblocks_attr":"","_coblocks_dimensions":"","_coblocks_responsive_height":"","_coblocks_accordion_ie_support":"","wds_primary_product_brand":0,"wds_primary_product_cat":0},"product_brand":[171],"product_cat":[68],"product_tag":[37,36],"class_list":{"0":"post-6195","1":"product","2":"type-product","3":"status-publish","4":"has-post-thumbnail","6":"product_brand-isc","7":"product_cat-zipline-trolleys","8":"product_tag-zipline-trolley","9":"product_tag-zipline","11":"first","12":"instock","13":"taxable","14":"shipping-taxable","15":"purchasable","16":"product-type-variable"},"_links":{"self":[{"href":"https:\/\/thrillsyndicate.com\/es\/wp-json\/wp\/v2\/product\/6195","targetHints":{"allow":["GET"]}}],"collection":[{"href":"https:\/\/thrillsyndicate.com\/es\/wp-json\/wp\/v2\/product"}],"about":[{"href":"https:\/\/thrillsyndicate.com\/es\/wp-json\/wp\/v2\/types\/product"}],"wp:featuredmedia":[{"embeddable":true,"href":"https:\/\/thrillsyndicate.com\/es\/wp-json\/wp\/v2\/media\/4507"}],"wp:attachment":[{"href":"https:\/\/thrillsyndicate.com\/es\/wp-json\/wp\/v2\/media?parent=6195"}],"wp:term":[{"taxonomy":"product_brand","embeddable":true,"href":"https:\/\/thrillsyndicate.com\/es\/wp-json\/wp\/v2\/product_brand?post=6195"},{"taxonomy":"product_cat","embeddable":true,"href":"https:\/\/thrillsyndicate.com\/es\/wp-json\/wp\/v2\/product_cat?post=6195"},{"taxonomy":"product_tag","embeddable":true,"href":"https:\/\/thrillsyndicate.com\/es\/wp-json\/wp\/v2\/product_tag?post=6195"}],"curies":[{"name":"wp","href":"https:\/\/api.w.org\/{rel}","templated":true}]}}