{"id":6196,"date":"2022-04-04T17:14:00","date_gmt":"2022-04-04T15:14:00","guid":{"rendered":"https:\/\/thrillsyndicate.com\/shop\/isc-zippey-clipnzip-trolley\/"},"modified":"2025-08-30T14:03:16","modified_gmt":"2025-08-30T12:03:16","slug":"isc-zippey-clipnzip-carro","status":"publish","type":"product","link":"https:\/\/thrillsyndicate.com\/es\/product\/isc-zippey-clipnzip-carro\/","title":{"rendered":"ISC Zippey Clip&#8217;n&#8217;Zip Trolley"},"content":{"rendered":"<p>La Polea Zippey Clip&#8217;n&#8217;Zip de ISC ha sido dise\u00f1ada con las aportaciones de los operadores de tirolesa de todo el mundo, lo que garantiza que cumple las normas m\u00e1s estrictas de seguridad, comodidad y rendimiento. Este Polea bidireccional cuenta con un mecanismo de ajuste sencillo, seguro y con una sola mano, que lo convierte en la elecci\u00f3n perfecta para parques de aventura y empresas de ocio al aire libre. Construido con aluminio y acero inoxidable de alta especificaci\u00f3n, el carro Zippey Clip&#8217;n&#8217;Zip Polea ofrece una inmejorable relaci\u00f3n peso-rendimiento, que supera los est\u00e1ndares del sector.  <\/p>\n<h2>Ventajas del carrito ISC Zippey Clip&#8217;n&#8217;Zip Polea<\/h2>\n<p><strong>Manejo sin esfuerzo con una sola mano<\/strong>: La Polea Zippey Clip&#8217;n&#8217;Zip de ISC est\u00e1 dise\u00f1ada para facilitar su uso, e incorpora un mecanismo de doble cierre con muelle que puede accionarse con una sola mano. Este dise\u00f1o garantiza un enganche r\u00e1pido y seguro en todo momento, mejorando la seguridad y la eficacia de los operarios. La capacidad bidireccional significa que no hay forma incorrecta de colocar la Polea, lo que reduce el tiempo de preparaci\u00f3n y los posibles errores. <strong>Durabilidad y rendimiento superiores<\/strong>: Construido con chapa de aluminio de 4 mm de alta especificaci\u00f3n y equipado con ruedas de acero inoxidable, el carro Zippey Clip&#8217;n&#8217;Zip Polea est\u00e1 hecho para soportar los rigores del uso frecuente. Los rodamientos de bolas de doble hilera y ranura profunda proporcionan una velocidad de 60 mph (90 km\/h) y una vida \u00fatil de m\u00e1s de 1000 millas (1500 km), lo que garantiza una fiabilidad a largo plazo y un funcionamiento sin problemas en tus recorridos por tirolinas. <strong>Dise\u00f1o ligero y robusto<\/strong>: Con un peso de s\u00f3lo 450 g (1 lb), la Polea Zippey Clip&#8217;n&#8217;Zip de ISC ofrece una excelente relaci\u00f3n peso-rendimiento. A pesar de su dise\u00f1o ligero, presume de una resistencia m\u00ednima a la rotura (MBS) de 25 kN (5620lbf), que supera la normativa estadounidense y est\u00e1 totalmente homologada por la CE. Esta combinaci\u00f3n de ligereza y resistencia lo convierte en la elecci\u00f3n ideal para las aplicaciones de tirolesa m\u00e1s exigentes.  <\/p>\n<h2>Especificaciones principales del carrito ISC Zippey Clip&#8217;n&#8217;Zip Polea<\/h2>\n<p><strong>Alta velocidad<\/strong>: La Polea Zippey Clip&#8217;n&#8217;Zip de ISC puede alcanzar velocidades de hasta 90 km\/h, lo que la hace adecuada para una amplia gama de instalaciones de tirolinas. La capacidad de alta velocidad garantiza una experiencia emocionante para los usuarios, al tiempo que mantiene un funcionamiento suave y controlado. <strong>Peso excepcional<\/strong>: Con un peso nominal de 140 kg (308 lb), la Polea Zippey Clip&#8217;n&#8217;Zip puede adaptarse a un amplio espectro de usuarios, proporcionando versatilidad para diversas instalaciones de tirolinas. Esta robusta capacidad de peso garantiza que el Polea pueda soportar las exigencias de cualquier recorrido profesional de tirolinas. <strong>Ingenier\u00eda de precisi\u00f3n<\/strong>: El Polea Zippey Clip&#8217;n&#8217;Zip tiene un di\u00e1metro de rueda de 29 mm (1 3\/16&#8243;) y una longitud total de 154 mm (6&#8243;), lo que garantiza un rendimiento y una estabilidad \u00f3ptimos. Las ruedas de acero inoxidable y el acabado anodizado aumentan la durabilidad, mientras que el gran punto de enganche principal y los orificios adicionales ofrecen flexibilidad para diversas configuraciones y accesorios. <\/p>\n<h3>Especificaciones completas<\/h3>\n<ul>\n<li><strong>Peso de la unidad<\/strong>: 450 g (1 lb)<\/li>\n<li><strong>Peso nominal<\/strong>: 140 kg (308 lb)<\/li>\n<li><strong>\u00cdndice de velocidad<\/strong>: 90 km\/h<\/li>\n<li><strong>Di\u00e1metro de la rueda<\/strong>: 29 mm (1 3\/16&#8243;)<\/li>\n<li><strong>Resistencia m\u00ednima a la rotura (MBS)<\/strong>: 25kN (5620lbf)<\/li>\n<li><strong>Di\u00e1metro m\u00e1ximo del cable<\/strong>: 13 mm (1\/2&#8243;)<\/li>\n<li><strong>Longitud total<\/strong>: 154 mm (6&#8243;)<\/li>\n<li><strong>Anchura total<\/strong>: 131 mm (5&#8243;)<\/li>\n<li><strong>Grosor total<\/strong>: 46 mm (1&#8243;)<\/li>\n<li><strong>Tama\u00f1o de la cinta<\/strong>: 25 mm (1&#8243;)<\/li>\n<li><strong>Normas<\/strong>: EN12278<\/li>\n<\/ul>\n<p>La Polea Zippey Clip&#8217;n&#8217;Zip de ISC es la mejor elecci\u00f3n para los operadores profesionales de tirolinas, ya que ofrece una facilidad de uso, una durabilidad y un rendimiento inigualables. Eleva tus recorridos de tirolina con este carro de \u00faltima generaci\u00f3n y ofrece una experiencia excepcional a tus visitantes. \u00a1Pide hoy mismo el Polea Zippey Clip&#8217;n&#8217;Zip de ISC!  <\/p>\n","protected":false},"excerpt":{"rendered":"<p>La Polea Zippey Clip&#8217;n&#8217;Zip de ISC combina un montaje f\u00e1cil, seguro y con una sola mano con una durabilidad y un rendimiento excepcionales.<br \/>\nIdeal para tirolineros profesionales que buscan lo mejor en seguridad y eficacia. <\/p>\n","protected":false},"featured_media":4474,"template":"","meta":{"_coblocks_attr":"","_coblocks_dimensions":"","_coblocks_responsive_height":"","_coblocks_accordion_ie_support":"","wds_primary_product_brand":0,"wds_primary_product_cat":0},"product_brand":[171],"product_cat":[68],"product_tag":[37,36],"class_list":{"0":"post-6196","1":"product","2":"type-product","3":"status-publish","4":"has-post-thumbnail","6":"product_brand-isc","7":"product_cat-zipline-trolleys","8":"product_tag-zipline-trolley","9":"product_tag-zipline","11":"first","12":"instock","13":"taxable","14":"shipping-taxable","15":"purchasable","16":"product-type-variable"},"_links":{"self":[{"href":"https:\/\/thrillsyndicate.com\/es\/wp-json\/wp\/v2\/product\/6196","targetHints":{"allow":["GET"]}}],"collection":[{"href":"https:\/\/thrillsyndicate.com\/es\/wp-json\/wp\/v2\/product"}],"about":[{"href":"https:\/\/thrillsyndicate.com\/es\/wp-json\/wp\/v2\/types\/product"}],"wp:featuredmedia":[{"embeddable":true,"href":"https:\/\/thrillsyndicate.com\/es\/wp-json\/wp\/v2\/media\/4474"}],"wp:attachment":[{"href":"https:\/\/thrillsyndicate.com\/es\/wp-json\/wp\/v2\/media?parent=6196"}],"wp:term":[{"taxonomy":"product_brand","embeddable":true,"href":"https:\/\/thrillsyndicate.com\/es\/wp-json\/wp\/v2\/product_brand?post=6196"},{"taxonomy":"product_cat","embeddable":true,"href":"https:\/\/thrillsyndicate.com\/es\/wp-json\/wp\/v2\/product_cat?post=6196"},{"taxonomy":"product_tag","embeddable":true,"href":"https:\/\/thrillsyndicate.com\/es\/wp-json\/wp\/v2\/product_tag?post=6196"}],"curies":[{"name":"wp","href":"https:\/\/api.w.org\/{rel}","templated":true}]}}