{"id":6217,"date":"2022-04-12T10:21:56","date_gmt":"2022-04-12T08:21:56","guid":{"rendered":"https:\/\/thrillsyndicate.com\/shop\/polea-auxiliar-de-ascenso-alf-bloqueo-automatico-de-2-vias\/"},"modified":"2025-11-03T13:44:50","modified_gmt":"2025-11-03T12:44:50","slug":"alf-climb-assist-polea","status":"publish","type":"product","link":"https:\/\/thrillsyndicate.com\/es\/product\/alf-climb-assist-polea\/","title":{"rendered":"Polea auxiliar de ascenso ALF | Bloqueo autom\u00e1tico de 2 v\u00edas"},"content":{"rendered":"<p>El ALF tambi\u00e9n es una soluci\u00f3n de protecci\u00f3n para trabajadores en torres, m\u00e1stiles, turbinas e\u00f3licas e incluso en aplicaciones de construcci\u00f3n donde se requiere una soluci\u00f3n de asistencia de ascenso temporal rentable para trabajos de corta duraci\u00f3n.<\/p>\n<p>En caso de ca\u00edda, la polea ALF se bloquea r\u00e1pidamente para detener la ca\u00edda. Como las distancias de ca\u00edda son extremadamente peque\u00f1as, es muy poco probable que el usuario quede incapacitado. Sin embargo, si es necesario, se puede organizar f\u00e1cilmente un rescate desde el nivel del suelo.<\/p>\n<p>M\u00e1s de 20 000 usuarios han probado el ALF en el campo y en ciclos sin detrimento del rendimiento y con poco o ning\u00fan desgaste. El ALF se ha probado exhaustivamente contra ca\u00eddas, de acuerdo con CE EN360 y ANSI Z359 y con pesos distintos a los requeridos por los est\u00e1ndares CE y ANSI, e incluye pruebas est\u00e1ticas hasta la destrucci\u00f3n, \u00a1lo que lo convierte probablemente en el producto Climb Assist m\u00e1s seguro del mundo!<\/p>\n<p>La unidad se puede montar en un sistema de bucle continuo, utilizando una polea Prussik individual grande (aluminio).<\/p>\n<p><iframe loading=\"lazy\" title=\"ALF Climb Assist Pulley- 2 Way Auto Locking in Rope Course\" width=\"980\" height=\"551\" src=\"https:\/\/www.youtube.com\/embed\/duTRvN_RK54?feature=oembed\" frameborder=\"0\" allow=\"accelerometer; autoplay; clipboard-write; encrypted-media; gyroscope; picture-in-picture\" allowfullscreen><\/iframe><\/p>\n<div class=\"clearfix\"><\/div>\n<h2>Especificaciones<\/h2>\n<p class=\"clsTechSpecs\"><strong>Compatible con el di\u00e1metro de la cuerda (mm):<\/strong> La cuerda aprobada para usar con el ALF es ISC workLINE (11 mm Low Stretch Kernmantle, EN1891A).<br \/>\n<strong>N\u00famero de personas:<\/strong> 1<br \/>\n<strong>EZYiD:<\/strong> Disponible bajo pedido<br \/>\n<strong>Acabado:<\/strong> anodizado<br \/>\n<strong>Color:<\/strong> P\u00farpura<br \/>\n<strong>Puede ser reparado:<\/strong> S\u00ed<br \/>\n<strong>Peso (gramos):<\/strong> 1200<br \/>\n<strong>Peso (onzas): <\/strong>42,3<br \/>\nNormas aprobadas: CE 0120 EN360, ANSI Z359<\/p>\n<h2 class=\"clsTechSpecs\">Requisitos del servicio:<\/h2>\n<p class=\"clsTechSpecs\">Inmediatamente antes, durante y despu\u00e9s del uso, realice inspecciones visuales del producto para asegurarse de que est\u00e9 en buenas condiciones y funcione correctamente. Adem\u00e1s de las inspecciones visuales b\u00e1sicas realizadas por el usuario, el producto debe ser examinado anualmente o con mayor frecuencia seg\u00fan la legislaci\u00f3n local o la intensidad de uso. El mantenimiento debe ser realizado por el fabricante o una persona competente autorizada por el fabricante. Otros factores, como las temperaturas extremas, la humedad, los efectos de los productos qu\u00edmicos, el \u00f3xido, los cortes, las abrasiones o la frecuencia de uso podr\u00edan afectar el intervalo de servicio requerido del equipo.<\/p>\n","protected":false},"excerpt":{"rendered":"<p>La polea de asistencia para ascenso ALF fue dise\u00f1ada para la industria de los recorridos de desaf\u00edo, como un m\u00e9todo simple para proteger a los usuarios en ascensos verticales incorporados en un recorrido.<\/p>\n","protected":false},"featured_media":4546,"template":"","meta":{"_coblocks_attr":"","_coblocks_dimensions":"","_coblocks_responsive_height":"","_coblocks_accordion_ie_support":"","wds_primary_product_brand":0,"wds_primary_product_cat":0},"product_brand":[171],"product_cat":[23,161],"product_tag":[55,162],"class_list":{"0":"post-6217","1":"product","2":"type-product","3":"status-publish","4":"has-post-thumbnail","6":"product_brand-isc","7":"product_cat-vertical-auto-belay-systems","8":"product_cat-pulleys","9":"product_tag-ropes-course","10":"product_tag-pulley","12":"first","13":"instock","14":"taxable","15":"shipping-taxable","16":"purchasable","17":"product-type-simple"},"_links":{"self":[{"href":"https:\/\/thrillsyndicate.com\/es\/wp-json\/wp\/v2\/product\/6217","targetHints":{"allow":["GET"]}}],"collection":[{"href":"https:\/\/thrillsyndicate.com\/es\/wp-json\/wp\/v2\/product"}],"about":[{"href":"https:\/\/thrillsyndicate.com\/es\/wp-json\/wp\/v2\/types\/product"}],"wp:featuredmedia":[{"embeddable":true,"href":"https:\/\/thrillsyndicate.com\/es\/wp-json\/wp\/v2\/media\/4546"}],"wp:attachment":[{"href":"https:\/\/thrillsyndicate.com\/es\/wp-json\/wp\/v2\/media?parent=6217"}],"wp:term":[{"taxonomy":"product_brand","embeddable":true,"href":"https:\/\/thrillsyndicate.com\/es\/wp-json\/wp\/v2\/product_brand?post=6217"},{"taxonomy":"product_cat","embeddable":true,"href":"https:\/\/thrillsyndicate.com\/es\/wp-json\/wp\/v2\/product_cat?post=6217"},{"taxonomy":"product_tag","embeddable":true,"href":"https:\/\/thrillsyndicate.com\/es\/wp-json\/wp\/v2\/product_tag?post=6217"}],"curies":[{"name":"wp","href":"https:\/\/api.w.org\/{rel}","templated":true}]}}