{"id":6222,"date":"2022-04-15T10:39:31","date_gmt":"2022-04-15T08:39:31","guid":{"rendered":"https:\/\/thrillsyndicate.com\/shop\/caida-libre-marco-de-montaje-en-pared-universal\/"},"modified":"2025-11-03T13:44:35","modified_gmt":"2025-11-03T12:44:35","slug":"marco-de-montaje-de-pared-de-caida-libre","status":"publish","type":"product","link":"https:\/\/thrillsyndicate.com\/es\/product\/marco-de-montaje-de-pared-de-caida-libre\/","title":{"rendered":"Ca\u00edda libre | Marco de montaje en pared universal"},"content":{"rendered":"<p>No necesita torre: es ideal para crear una atracci\u00f3n de ca\u00edda libre QuickFlight en un espacio muy reducido en cualquier Circuito de Cuerdas, centro tur\u00edstico, parque tem\u00e1tico o cualquier otro tipo de instalaci\u00f3n o parque de aventuras al aire libre.<\/p>\n<p>Especificaciones<\/p>\n<ul>\n<li>Longitud: 160 cm<\/li>\n<li>Ancho: 100 cm<\/li>\n<li>Requiere <a href=\"https:\/\/thrillsyndicate.com\/shop\/mounting-kit-for-quickflight-quickflight-xl\/\">kit de montaje<\/a> separado<\/li>\n<li>Placas y perfiles &#8211; seg\u00fan NEN-EN 10025-2<\/li>\n<li>Soldaduras: Seg\u00fan NEN-EN-ISO 2553:2014.<\/li>\n<li>Grado de perno: 8.8<\/li>\n<li>Entregado con grilletes de alta resistencia<\/li>\n<li>Pernos M12 para montaje en pared: No incluidos, esto se define por el tipo de pared<\/li>\n<\/ul>\n<p>&nbsp;<\/p>\n<p><iframe loading=\"lazy\" title=\"Free Fall | Universal Wall Mounting Frame\" width=\"980\" height=\"551\" src=\"https:\/\/www.youtube.com\/embed\/CPoLjjj_RNk?feature=oembed\" frameborder=\"0\" allow=\"accelerometer; autoplay; clipboard-write; encrypted-media; gyroscope; picture-in-picture\" allowfullscreen><\/iframe><\/p>\n","protected":false},"excerpt":{"rendered":"<p>El soporte universal de ca\u00edda libre es un sistema de montaje vers\u00e1til dise\u00f1ado para usarse en paredes o estructuras similares para proporcionar un punto de anclaje para un dispositivo de ca\u00edda libre como QuickFlight.<\/p>\n","protected":false},"featured_media":4585,"template":"","meta":{"_coblocks_attr":"","_coblocks_dimensions":"","_coblocks_responsive_height":"","_coblocks_accordion_ie_support":"","wds_primary_product_brand":0,"wds_primary_product_cat":0},"product_brand":[70],"product_cat":[473,528],"product_tag":[44,46,55],"class_list":{"0":"post-6222","1":"product","2":"type-product","3":"status-publish","4":"has-post-thumbnail","6":"product_brand-thrill-syndicate","7":"product_cat-accesorios-de-autoaseguramiento-trublue","8":"product_cat-accesorios-de-caida-libre","9":"product_tag-free-fall","10":"product_tag-quickflight-free-fall","11":"product_tag-ropes-course","13":"first","14":"instock","15":"taxable","16":"shipping-taxable","17":"purchasable","18":"product-type-simple"},"_links":{"self":[{"href":"https:\/\/thrillsyndicate.com\/es\/wp-json\/wp\/v2\/product\/6222","targetHints":{"allow":["GET"]}}],"collection":[{"href":"https:\/\/thrillsyndicate.com\/es\/wp-json\/wp\/v2\/product"}],"about":[{"href":"https:\/\/thrillsyndicate.com\/es\/wp-json\/wp\/v2\/types\/product"}],"wp:featuredmedia":[{"embeddable":true,"href":"https:\/\/thrillsyndicate.com\/es\/wp-json\/wp\/v2\/media\/4585"}],"wp:attachment":[{"href":"https:\/\/thrillsyndicate.com\/es\/wp-json\/wp\/v2\/media?parent=6222"}],"wp:term":[{"taxonomy":"product_brand","embeddable":true,"href":"https:\/\/thrillsyndicate.com\/es\/wp-json\/wp\/v2\/product_brand?post=6222"},{"taxonomy":"product_cat","embeddable":true,"href":"https:\/\/thrillsyndicate.com\/es\/wp-json\/wp\/v2\/product_cat?post=6222"},{"taxonomy":"product_tag","embeddable":true,"href":"https:\/\/thrillsyndicate.com\/es\/wp-json\/wp\/v2\/product_tag?post=6222"}],"curies":[{"name":"wp","href":"https:\/\/api.w.org\/{rel}","templated":true}]}}