{"id":6223,"date":"2022-04-20T13:18:35","date_gmt":"2022-04-20T11:18:35","guid":{"rendered":"https:\/\/thrillsyndicate.com\/shop\/edelrid-vector-x-arnes-de-cuerpo-entero\/"},"modified":"2025-08-26T08:55:53","modified_gmt":"2025-08-26T06:55:53","slug":"edelrid-vector-x-arneses-de-cuerpo-completo","status":"publish","type":"product","link":"https:\/\/thrillsyndicate.com\/es\/product\/edelrid-vector-x-arneses-de-cuerpo-completo\/","title":{"rendered":"Edelrid VECTOR X | Arn\u00e9s de cuerpo entero"},"content":{"rendered":"<p>El segundo arn\u00e9s de pecho nuevo en el sistema VECTOR es el VECTOR CHEST X. En comparaci\u00f3n con el VECTOR CHEST Y, el arn\u00e9s de pecho en este modelo no est\u00e1 sujeto a la parte posterior del cintur\u00f3n. Adem\u00e1s, el ojal esternal del VECTOR CHEST X no est\u00e1 hecho de metal, sino de correas indicadoras flexibles. La caracter\u00edstica especial: las correas del arn\u00e9s de pecho pueden pasar libremente a trav\u00e9s del ojal antica\u00eddas textil cuando se mueve la parte superior del cuerpo.<\/p>\n<p><iframe loading=\"lazy\" title=\"EDELRID \u2013 VECTOR X and VECTOR Y\" width=\"980\" height=\"551\" src=\"https:\/\/www.youtube.com\/embed\/Uzdf15bI1eY?feature=oembed\" frameborder=\"0\" allow=\"accelerometer; autoplay; clipboard-write; encrypted-media; gyroscope; picture-in-picture\" allowfullscreen><\/iframe><\/p>\n<div class=\"uk-flex\">\n<div class=\"uk-flex-1 uk-text-bold\">\n<h2 class=\"h3\">SISTEMA VECTOR: a\u00fan m\u00e1s flexibilidad gracias al dise\u00f1o modular<\/h2>\n<\/div>\n<\/div>\n<div class=\"uk-grid uk-child-width-1-2@m\">\n<div class=\"ed-blog-content ed-text-columns-1\">\n<ol>\n<li>Innovador bloqueador tor\u00e1cico roscado para una mayor eficacia<\/li>\n<li>Las perneras ajustables se pueden abrir completamente gracias a las hebillas Double Lock<\/li>\n<li>Mosquet\u00f3n FORAS para conectar arn\u00e9s de pecho y cintur\u00f3n<\/li>\n<li>Ojales textiles laterales alineados verticalmente seg\u00fan EN 358<\/li>\n<li>Ojal central seg\u00fan EN 813 para la fijaci\u00f3n de un dispositivo de descenso<\/li>\n<li>Cuatro portamateriales r\u00edgidos para hasta 12 mosquetones por lazo (carga: 25 kg)<\/li>\n<li>Cuatro bucles accesorios (resistencia: 50 kg)<\/li>\n<li>Dos lazos centrales para la fijaci\u00f3n de un asiento de posicionamiento de trabajo (Air Lounge)<\/li>\n<li>Dos opciones de fijaci\u00f3n para mosquetones SM Clip Large gear (resistencia: 0 kN)<\/li>\n<li>Bucle de restricci\u00f3n<\/li>\n<li>Espacio dedicado para instalar un botiqu\u00edn de primeros auxilios<\/li>\n<\/ol>\n<p><img loading=\"lazy\" decoding=\"async\" class=\"alignnone size-large wp-image-2081\" src=\"https:\/\/thrillsyndicate.com\/wp-content\/uploads\/2022\/04\/ED_bild-1_Vector-1024x360.jpg\" alt=\"SISTEMA VECTOR: a\u00fan m\u00e1s flexibilidad gracias al dise\u00f1o modular\" width=\"980\" height=\"345\" srcset=\"https:\/\/thrillsyndicate.com\/wp-content\/uploads\/2022\/04\/ED_bild-1_Vector-1024x360.jpg 1024w, https:\/\/thrillsyndicate.com\/wp-content\/uploads\/2022\/04\/ED_bild-1_Vector-458x161.jpg 458w, https:\/\/thrillsyndicate.com\/wp-content\/uploads\/2022\/04\/ED_bild-1_Vector-300x106.jpg 300w, https:\/\/thrillsyndicate.com\/wp-content\/uploads\/2022\/04\/ED_bild-1_Vector-768x270.jpg 768w, https:\/\/thrillsyndicate.com\/wp-content\/uploads\/2022\/04\/ED_bild-1_Vector-100x35.jpg 100w, https:\/\/thrillsyndicate.com\/wp-content\/uploads\/2022\/04\/ED_bild-1_Vector.jpg 1250w\" sizes=\"auto, (max-width: 980px) 100vw, 980px\" \/><\/p>\n<\/div>\n<\/div>\n<h2>Especificaciones<\/h2>\n<ul>\n<li>Ojal de amarre esternal (VECTOR X: textil, VECTOR Y: metal)<\/li>\n<li>Incluye un mosquet\u00f3n FORAS para conectar el arn\u00e9s de pecho y el cintur\u00f3n<\/li>\n<li>Cuatro portamateriales r\u00edgidos para hasta 12 mosquetones (carga: 25 kg)<\/li>\n<li>Tecnolog\u00eda 3D Vent: soporte y comodidad insuperables a trav\u00e9s del moldeado tridimensional, con una amplia distribuci\u00f3n de la fuerza y m\u00e1xima transpirabilidad<\/li>\n<li>Ojal central seg\u00fan EN 813 para la fijaci\u00f3n de un dispositivo de descenso<\/li>\n<li>2 lazos centrales para la fijaci\u00f3n de un asiento de posicionamiento de trabajo (Air Lounge)<\/li>\n<li>Bucles VCR en los hombros para organizar el sistema de copia de seguridad<\/li>\n<li>Ojales textiles laterales alineados verticalmente (similares a los cl\u00e1sicos ojales met\u00e1licos)<\/li>\n<li>2 opciones de fijaci\u00f3n para mosquetones SM Clip Large gear (resistencia: 0 kN)<\/li>\n<li>Chip RFID integrado para documentaci\u00f3n operativa simplificada<\/li>\n<li>Certificaci\u00f3n: EN 361, EN 358, EN 813<\/li>\n<li>Frente de ojal de detenci\u00f3n de ca\u00eddas: S\u00ed<\/li>\n<li>Ojales laterales: S\u00ed<\/li>\n<li>Bucle de sujeci\u00f3n: S\u00ed<\/li>\n<li>Perneras ajustables: S\u00ed<\/li>\n<li>Acolchado de espuma m\u00f3vil en la cintura: S\u00ed<\/li>\n<\/ul>\n<h3>Tabla de tallas<\/h3>\n<div class=\"ed-blog-content\">\u00bfNo sabes tu talla? \u00a1Aqu\u00ed puedes encontrar la tabla de tallas actual!<\/div>\n<div class=\"uk-overflow-auto\">\n<table class=\"uk-table uk-margin-medium-top\">\n<thead>\n<tr>\n<th>Talla<\/th>\n<th>Altura corporal<\/th>\n<th>Medida de la cadera<\/th>\n<th>Perneras<\/th>\n<th>Peso<\/th>\n<\/tr>\n<\/thead>\n<tbody>\n<tr>\n<td>Talla 1<\/td>\n<td>160 &#8211; 185 cm<\/td>\n<td>68 &#8211; 95 cm<\/td>\n<td>48 &#8211; 65 cm<\/td>\n<td>1.600 g<\/td>\n<\/tr>\n<tr>\n<td>Talla 2<\/td>\n<td>185 &#8211; 200 cm<\/td>\n<td>82 &#8211; 120 cm<\/td>\n<td>55 &#8211; 72 cm<\/td>\n<td>1.750 g<\/td>\n<\/tr>\n<\/tbody>\n<\/table>\n<h3 class=\"western\">\ud83d\udc49 \u00bfEst\u00e1s buscando un art\u00edculo Edelrid espec\u00edfico que no aparece en la tienda? Vendemos toda la gama de productos de aventura, deporte y seguridad. Por favor, <strong><a href=\"https:\/\/thrillsyndicate.com\/es\/contacto\/\">env\u00eda a<\/a><\/strong> un correo electr\u00f3nico o consulta la <strong><a href=\"https:\/\/thrillsyndicate.com\/edelrid-safety-price-list-2025\/\">lista de precios de seguridad aqu\u00ed<\/a><\/strong>. \ud83d\udc48<\/h3>\n<\/div>\n","protected":false},"excerpt":{"rendered":"<p>Arn\u00e9s modular ligero para cualquier tipo de trabajo y movimiento sobre la cuerda o en sistemas de cuerdas. Especialmente c\u00f3modo gracias a la tecnolog\u00eda 3D Vent. El bloqueador de pecho inteligentemente integrado pero desmontable permite escalar eficientemente en sistemas de cuerda.<\/p>\n","protected":false},"featured_media":4675,"template":"","meta":{"_coblocks_attr":"","_coblocks_dimensions":"","_coblocks_responsive_height":"","_coblocks_accordion_ie_support":"","wds_primary_product_brand":0,"wds_primary_product_cat":0},"product_brand":[62],"product_cat":[60,804,884],"product_tag":[576,573,588,581,853],"class_list":{"0":"post-6223","1":"product","2":"type-product","3":"status-publish","4":"has-post-thumbnail","6":"product_brand-edelrid","7":"product_cat-ropes-course-harnesses","8":"product_cat-work-safety-harnesses","9":"product_cat-professional-harnesses","10":"product_tag-arnes-de-cuerpo-entero","11":"product_tag-arneses","12":"product_tag-descenso-y-rescate","13":"product_tag-epp","14":"product_tag-seguridad-en-el-trabajo","16":"first","17":"instock","18":"taxable","19":"shipping-taxable","20":"purchasable","21":"product-type-variable","22":"has-default-attributes"},"_links":{"self":[{"href":"https:\/\/thrillsyndicate.com\/es\/wp-json\/wp\/v2\/product\/6223","targetHints":{"allow":["GET"]}}],"collection":[{"href":"https:\/\/thrillsyndicate.com\/es\/wp-json\/wp\/v2\/product"}],"about":[{"href":"https:\/\/thrillsyndicate.com\/es\/wp-json\/wp\/v2\/types\/product"}],"wp:featuredmedia":[{"embeddable":true,"href":"https:\/\/thrillsyndicate.com\/es\/wp-json\/wp\/v2\/media\/4675"}],"wp:attachment":[{"href":"https:\/\/thrillsyndicate.com\/es\/wp-json\/wp\/v2\/media?parent=6223"}],"wp:term":[{"taxonomy":"product_brand","embeddable":true,"href":"https:\/\/thrillsyndicate.com\/es\/wp-json\/wp\/v2\/product_brand?post=6223"},{"taxonomy":"product_cat","embeddable":true,"href":"https:\/\/thrillsyndicate.com\/es\/wp-json\/wp\/v2\/product_cat?post=6223"},{"taxonomy":"product_tag","embeddable":true,"href":"https:\/\/thrillsyndicate.com\/es\/wp-json\/wp\/v2\/product_tag?post=6223"}],"curies":[{"name":"wp","href":"https:\/\/api.w.org\/{rel}","templated":true}]}}