{"id":6230,"date":"2022-04-16T14:55:06","date_gmt":"2022-04-16T12:55:06","guid":{"rendered":"https:\/\/thrillsyndicate.com\/shop\/edelrid-hms-bullet-permalock\/"},"modified":"2025-08-29T15:34:04","modified_gmt":"2025-08-29T13:34:04","slug":"edelrid-hms-bullet-permalock","status":"publish","type":"product","link":"https:\/\/thrillsyndicate.com\/es\/product\/edelrid-hms-bullet-permalock\/","title":{"rendered":"Mosquet\u00f3n Edelrid HMS BULLET PERMALOCK"},"content":{"rendered":"<p data-sourcepos=\"9:1-9:289\">El Mosquet\u00f3n Edelrid HMS Bullet PermaLock cambia las reglas del juego para los profesionales de los sectores de la aventura, las actividades al aire libre, la diversi\u00f3n y el ocio. Este innovador Mosquet\u00f3n prioriza la seguridad sin comprometer la facilidad de uso, lo que lo convierte en el compa\u00f1ero perfecto incluso para las tareas m\u00e1s exigentes. <\/p>\n<h2 data-sourcepos=\"11:1-11:51\">Seguridad inigualable: Tranquilidad<\/h2>\n<ul data-sourcepos=\"13:1-16:0\">\n<li data-sourcepos=\"13:1-13:195\"><strong>Mecanismo PermaLock:<\/strong> La ingeniosa tecnolog\u00eda PermaLock de Edelrid incorpora un cierre a presi\u00f3n integrado que asegura el manguito giratorio, eliminando por completo el riesgo de apertura accidental.<\/li>\n<li data-sourcepos=\"14:1-14:196\"><strong>Mosquet\u00f3n de bloqueo de Categor\u00eda 3:<\/strong> Certificado conforme a la rigurosa norma de Categor\u00eda 3 del Club Alpino Alem\u00e1n (DAV), el mosquet\u00f3n HMS Bullet PermaLock ofrece el m\u00e1ximo nivel de seguridad para aplicaciones cr\u00edticas.<\/li>\n<li data-sourcepos=\"15:1-16:0\"><strong>Confirmaci\u00f3n visual del bloqueo:<\/strong> Un indicador rojo en el gatillo proporciona una clara se\u00f1al visual, confirmando que el mosquet\u00f3n est\u00e1 bloqueado con seguridad.<\/li>\n<\/ul>\n<h2 data-sourcepos=\"17:1-17:48\">Manejo sin esfuerzo: Dise\u00f1ada para ser eficiente<\/h2>\n<ul data-sourcepos=\"19:1-22:0\">\n<li data-sourcepos=\"19:1-19:138\"><strong>Cierre con llave:<\/strong> El dise\u00f1o de cierre con llave elimina los enganches y permite enganchar y desenganchar sin problemas, incluso en entornos desordenados.<\/li>\n<li data-sourcepos=\"20:1-20:145\"><strong>Construcci\u00f3n de perfil en H:<\/strong> Este innovador dise\u00f1o optimiza el uso del material, dando como resultado un Mosquet\u00f3n ligero sin sacrificar la resistencia.<\/li>\n<li data-sourcepos=\"21:1-22:0\">Cierre de rosca <strong>intuitivo:<\/strong> El conocido funcionamiento de cierre de rosca garantiza la facilidad de uso para los profesionales acostumbrados a los mosquetones est\u00e1ndar.<\/li>\n<\/ul>\n<h2 data-sourcepos=\"23:1-23:55\">Especificaciones t\u00e9cnicas para un rendimiento inquebrantable<\/h2>\n<ul data-sourcepos=\"25:1-28:0\">\n<li data-sourcepos=\"25:1-25:116\"><strong>Ligero:<\/strong> Con un peso de s\u00f3lo 75 gramos, el Bullet PermaLock de HMS minimiza el peso innecesario en las trabillas de tu equipo.<\/li>\n<li data-sourcepos=\"26:1-26:137\"><strong>Construcci\u00f3n duradera:<\/strong> Fabricado con aluminio de alta resistencia, este Mosquet\u00f3n ofrece una durabilidad excepcional para un uso duradero.<\/li>\n<li data-sourcepos=\"27:1-28:0\"><strong>Seguridad certificada:<\/strong> El Mosquet\u00f3n est\u00e1 certificado seg\u00fan las normas EN 12275 y EN 362, lo que garantiza su conformidad con las estrictas normas de seguridad.<\/li>\n<\/ul>\n<p data-sourcepos=\"29:1-29:218\">El Mosquet\u00f3n Edelrid HMS Bullet PermaLock es la elecci\u00f3n definitiva para los profesionales que buscan un equilibrio entre seguridad sin igual y facilidad de uso. Invierte en tu seguridad y experimenta la diferencia. <\/p>\n<p>El bloqueo de presi\u00f3n integrado permite bloquear el manguito de bloqueo giratorio de la puerta del mosquet\u00f3n y, por lo tanto, asegurarlo contra una apertura involuntaria. As\u00ed, el HMS BULLET PERMALOCK combina la seguridad de un mosquet\u00f3n de bloqueo, seg\u00fan las disposiciones de la categor\u00eda 3 del German Alpine Club (DAV), con la facilidad de uso de un tornillo normal.<\/p>\n<p><iframe loading=\"lazy\" title=\"HMS BULLET PERMALOCK\" width=\"980\" height=\"551\" src=\"https:\/\/www.youtube.com\/embed\/pRoJARM8-qI?feature=oembed\" frameborder=\"0\" allow=\"accelerometer; autoplay; clipboard-write; encrypted-media; gyroscope; picture-in-picture\" allowfullscreen><\/iframe><\/p>\n<h2>Todas las especificaciones<\/h2>\n<ul>\n<li>Mecanismo de cierre Keylock para un manejo \u00f3ptimo al enganchar y desenganchar<\/li>\n<li>La construcci\u00f3n de perfil en H garantiza el mejor uso posible del material y un peso m\u00ednimo<\/li>\n<li>Mosquet\u00f3n de bloqueo, seg\u00fan la categor\u00eda 3 de las disposiciones sobre mosquetones de bloqueo del German Alpine Club (DAV)<\/li>\n<li>Seguridad mejorada combinada con la facilidad de uso habitual de un mosquet\u00f3n normal con cierre de rosca<\/li>\n<li>Fm\u00e1x. eje mayor: 26 kN<\/li>\n<li>Fm\u00e1x. abierto : 9 kN<\/li>\n<li>Fm\u00e1x. eje menor : 10 kN<\/li>\n<li>Ancho: 75mm<\/li>\n<li>Apertura de la puerta: 24 mm<\/li>\n<li>Certificaci\u00f3n : EN 12275<\/li>\n<li>Certificaci\u00f3n : EN 362<\/li>\n<li>Material : Aluminio<\/li>\n<li>Cierre : PermaLock<\/li>\n<li>Forma del Mosquet\u00f3n : HMS<\/li>\n<\/ul>\n<h3 class=\"western\">\ud83d\udc49 \u00bfEst\u00e1s buscando un art\u00edculo Edelrid espec\u00edfico que no aparece en la tienda? Vendemos toda la gama de productos de aventura, deporte y seguridad. Por favor, <strong><a href=\"https:\/\/thrillsyndicate.com\/es\/contacto\/\">env\u00eda a<\/a><\/strong> un correo electr\u00f3nico o consulta la <strong><a href=\"https:\/\/thrillsyndicate.com\/edelrid-safety-price-list-2025\/\">lista de precios de seguridad aqu\u00ed<\/a><\/strong>. \ud83d\udc48<\/h3>\n","protected":false},"excerpt":{"rendered":"<p>El Mosquet\u00f3n Edelrid HMS Bullet PermaLock combina a la perfecci\u00f3n la m\u00e1xima seguridad con un manejo sencillo. Su innovador mecanismo PermaLock impide la apertura accidental, mientras que el cierre con llave garantiza un enganche y desenganche sin esfuerzo. <\/p>\n","protected":false},"featured_media":13584,"template":"","meta":{"_coblocks_attr":"","_coblocks_dimensions":"","_coblocks_responsive_height":"","_coblocks_accordion_ie_support":"","wds_primary_product_brand":0,"wds_primary_product_cat":0},"product_brand":[62],"product_cat":[160,813,843],"product_tag":[176,833,175,874],"class_list":{"0":"post-6230","1":"product","2":"type-product","3":"status-publish","4":"has-post-thumbnail","6":"product_brand-edelrid","7":"product_cat-ropes-carabiners","8":"product_cat-carabiners","9":"product_cat-connectors","10":"product_tag-connecting","11":"product_tag-hms","12":"product_tag-carabiner","13":"product_tag-permalock","15":"first","16":"instock","17":"taxable","18":"shipping-taxable","19":"purchasable","20":"product-type-variable","21":"has-default-attributes"},"_links":{"self":[{"href":"https:\/\/thrillsyndicate.com\/es\/wp-json\/wp\/v2\/product\/6230","targetHints":{"allow":["GET"]}}],"collection":[{"href":"https:\/\/thrillsyndicate.com\/es\/wp-json\/wp\/v2\/product"}],"about":[{"href":"https:\/\/thrillsyndicate.com\/es\/wp-json\/wp\/v2\/types\/product"}],"wp:featuredmedia":[{"embeddable":true,"href":"https:\/\/thrillsyndicate.com\/es\/wp-json\/wp\/v2\/media\/13584"}],"wp:attachment":[{"href":"https:\/\/thrillsyndicate.com\/es\/wp-json\/wp\/v2\/media?parent=6230"}],"wp:term":[{"taxonomy":"product_brand","embeddable":true,"href":"https:\/\/thrillsyndicate.com\/es\/wp-json\/wp\/v2\/product_brand?post=6230"},{"taxonomy":"product_cat","embeddable":true,"href":"https:\/\/thrillsyndicate.com\/es\/wp-json\/wp\/v2\/product_cat?post=6230"},{"taxonomy":"product_tag","embeddable":true,"href":"https:\/\/thrillsyndicate.com\/es\/wp-json\/wp\/v2\/product_tag?post=6230"}],"curies":[{"name":"wp","href":"https:\/\/api.w.org\/{rel}","templated":true}]}}