{"id":6243,"date":"2022-04-20T12:32:34","date_gmt":"2022-04-20T10:32:34","guid":{"rendered":"https:\/\/thrillsyndicate.com\/shop\/kit-de-rescate-compacto-haulerbiner\/"},"modified":"2025-08-26T13:25:01","modified_gmt":"2025-08-26T11:25:01","slug":"haulerbiner-compacto-kit-de-rescate","status":"publish","type":"product","link":"https:\/\/thrillsyndicate.com\/es\/product\/haulerbiner-compacto-kit-de-rescate\/","title":{"rendered":"Kit de rescate compacto HaulerBiner"},"content":{"rendered":"<p>El HaulerBiner tiene tres ruedas polea incorporadas en cada mosquet\u00f3n, creando un sistema compacto y ligero de Ventaja Mec\u00e1nica 6:1 \u00f3 7:1 (te\u00f3rica). El HaulerBiner tambi\u00e9n tiene una c\u00e1mara de captura de progreso especialmente dise\u00f1ada con una posici\u00f3n de &#8220;encendido\/apagado&#8221;. El HaulerBiner utiliza una cuerda de 6 mm (1\/4&#8243;) especialmente desarrollada, para mayor resistencia y f\u00e1cil manejo\/mejor agarre. El kit se suministra en una bolsa de dos bolsas, para facilitar el despliegue.<\/p>\n<p>El HaulerBiner tiene una carga nominal de 140 kg (310 lb), pero tiene un MBS de al menos 16 kN\/3500 lb probado como un sistema completo. Los kits est\u00e1n disponibles en tres longitudes est\u00e1ndar; 105 cm (41&#8243;), 165 cm (65&#8243;) o 300 cm (118&#8243;), con longitudes personalizadas disponibles bajo pedido. \u00a1La longitud del sistema, cuando est\u00e1 completamente contra\u00eddo, es de solo 32 cm (12&#8243;)!<\/p>\n<p>El HaulerBiner se puede utilizar de varias maneras:<\/p>\n<ul>\n<li>Como parte de un sistema de recogida<\/li>\n<li>En una estructura, baje el sistema y logre un MA de 6:1 (te\u00f3rico)<\/li>\n<li>Cuando est\u00e9 suspendido en un arn\u00e9s, levante el sistema y logre un MA de 7: 1 (te\u00f3rico)<\/li>\n<li>Con un descensor D4\/D2, como parte de un sistema de recorrido corto\/descenso largo<\/li>\n<li>Como sistema de tensi\u00f3n para l\u00edneas de carga corta\/baja<\/li>\n<li>Como dispositivo de gesti\u00f3n de camillas, usando dos o m\u00e1s HaulerBiners para cambiar o ajustar f\u00e1cilmente la orientaci\u00f3n de la camilla<\/li>\n<\/ul>\n<p><iframe loading=\"lazy\" title=\"ISC HaulerBiner compact rescue kit\" width=\"980\" height=\"551\" src=\"https:\/\/www.youtube.com\/embed\/tnRkSlMSF94?feature=oembed\" frameborder=\"0\" allow=\"accelerometer; autoplay; clipboard-write; encrypted-media; gyroscope; picture-in-picture\" allowfullscreen><\/iframe><\/p>\n<h2>Especificaciones<\/h2>\n<p class=\"clsTechSpecs\"><strong>(WLL) L\u00edmite de carga de trabajo (kg): <\/strong>140<br \/>\n<strong>(WLL) L\u00edmite de carga de trabajo (lb): <\/strong>308<br \/>\n<strong>(MBS) Resistencia m\u00ednima a la rotura (kN): 16 <\/strong><br \/>\n<strong>(MBS) Resistencia m\u00ednima a la rotura (lbf): <\/strong>3596<br \/>\n<strong>Numeraci\u00f3n de serie: <\/strong>De serie<br \/>\n EZYiD<strong>: <\/strong>Disponible bajo pedido<br \/>\n<strong>Tipo de puerta\/cerradura: <\/strong>Supersafe<br \/>\n<strong>Normas aprobadas:<\/strong> Cumple las normas EN 12278 y EN567<\/p>\n","protected":false},"excerpt":{"rendered":"<p>El kit de rescate compacto HaulerBiner es un dispositivo liviano, compacto y f\u00e1cil de usar\/implementar. El HaulerBiner est\u00e1 completamente calificado para levantar personas. El HaulerBiner Rescue es un kit compacto, que puede llevarse en el arn\u00e9s y usarse para Pick-off Rescue en trabajos en altura y rescates con acceso por cuerda. El HaulerBiner tambi\u00e9n se puede usar para ajustar f\u00e1cilmente la orientaci\u00f3n de una camilla y se puede usar para tensar recorridos cortos.<\/p>\n","protected":false},"featured_media":4669,"template":"","meta":{"_coblocks_attr":"","_coblocks_dimensions":"","_coblocks_responsive_height":"","_coblocks_accordion_ie_support":"","wds_primary_product_brand":0,"wds_primary_product_cat":0},"product_brand":[171],"product_cat":[92],"product_tag":[442,588,905,450],"class_list":{"0":"post-6243","1":"product","2":"type-product","3":"status-publish","4":"has-post-thumbnail","6":"product_brand-isc","7":"product_cat-descent-rescue-devices","8":"product_tag-curso-de-cuerdas","9":"product_tag-descenso-y-rescate","10":"product_tag-descensores","11":"product_tag-tirolesa","13":"first","14":"instock","15":"taxable","16":"shipping-taxable","17":"purchasable","18":"product-type-variable"},"_links":{"self":[{"href":"https:\/\/thrillsyndicate.com\/es\/wp-json\/wp\/v2\/product\/6243","targetHints":{"allow":["GET"]}}],"collection":[{"href":"https:\/\/thrillsyndicate.com\/es\/wp-json\/wp\/v2\/product"}],"about":[{"href":"https:\/\/thrillsyndicate.com\/es\/wp-json\/wp\/v2\/types\/product"}],"wp:featuredmedia":[{"embeddable":true,"href":"https:\/\/thrillsyndicate.com\/es\/wp-json\/wp\/v2\/media\/4669"}],"wp:attachment":[{"href":"https:\/\/thrillsyndicate.com\/es\/wp-json\/wp\/v2\/media?parent=6243"}],"wp:term":[{"taxonomy":"product_brand","embeddable":true,"href":"https:\/\/thrillsyndicate.com\/es\/wp-json\/wp\/v2\/product_brand?post=6243"},{"taxonomy":"product_cat","embeddable":true,"href":"https:\/\/thrillsyndicate.com\/es\/wp-json\/wp\/v2\/product_cat?post=6243"},{"taxonomy":"product_tag","embeddable":true,"href":"https:\/\/thrillsyndicate.com\/es\/wp-json\/wp\/v2\/product_tag?post=6243"}],"curies":[{"name":"wp","href":"https:\/\/api.w.org\/{rel}","templated":true}]}}