{"id":6245,"date":"2022-04-16T12:55:23","date_gmt":"2022-04-16T10:55:23","guid":{"rendered":"https:\/\/thrillsyndicate.com\/shop\/ciu-d5-descensor-de-trabajo-rescate\/"},"modified":"2025-08-29T15:34:19","modified_gmt":"2025-08-29T13:34:19","slug":"isc-d5-trabajo-rescate-descensor","status":"publish","type":"product","link":"https:\/\/thrillsyndicate.com\/es\/product\/isc-d5-trabajo-rescate-descensor\/","title":{"rendered":"ISC D5 | Descensor de trabajo\/rescate"},"content":{"rendered":"<p>El Descensor D5 tiene un mecanismo de bloqueo de seguridad doble, lo que significa que cuando est\u00e1 cargado, las placas laterales no se pueden girar para abrirlas debido a la posici\u00f3n del mosquet\u00f3n y al cierre de seguridad con bot\u00f3n de presi\u00f3n &#8216;click-lock&#8217;.<\/p>\n<p>El D5 es f\u00e1cil de conectar\/desconectar de la cuerda sin desconectarlo del arn\u00e9s del operador, lo que elimina el riesgo de que el dispositivo se caiga accidentalmente. Es f\u00e1cil retroalimentar la cuerda a trav\u00e9s del D5 y, por lo tanto, puede usarse para ascensos suaves o para tracci\u00f3n de emergencia (cuando se usa como parte de un &#8216;Z-rig&#8217; 2:1).<\/p>\n<p>El D5 cumple con NFPA G y ANSI Z359.4 para los mercados norteamericanos de bomberos\/rescate y escaladores de torres que normalmente usan cuerdas de 1\/2\u201d.<\/p>\n<p>El D5 tiene una carga nominal de 240 kg (529 lb), lo que lo convierte en un verdadero descensor de trabajo\/rescate. No es necesario incorporar fricci\u00f3n adicional para lograr estas cargas, aunque puede ser \u00fatil hacerlo, para un grado de control a\u00fan mayor en las aplicaciones de Belay. El peso m\u00ednimo del usuario para estos dispositivos es de 60 kg (132 lb).<\/p>\n<p><iframe loading=\"lazy\" title=\"ISC D5 Work Rescue Descender for 1\/2&quot; (12.7mm) rope\" width=\"980\" height=\"551\" src=\"https:\/\/www.youtube.com\/embed\/VNNjOsXn0ns?feature=oembed\" frameborder=\"0\" allow=\"accelerometer; autoplay; clipboard-write; encrypted-media; gyroscope; picture-in-picture\" allowfullscreen><\/iframe><\/p>\n<h2>Informaci\u00f3n t\u00e9cnica<\/h2>\n<p class=\"clsTechSpecs\"><strong>Compatible con di\u00e1metro de cuerda (mm)<\/strong> 12,7 (1\/2&#8243;)<br \/>\n<strong>Freno de p\u00e1nico:<\/strong> S\u00ed<br \/>\n<strong>N\u00famero de personas:<\/strong> 2<br \/>\n<strong>(WLL) L\u00edmite de carga de trabajo (kg):<\/strong> 240<br \/>\n<strong>(WLL) L\u00edmite de carga de trabajo (lb):<\/strong> 529<br \/>\n<strong>Versi\u00f3n compatible con ANSI:<\/strong> De serie<br \/>\n<strong>Numeraci\u00f3n de serie:<\/strong> De serie<br \/>\n<strong>EZYiD:<\/strong> Disponible bajo pedido<br \/>\n<strong>Material de la leva:<\/strong> Acero inoxidable<br \/>\n<strong>Acabado:<\/strong> anodizado<\/p>\n<h3>Normas Aprobadas<\/h3>\n<p>EN12841:2006\/C<br \/>\nCumple con NFPA 1983 G<br \/>\nCumple con ANSI Z359.4:2013<\/p>\n","protected":false},"excerpt":{"rendered":"<p>El D5 es un dispositivo de doble parada con una funci\u00f3n de bloqueo autom\u00e1tico (que se activa cada vez que el operador suelta el mango) y un freno de emergencia que no es demasiado sensible en uso normal.<\/p>\n","protected":false},"featured_media":4600,"template":"","meta":{"_coblocks_attr":"","_coblocks_dimensions":"","_coblocks_responsive_height":"","_coblocks_accordion_ie_support":"","wds_primary_product_brand":0,"wds_primary_product_cat":0},"product_brand":[171],"product_cat":[840,92],"product_tag":[55,93,811],"class_list":{"0":"post-6245","1":"product","2":"type-product","3":"status-publish","4":"has-post-thumbnail","6":"product_brand-isc","7":"product_cat-descenders","8":"product_cat-descent-rescue-devices","9":"product_tag-ropes-course","10":"product_tag-descent-rescue","11":"product_tag-descender","13":"first","14":"instock","15":"taxable","16":"shipping-taxable","17":"purchasable","18":"product-type-simple"},"_links":{"self":[{"href":"https:\/\/thrillsyndicate.com\/es\/wp-json\/wp\/v2\/product\/6245","targetHints":{"allow":["GET"]}}],"collection":[{"href":"https:\/\/thrillsyndicate.com\/es\/wp-json\/wp\/v2\/product"}],"about":[{"href":"https:\/\/thrillsyndicate.com\/es\/wp-json\/wp\/v2\/types\/product"}],"wp:featuredmedia":[{"embeddable":true,"href":"https:\/\/thrillsyndicate.com\/es\/wp-json\/wp\/v2\/media\/4600"}],"wp:attachment":[{"href":"https:\/\/thrillsyndicate.com\/es\/wp-json\/wp\/v2\/media?parent=6245"}],"wp:term":[{"taxonomy":"product_brand","embeddable":true,"href":"https:\/\/thrillsyndicate.com\/es\/wp-json\/wp\/v2\/product_brand?post=6245"},{"taxonomy":"product_cat","embeddable":true,"href":"https:\/\/thrillsyndicate.com\/es\/wp-json\/wp\/v2\/product_cat?post=6245"},{"taxonomy":"product_tag","embeddable":true,"href":"https:\/\/thrillsyndicate.com\/es\/wp-json\/wp\/v2\/product_tag?post=6245"}],"curies":[{"name":"wp","href":"https:\/\/api.w.org\/{rel}","templated":true}]}}