{"id":6258,"date":"2022-04-19T09:55:50","date_gmt":"2022-04-19T07:55:50","guid":{"rendered":"https:\/\/thrillsyndicate.com\/shop\/cerradura-triple-edelrid-vertic-arnes-de-cuerpo-entero\/"},"modified":"2025-08-29T15:33:53","modified_gmt":"2025-08-29T13:33:53","slug":"edelrid-vertic-triple-lock-arnes-cuerpo-completo","status":"publish","type":"product","link":"https:\/\/thrillsyndicate.com\/es\/product\/edelrid-vertic-triple-lock-arnes-cuerpo-completo\/","title":{"rendered":"Edelrid Vertic Triple Lock II | Arn\u00e9s completo"},"content":{"rendered":"<p>Para garantizar la m\u00e1xima comodidad en cada posici\u00f3n de trabajo, el cintur\u00f3n semirr\u00edgido y las perneras semirr\u00edgidas tienen un corte extra ancho y est\u00e1n acolchados con malla 3D transpirable. Este dise\u00f1o asegura el m\u00e1ximo apoyo y una excelente circulaci\u00f3n de aire. El cintur\u00f3n se fija a las correas traseras verticales con un sujetador VCR. Esto permite una distribuci\u00f3n \u00f3ptima de la carga entre el cintur\u00f3n y las correas de los hombros cuando se transporta equipo pesado. Al mismo tiempo, el cierre VCR permite un ajuste r\u00e1pido de la longitud entre el cintur\u00f3n y las perneras.<\/p>\n<p>Inspiradas en nuestros arneses de escalada, las perneras tienen un dise\u00f1o tridimensional e inserciones el\u00e1sticas en la parte delantera, lo que garantiza la m\u00e1xima libertad de movimiento y una comodidad \u00fanica para colgar. La forma ergon\u00f3mica de las correas acolchadas para los hombros reduce los puntos de presi\u00f3n en el cuello y la nuca. Gracias a las hebillas autobloqueantes Triple Lock II de la correa pectoral, es f\u00e1cil ponerse o quitarse el VERTIC TRIPLE LOCK II r\u00e1pidamente sin tirar de \u00e9l por encima de la cabeza.<\/p>\n<p>Una caracter\u00edstica especial es el bloqueador tor\u00e1cico integrado seg\u00fan EN 12841-B (150 kg). A diferencia de los arneses de acceso por cuerda convencionales, el bloqueador ventral est\u00e1 firmemente cosido al VERTIC TRIPLE LOCK II. Esto evita que gire alrededor de su propio eje. Al mismo tiempo, el sistema Chestfit extra\u00edble (dos bandas el\u00e1sticas alrededor del pecho) asegura que el bloqueador de pecho permanezca cerca del cuerpo, independientemente de la carga en el sistema de arn\u00e9s. Esta combinaci\u00f3n da como resultado una eficiencia sin precedentes a la hora de subir por la cuerda.<\/p>\n<p>Incluso en t\u00e9rminos de equipamiento, el VERTIC TRIPLE LOCK II no deja nada que desear. Dispone de dos ojales antica\u00eddas seg\u00fan EN 361 (esternal y dorsal), y un ojal ventral seg\u00fan EN 813 (peso m\u00e1ximo del usuario: 150 kg), as\u00ed como dos ojales laterales de posicionamiento para posici\u00f3n de trabajo y posici\u00f3n de espera seg\u00fan EN 358 . Adem\u00e1s, el arn\u00e9s completo est\u00e1 certificado seg\u00fan la norma ANSI Z359.11, lo que lo convierte en uno de los arneses para acceso por cuerda m\u00e1s vers\u00e1tiles del mercado.<\/p>\n<p><iframe loading=\"lazy\" title=\"Edelrid Vertic Triple Lock | Full Body Har\u00adnes\u00ads\" width=\"980\" height=\"551\" src=\"https:\/\/www.youtube.com\/embed\/TIgS-3zYWZA?feature=oembed\" frameborder=\"0\" allow=\"accelerometer; autoplay; clipboard-write; encrypted-media; gyroscope; picture-in-picture\" allowfullscreen><\/iframe><\/p>\n<h2>Especificaciones<\/h2>\n<ul>\n<li>Los tirantes verticales corren lateralmente sobre la cadera. Esto asegura la m\u00e1xima libertad de movimiento del muslo y al doblar la parte superior del cuerpo.<\/li>\n<li>El cintur\u00f3n se fija a las correas traseras verticales con un sujetador VCR. Esto significa que, cuando se transporta equipo pesado, la carga se transfiere de manera \u00f3ptima a las bandas de los hombros.<\/li>\n<li>Construcci\u00f3n de pernera con dise\u00f1o tridimensional e inserciones el\u00e1sticas para una m\u00e1xima libertad de movimiento y una comodidad \u00f3ptima para colgar<\/li>\n<li>Las hebillas cubiertas protegen la correa del desgaste prematuro en los puntos expuestos.<\/li>\n<li>Manipulaci\u00f3n r\u00e1pida y sencilla de los extremos de la cinta (incluso con guantes) gracias a una costura de tope antes del tope final<\/li>\n<li>Dos ojales de detenci\u00f3n de ca\u00eddas de acuerdo con EN 361 (ojales de detenci\u00f3n de ca\u00eddas dorsales montados de forma flexible para evitar que se enganchen en huecos o pasajes estrechos)<\/li>\n<li>Cuatro portamateriales r\u00edgidos para hasta 12 mosquetones (carga: 25 kg)<\/li>\n<li>Dos correas de equipo con hebillas de clic en la parte posterior del cintur\u00f3n para sujetar m\u00e1s equipo (por ejemplo, botiqu\u00edn de primeros auxilios)<\/li>\n<li>2 grandes anillos en D de aluminio como ojales laterales seg\u00fan EN 358 proporcionan una posici\u00f3n de trabajo y una posici\u00f3n de espera para sujetar un elemento de amarre<\/li>\n<li>Ojal central seg\u00fan EN 813 para la fijaci\u00f3n de un dispositivo de descenso<\/li>\n<li>Una opci\u00f3n de fijaci\u00f3n para el clip SM en cada pernera<\/li>\n<li>2 lazos centrales para la fijaci\u00f3n de un asiento de posicionamiento de trabajo (Air Lounge)<\/li>\n<li>2 portamateriales de libre posicionamiento para alojar un elemento de amarre en forma de Y (carga: 0 kN)<\/li>\n<li>El arn\u00e9s es f\u00e1cil de poner y quitar desde el costado (usando una hebilla Triple Lock); no hay necesidad de jalarlo por la cabeza<\/li>\n<li>2 bucles en el arn\u00e9s de pecho para sujetar un aparato de radio o para acomodar un antica\u00eddas<\/li>\n<li>Certificado ANSI<\/li>\n<li>Chip RFID integrado para documentaci\u00f3n operativa simplificada<\/li>\n<li>CHEST CRUISER bloqueador de pecho integrado para una m\u00e1xima eficiencia al ascender por cuerdas<\/li>\n<li>2 correas el\u00e1sticas alrededor del pecho para un ajuste perfecto en todo momento (independientemente de la carga en el sistema de arn\u00e9s)<\/li>\n<li>Certificaci\u00f3n: EN 361, EN 358, EN 813, ANSI \/ ASSE Z359.11-2014<\/li>\n<li>Frente de ojal de detenci\u00f3n de ca\u00eddas: S\u00ed<\/li>\n<li>Parte posterior del ojal de detenci\u00f3n de ca\u00eddas: S\u00ed<\/li>\n<li>Ojales laterales: S\u00ed<\/li>\n<li>Bucle de sujeci\u00f3n: S\u00ed<\/li>\n<li>Perneras ajustables: S\u00ed<\/li>\n<li>Acolchado de espuma m\u00f3vil en la cintura: S\u00ed<\/li>\n<\/ul>\n<h3>Tabla de tallas<\/h3>\n<div class=\"ed-blog-content\">\u00bfNo sabes tu talla? \u00a1Aqu\u00ed puedes encontrar la tabla de tallas actual!<\/div>\n<div>\n<table class=\"uk-table ed-table-fixed ed-table-sticky uk-margin-remove-top\">\n<thead>\n<tr>\n<th>Talla<\/th>\n<th>Altura corporal<\/th>\n<th>Circunferencia de la cadera<\/th>\n<th>Circunferencia de muslos<\/th>\n<\/tr>\n<\/thead>\n<tbody>\n<tr>\n<td>Talla 0<\/td>\n<td>155 &#8211; 170 cm<\/td>\n<td>63 &#8211; 88 cm<\/td>\n<td>48 &#8211; 65 cm<\/td>\n<\/tr>\n<tr>\n<td>Talla 1<\/td>\n<td>165 &#8211; 185 cm<\/td>\n<td>70 &#8211; 95 cm<\/td>\n<td>48 &#8211; 65 cm<\/td>\n<\/tr>\n<tr>\n<td>Talla 2<\/td>\n<td>175 &#8211; 200 cm<\/td>\n<td>85 &#8211; 120 cm<\/td>\n<td>55 &#8211; 72 cm<\/td>\n<\/tr>\n<\/tbody>\n<\/table>\n<\/div>\n<div><\/div>\n<h3 class=\"western\">\ud83d\udc49 \u00bfEst\u00e1s buscando un art\u00edculo Edelrid espec\u00edfico que no aparece en la tienda? Vendemos toda la gama de productos de aventura, deporte y seguridad. Por favor, <strong><a href=\"https:\/\/thrillsyndicate.com\/es\/contacto\/\">env\u00eda a<\/a><\/strong> un correo electr\u00f3nico o consulta la <strong><a href=\"https:\/\/thrillsyndicate.com\/edelrid-safety-price-list-2025\/\">lista de precios de seguridad aqu\u00ed<\/a><\/strong>. \ud83d\udc48<\/h3>\n","protected":false},"excerpt":{"rendered":"<p>El VETRIC es un arn\u00e9s de asiento, posicionamiento de trabajo y detenci\u00f3n de ca\u00eddas completamente equipado con una multitud de soluciones innovadoras y detalladas. Para una mayor eficiencia al ascender y moverse en sistemas de cuerda, el bloqueador de pecho CHEST CRUISER est\u00e1 firmemente cosido al VERTIC TRIPLE LOCK.<\/p>\n","protected":false},"featured_media":4627,"template":"","meta":{"_coblocks_attr":"","_coblocks_dimensions":"","_coblocks_responsive_height":"","_coblocks_accordion_ie_support":"","wds_primary_product_brand":0,"wds_primary_product_cat":0},"product_brand":[62],"product_cat":[60,804,884],"product_tag":[64,63,55,93,67,800],"class_list":{"0":"post-6258","1":"product","2":"type-product","3":"status-publish","4":"has-post-thumbnail","6":"product_brand-edelrid","7":"product_cat-ropes-course-harnesses","8":"product_cat-work-safety-harnesses","9":"product_cat-professional-harnesses","10":"product_tag-full-body-harness","11":"product_tag-harnesses","12":"product_tag-ropes-course","13":"product_tag-descent-rescue","14":"product_tag-ppe","15":"product_tag-work-safety","17":"first","18":"instock","19":"taxable","20":"shipping-taxable","21":"purchasable","22":"product-type-variable","23":"has-default-attributes"},"_links":{"self":[{"href":"https:\/\/thrillsyndicate.com\/es\/wp-json\/wp\/v2\/product\/6258","targetHints":{"allow":["GET"]}}],"collection":[{"href":"https:\/\/thrillsyndicate.com\/es\/wp-json\/wp\/v2\/product"}],"about":[{"href":"https:\/\/thrillsyndicate.com\/es\/wp-json\/wp\/v2\/types\/product"}],"wp:featuredmedia":[{"embeddable":true,"href":"https:\/\/thrillsyndicate.com\/es\/wp-json\/wp\/v2\/media\/4627"}],"wp:attachment":[{"href":"https:\/\/thrillsyndicate.com\/es\/wp-json\/wp\/v2\/media?parent=6258"}],"wp:term":[{"taxonomy":"product_brand","embeddable":true,"href":"https:\/\/thrillsyndicate.com\/es\/wp-json\/wp\/v2\/product_brand?post=6258"},{"taxonomy":"product_cat","embeddable":true,"href":"https:\/\/thrillsyndicate.com\/es\/wp-json\/wp\/v2\/product_cat?post=6258"},{"taxonomy":"product_tag","embeddable":true,"href":"https:\/\/thrillsyndicate.com\/es\/wp-json\/wp\/v2\/product_tag?post=6258"}],"curies":[{"name":"wp","href":"https:\/\/api.w.org\/{rel}","templated":true}]}}