{"id":6348,"date":"2022-04-22T17:57:50","date_gmt":"2022-04-22T15:57:50","guid":{"rendered":"https:\/\/thrillsyndicate.com\/shop\/edelrida-estatica-low-stretch-105-mm-cuerda-estatica\/"},"modified":"2025-08-26T08:55:51","modified_gmt":"2025-08-26T06:55:51","slug":"edelrid-static-low-stretch-105-mm-cuerda-estatica","status":"publish","type":"product","link":"https:\/\/thrillsyndicate.com\/es\/product\/edelrid-static-low-stretch-105-mm-cuerda-estatica\/","title":{"rendered":"Edelrid | Cuerda est\u00e1tica de baja elasticidad | 10,5 &#8211; 11,0 mm"},"content":{"rendered":"<p data-sourcepos=\"9:1-9:336\">Eleva tu trabajo con la cuerda Edelrid STATIC LOW STRETCH, dise\u00f1ada para profesionales que exigen un estiramiento m\u00ednimo de la cuerda en aplicaciones cr\u00edticas. Esta cuerda de alto rendimiento garantiza precisi\u00f3n y control durante el ascenso, el aparejo y las maniobras en altura, convirti\u00e9ndola en una compa\u00f1era de confianza en arboricultura, trabajos verticales y operaciones de rescate. <\/p>\n<h2 data-sourcepos=\"11:1-11:15\">Ventajas:<\/h2>\n<ul>\n<li data-sourcepos=\"13:3-13:239\"><strong>Precisi\u00f3n inigualable:<\/strong> Experimenta un alargamiento inferior al 2% gracias a la funda de poli\u00e9ster de enrollado m\u00faltiple. Esto se traduce en un movimiento m\u00ednimo de la cuerda para mejorar el control al ascender, descender cargas o trabajar en posici\u00f3n suspendida. <\/li>\n<li data-sourcepos=\"15:3-15:142\"><strong>Confianza en el aparejo:<\/strong> El bajo estiramiento residual garantiza un aparejo preciso para operaciones de rescate y un control preciso de la carga durante las maniobras.<\/li>\n<li data-sourcepos=\"17:3-17:207\"><strong>Maniobra sin esfuerzo:<\/strong> El manejo flexible de la cuerda, gracias al tratamiento Thermo Shield, facilita los ascensos suaves y el manejo de la cuerda sin esfuerzo, minimizando la fatiga durante periodos de trabajo prolongados.<\/li>\n<\/ul>\n<h2 data-sourcepos=\"19:1-19:38\">Especificaciones y ventajas clave:<\/h2>\n<ul>\n<li data-sourcepos=\"21:3-21:122\"><strong>Seguridad certificada:<\/strong> La certificaci\u00f3n EN 1891 Tipo A garantiza que la cuerda cumple las estrictas normas de seguridad para uso est\u00e1tico.<\/li>\n<li data-sourcepos=\"23:3-23:132\"><strong>Durabilidad mejorada:<\/strong> La alta resistencia a la abrasi\u00f3n y a los cortes proporciona una longevidad excepcional, incluso en entornos de trabajo exigentes.<\/li>\n<li data-sourcepos=\"25:3-25:165\"><strong>Identificaci\u00f3n del di\u00e1metro:<\/strong> Los hilos trazadores integrados dentro de la funda ofrecen una forma r\u00e1pida y f\u00e1cil de identificar el di\u00e1metro de la cuerda para una selecci\u00f3n y uso eficaces.<\/li>\n<\/ul>\n<h2>EST\u00c1TICA BAJO ESTIRAMIENTO 10,5MM<\/h2>\n<ul>\n<li>Proporci\u00f3n de n\u00facleo: 58 %<\/li>\n<li>Di\u00e1metro: 10,50 mm<\/li>\n<li>Nudabilidad: 1<\/li>\n<li>Proporci\u00f3n de funda: 42 %<\/li>\n<li>Schrinkage H20: 2 %.<\/li>\n<li>Peso por metro: 74 g\/m<\/li>\n<li>Resistencia m\u00ednima a la rotura: 30 kN<\/li>\n<li>Alargamiento est\u00e1tico: 1,9 %<\/li>\n<li>Resistencia m\u00ednima a la rotura en nudo en ocho: 19 kN<\/li>\n<li>Certificaci\u00f3n : EN 1891 Tipo A<\/li>\n<li>Material : Poli\u00e9ster \/ Poliamida<\/li>\n<li>Tipo de cuerda: est\u00e1tica A.<\/li>\n<\/ul>\n<h2 class=\"h3 uk-margin-small-bottom uk-margin-medium-top\">EST\u00c1TICA BAJO ESTIRAMIENTO 11,0MM<\/h2>\n<ul>\n<li>Proporci\u00f3n del n\u00facleo: 56 %<\/li>\n<li>Di\u00e1metro: 11 mm<\/li>\n<li>Anudabilidad: 0,90<\/li>\n<li>Proporci\u00f3n de la vaina: 44 %<\/li>\n<li>Schrinkage H20: 2,20 %.<\/li>\n<li>Peso por metro: 82 g\/m<\/li>\n<li>Resistencia m\u00ednima a la rotura: 34 kN<\/li>\n<li>Alargamiento est\u00e1tico: 1.8 %<\/li>\n<li>Resistencia m\u00ednima a la rotura en nudo de ocho: 20 kN<\/li>\n<li>Certificaci\u00f3n : EN 1891 Tipo A<\/li>\n<li>Material : Poli\u00e9ster \/ Poliamida<\/li>\n<li>Tipo de cuerda: est\u00e1tica A.<\/li>\n<\/ul>\n<h2>Especificaciones<\/h2>\n<ul>\n<li>La vaina de poli\u00e9ster de enrollado m\u00faltiple da lugar a valores de alargamiento inferiores al 2 % para una mayor precisi\u00f3n al trabajar<\/li>\n<li>Cumple con la certificaci\u00f3n de seguridad para cuerdas est\u00e1ticas (EN 1891 Tipo A)<\/li>\n<li>Tratamiento Thermo Shield para un manejo agradable<\/li>\n<li>Los hilos trazadores en la funda de la cuerda indican el di\u00e1metro de la cuerda<\/li>\n<li>Alta resistencia a la abrasi\u00f3n y al corte.<\/li>\n<li>Probado para su uso con los modelos ActSafe ACC y ACX (se aplica al di\u00e1metro de 11,0 mm en colores nieve, rojo y verde ne\u00f3n)<\/li>\n<\/ul>\n<h3 class=\"western\">\ud83d\udc49 \u00bfEst\u00e1s buscando un art\u00edculo Edelrid espec\u00edfico que no aparece en la tienda? Vendemos toda la gama de productos de aventura, deporte y seguridad. Por favor, <strong><a href=\"https:\/\/thrillsyndicate.com\/es\/contacto\/\">env\u00eda a<\/a><\/strong> un correo electr\u00f3nico o consulta la <strong><a href=\"https:\/\/thrillsyndicate.com\/edelrid-safety-price-list-2025\/\">lista de precios de seguridad aqu\u00ed<\/a><\/strong>. \ud83d\udc48<\/h3>\n","protected":false},"excerpt":{"rendered":"<p>La cuerda Edelrid STATIC LOW STRETCH ofrece un estiramiento m\u00ednimo para un control superior durante el trabajo en altura. Ideal para profesionales de la arboricultura, el acceso mediante cuerdas y el rescate. <\/p>\n","protected":false},"featured_media":4717,"template":"","meta":{"_coblocks_attr":"","_coblocks_dimensions":"","_coblocks_responsive_height":"","_coblocks_accordion_ie_support":"","wds_primary_product_brand":0,"wds_primary_product_cat":0},"product_brand":[62],"product_cat":[812,844,857],"product_tag":[177,815,93],"class_list":{"0":"post-6348","1":"product","2":"type-product","3":"status-publish","4":"has-post-thumbnail","6":"product_brand-edelrid","7":"product_cat-ropes","8":"product_cat-professional-ropes","9":"product_cat-canyoning","10":"product_tag-static-rope","11":"product_tag-rope","12":"product_tag-descent-rescue","14":"first","15":"instock","16":"taxable","17":"shipping-taxable","18":"purchasable","19":"product-type-variable","20":"has-default-attributes"},"_links":{"self":[{"href":"https:\/\/thrillsyndicate.com\/es\/wp-json\/wp\/v2\/product\/6348","targetHints":{"allow":["GET"]}}],"collection":[{"href":"https:\/\/thrillsyndicate.com\/es\/wp-json\/wp\/v2\/product"}],"about":[{"href":"https:\/\/thrillsyndicate.com\/es\/wp-json\/wp\/v2\/types\/product"}],"wp:featuredmedia":[{"embeddable":true,"href":"https:\/\/thrillsyndicate.com\/es\/wp-json\/wp\/v2\/media\/4717"}],"wp:attachment":[{"href":"https:\/\/thrillsyndicate.com\/es\/wp-json\/wp\/v2\/media?parent=6348"}],"wp:term":[{"taxonomy":"product_brand","embeddable":true,"href":"https:\/\/thrillsyndicate.com\/es\/wp-json\/wp\/v2\/product_brand?post=6348"},{"taxonomy":"product_cat","embeddable":true,"href":"https:\/\/thrillsyndicate.com\/es\/wp-json\/wp\/v2\/product_cat?post=6348"},{"taxonomy":"product_tag","embeddable":true,"href":"https:\/\/thrillsyndicate.com\/es\/wp-json\/wp\/v2\/product_tag?post=6348"}],"curies":[{"name":"wp","href":"https:\/\/api.w.org\/{rel}","templated":true}]}}