{"id":7071,"date":"2022-06-30T18:01:32","date_gmt":"2022-06-30T16:01:32","guid":{"rendered":"https:\/\/thrillsyndicate.com\/shop\/pinzas-o-para-clips-lockd\/"},"modified":"2025-08-26T08:52:51","modified_gmt":"2025-08-26T06:52:51","slug":"tweezle-o-para-bloquear-clips","status":"publish","type":"product","link":"https:\/\/thrillsyndicate.com\/es\/product\/tweezle-o-para-bloquear-clips\/","title":{"rendered":"Tweezle O para Clips LockD"},"content":{"rendered":"<p><span class=\"JsGRdQ\">La Tweezle O realiza la misma funci\u00f3n de bloqueo que la Tweezle Key, pero es ideal para integrar secuencias de movimientos horizontales y verticales en tu recorrido.<\/span><span class=\"JsGRdQ white-space-prewrap\"> <\/span><span class=\"JsGRdQ\">Extremadamente ligero y f\u00e1cil de manejar, el Tweezle O es la soluci\u00f3n perfecta para l\u00edneas de vida autorretr\u00e1ctiles, Autoaseguramientos y elementos rodantes. Junta t\u00f3rica de punto de anclaje para el equipo antica\u00eddas LockD Clips y otros sistemas de aseguramiento para escalada.<\/span>  Disponible en rojo o dorado. Utilizamos diferentes colores para indicar cosas como &#8220;esto es una tirolina&#8221;. Al combinar secuencias de movimientos horizontales y verticales en tu ruta, la Tweezle O proporciona la misma funci\u00f3n de bloqueo que la Tweezle Key.<br \/>\nLa Tweezle O es la herramienta ideal para l\u00edneas de vida autorretr\u00e1ctiles, descuelgues autom\u00e1ticos y elementos rodantes, ya que es incre\u00edblemente ligera y maniobrable.  Para minimizar la carga sobre los Clips LockD durante una ca\u00edda, se puede utilizar una conexi\u00f3n de acceso directo entre el punto de anclaje y el EPI del usuario.  <\/p>\n<h2>Especificaciones<\/h2>\n<p><strong>Dimensiones<\/strong>: 9,5 cm x 5 cm x 3 cm  <strong>Peso:<\/strong> 115 g  <strong>Resistencia:<\/strong> 36kN  <strong>Normativa:<\/strong> UIAA 130:2021 PPE-R\/11.114  <strong>Fabricado en:<\/strong> Alemania https:\/\/www.youtube.com\/watch?v=_MC5FSHDRj0<\/p>\n","protected":false},"excerpt":{"rendered":"<p>La Tweezle O es una junta t\u00f3rica de anclaje con una marca de identificaci\u00f3n integrada para bloquear el sistema de sujeci\u00f3n LockD Clips. Est\u00e1 pensado para ser utilizado como punto de anclaje seguro en situaciones de riesgo de ca\u00edda en cursos de cuerdas y otros lugares de escalada, como con l\u00edneas de vida autorretr\u00e1ctiles, elementos rodantes, columpios de Tarz\u00e1n, etc.<\/p>\n","protected":false},"featured_media":7062,"template":"","meta":{"_coblocks_attr":"","_coblocks_dimensions":"","_coblocks_responsive_height":"","_coblocks_accordion_ie_support":"","wds_primary_product_brand":0,"wds_primary_product_cat":0},"product_brand":[97],"product_cat":[51],"product_tag":[54,55],"class_list":{"0":"post-7071","1":"product","2":"type-product","3":"status-publish","4":"has-post-thumbnail","6":"product_brand-lockd-clips-continuous-self-belay-system","7":"product_cat-lockd-belay-system","8":"product_tag-continuous-belay","9":"product_tag-ropes-course","11":"first","12":"instock","13":"taxable","14":"shipping-taxable","15":"purchasable","16":"product-type-variable"},"_links":{"self":[{"href":"https:\/\/thrillsyndicate.com\/es\/wp-json\/wp\/v2\/product\/7071","targetHints":{"allow":["GET"]}}],"collection":[{"href":"https:\/\/thrillsyndicate.com\/es\/wp-json\/wp\/v2\/product"}],"about":[{"href":"https:\/\/thrillsyndicate.com\/es\/wp-json\/wp\/v2\/types\/product"}],"wp:featuredmedia":[{"embeddable":true,"href":"https:\/\/thrillsyndicate.com\/es\/wp-json\/wp\/v2\/media\/7062"}],"wp:attachment":[{"href":"https:\/\/thrillsyndicate.com\/es\/wp-json\/wp\/v2\/media?parent=7071"}],"wp:term":[{"taxonomy":"product_brand","embeddable":true,"href":"https:\/\/thrillsyndicate.com\/es\/wp-json\/wp\/v2\/product_brand?post=7071"},{"taxonomy":"product_cat","embeddable":true,"href":"https:\/\/thrillsyndicate.com\/es\/wp-json\/wp\/v2\/product_cat?post=7071"},{"taxonomy":"product_tag","embeddable":true,"href":"https:\/\/thrillsyndicate.com\/es\/wp-json\/wp\/v2\/product_tag?post=7071"}],"curies":[{"name":"wp","href":"https:\/\/api.w.org\/{rel}","templated":true}]}}