{"id":7367,"date":"2022-07-25T15:08:49","date_gmt":"2022-07-25T13:08:49","guid":{"rendered":"https:\/\/thrillsyndicate.com\/shop\/llave-de-torsion-edelrid-4-20-nm\/"},"modified":"2025-08-26T08:52:56","modified_gmt":"2025-08-26T06:52:56","slug":"edelrid-llave-de-torsion-4-20-nm","status":"publish","type":"product","link":"https:\/\/thrillsyndicate.com\/es\/product\/edelrid-llave-de-torsion-4-20-nm\/","title":{"rendered":"Llave de torsi\u00f3n Edelrid 4 &#8211; 20 Nm"},"content":{"rendered":"<p>Una llave dinamom\u00e9trica es una herramienta utilizada para aplicar un par de apriete espec\u00edfico a un elemento de fijaci\u00f3n, como una tuerca, un tornillo o un tirafondos. Suele tener forma de llave de vaso con mecanismos internos especiales.<\/p>\n<p>Una llave de torsi\u00f3n se utiliza cuando el apriete de los tornillos y pernos es crucial. Permite al operario ajustar el par de apriete aplicado al tornillo para que se ajuste a las especificaciones de una aplicaci\u00f3n concreta. Esto permite una tensi\u00f3n y carga adecuadas de todas las piezas. Una llave dinamom\u00e9trica es una herramienta utilizada para apretar tuercas y tornillos a un valor de par predeterminado. Este instrumento permite apretar las fijaciones con la tensi\u00f3n adecuada, lo que ayuda a evitar da\u00f1os por exceso de apriete o que las juntas se deshagan por falta de apriete. Esto significa que aplicar la medida de par correcta es importante para la seguridad, el montaje y el rendimiento del equipo.<\/p>\n<p>El par es la medida de lo que una fuerza sobre un objeto hace que gire, siendo el punto de giro el eje sobre el que gira el objeto. El par se mide en lb-ft (libra-pie), lb-in (libra-pulgada) o N-m (newton-metro). Adecuado para ajustar el par de apriete exacto de todos nuestros productos<a href=\"https:\/\/thrillsyndicate.com\/es\/shop\/edelrid-smart-belay-x\/\">(SMART BELAY<\/a>, <a href=\"https:\/\/thrillsyndicate.com\/es\/shop\/edelrid-cupid-conector-giratorio\/\">CUPID SWIVEL<\/a>, <a href=\"https:\/\/thrillsyndicate.com\/es\/shop\/anillo-conector-edelrid\/\">CUPID<\/a>) y para otros ajustes finos.<\/p>\n<h2>Especificaciones<\/h2>\n<ul>\n<li>Peso: 400 g<\/li>\n<li>Longitud: 22 cm<\/li>\n<li>Alcance: 4 &#8211; 20 Nm<\/li>\n<li>Color(es): Plateado<\/li>\n<\/ul>\n<h3 class=\"western\">\ud83d\udc49 \u00bfEst\u00e1s buscando un art\u00edculo Edelrid espec\u00edfico que no aparece en la tienda? Vendemos toda la gama de productos de aventura, deporte y seguridad. Por favor, <strong><a href=\"https:\/\/thrillsyndicate.com\/es\/contacto\/\">env\u00eda a<\/a><\/strong> un correo electr\u00f3nico o consulta la <strong><a href=\"https:\/\/thrillsyndicate.com\/edelrid-safety-price-list-2025\/\">lista de precios de seguridad aqu\u00ed<\/a><\/strong>. \ud83d\udc48<\/h3>\n","protected":false},"excerpt":{"rendered":"<p>Adecuado para realizar ajustes finos y regular el par de apriete preciso de todos nuestros productos (Conecto, Conecto-Swivel, Core Screw D-Kit).<\/p>\n","protected":false},"featured_media":7355,"template":"","meta":{"_coblocks_attr":"","_coblocks_dimensions":"","_coblocks_responsive_height":"","_coblocks_accordion_ie_support":"","wds_primary_product_brand":0,"wds_primary_product_cat":0},"product_brand":[62],"product_cat":[4,65],"product_tag":[176,7,67],"class_list":{"0":"post-7367","1":"product","2":"type-product","3":"status-publish","4":"has-post-thumbnail","6":"product_brand-edelrid","7":"product_cat-edelrid-smart-belay","8":"product_cat-connecting","9":"product_tag-connecting","10":"product_tag-edelrid-smart-belay","11":"product_tag-ppe","13":"first","14":"instock","15":"taxable","16":"shipping-taxable","17":"purchasable","18":"product-type-simple"},"_links":{"self":[{"href":"https:\/\/thrillsyndicate.com\/es\/wp-json\/wp\/v2\/product\/7367","targetHints":{"allow":["GET"]}}],"collection":[{"href":"https:\/\/thrillsyndicate.com\/es\/wp-json\/wp\/v2\/product"}],"about":[{"href":"https:\/\/thrillsyndicate.com\/es\/wp-json\/wp\/v2\/types\/product"}],"wp:featuredmedia":[{"embeddable":true,"href":"https:\/\/thrillsyndicate.com\/es\/wp-json\/wp\/v2\/media\/7355"}],"wp:attachment":[{"href":"https:\/\/thrillsyndicate.com\/es\/wp-json\/wp\/v2\/media?parent=7367"}],"wp:term":[{"taxonomy":"product_brand","embeddable":true,"href":"https:\/\/thrillsyndicate.com\/es\/wp-json\/wp\/v2\/product_brand?post=7367"},{"taxonomy":"product_cat","embeddable":true,"href":"https:\/\/thrillsyndicate.com\/es\/wp-json\/wp\/v2\/product_cat?post=7367"},{"taxonomy":"product_tag","embeddable":true,"href":"https:\/\/thrillsyndicate.com\/es\/wp-json\/wp\/v2\/product_tag?post=7367"}],"curies":[{"name":"wp","href":"https:\/\/api.w.org\/{rel}","templated":true}]}}