{"id":8313,"date":"2022-12-01T14:04:59","date_gmt":"2022-12-01T13:04:59","guid":{"rendered":"https:\/\/thrillsyndicate.com\/shop\/edelrid-kaa-rescue-haul-system\/"},"modified":"2025-08-26T08:45:48","modified_gmt":"2025-08-26T06:45:48","slug":"edelrid-kaa-rescue-haul-system","status":"publish","type":"product","link":"https:\/\/thrillsyndicate.com\/es\/product\/edelrid-kaa-rescue-haul-system\/","title":{"rendered":"Edelrid KAA Sistema de poleas de rescate"},"content":{"rendered":"<p>El KAA es un sistema de poleas prefabricado para tensar sistemas o elevar personas durante rescates. Adem\u00e1s, como el KAA est\u00e1 certificado seg\u00fan la norma EN 354, puede utilizarse para la estabilizaci\u00f3n de puestos de trabajo, como sistema de retenci\u00f3n (abierto\/cerrado) y para el descenso controlado. <\/p>\n<p>Su construcci\u00f3n a base de correas lo convierte en el sistema m\u00e1s compacto y ligero del mercado. Seg\u00fan la posici\u00f3n, ofrece una relaci\u00f3n de elevaci\u00f3n de 4:1 \u00f3 5:1 con una eficacia del 91 %. El KAA est\u00e1 envasado de forma compacta pero listo para su uso inmediato, de modo que no se pierde un tiempo valioso cuando se necesita. En cada extremo hay una r\u00f3tula para evitar que el sistema se retuerza. La palanca de mano de la cuerda de tracci\u00f3n facilita la tracci\u00f3n y tambi\u00e9n puede utilizarse como palanca de descenso. El KAA est\u00e1 disponible en tres longitudes: 0,8, 1,5 y 4 m.<\/p>\n<h2>Caracter\u00edsticas<\/h2>\n<ul>\n<li>sistema de poleas prefabricado utilizado para la estabilizaci\u00f3n del lugar de trabajo, el tensado y como sistema de sujeci\u00f3n.<\/li>\n<li>La versi\u00f3n de 4 m es ideal para maniobrar camillas durante operaciones de rescate<\/li>\n<li>Muy compacto y ligero gracias a su dise\u00f1o basado en correas<\/li>\n<li>Facilita el descenso controlado<\/li>\n<li>Relaci\u00f3n de elevaci\u00f3n 4:1 \u00f3 5:1<\/li>\n<li>Eficacia: 91<\/li>\n<li>Chip RFID integrado<\/li>\n<\/ul>\n<h2>Especificaciones<\/h2>\n<ul>\n<li>Resistencia m\u00ednima a la rotura: 22 kN<\/li>\n<li>Certificaci\u00f3n: EN 354<\/li>\n<li>Giratorio: S\u00ed<\/li>\n<li>Peso: 891 gramos<\/li>\n<\/ul>\n<p><iframe loading=\"lazy\" title=\"EDELRID \u2013 KAA prefabricated haul system\" width=\"980\" height=\"551\" src=\"https:\/\/www.youtube.com\/embed\/sRX4nje4T0A?feature=oembed\" frameborder=\"0\" allow=\"accelerometer; autoplay; clipboard-write; encrypted-media; gyroscope; picture-in-picture\" allowfullscreen><\/iframe><\/p>\n<h3 class=\"western\">\ud83d\udc49 \u00bfEst\u00e1s buscando un art\u00edculo Edelrid espec\u00edfico que no aparece en la tienda? Vendemos toda la gama de productos de aventura, deporte y seguridad. Por favor, <strong><a href=\"https:\/\/thrillsyndicate.com\/es\/contacto\/\">env\u00eda a<\/a><\/strong> un correo electr\u00f3nico o consulta la <strong><a href=\"https:\/\/thrillsyndicate.com\/edelrid-safety-price-list-2025\/\">lista de precios de seguridad aqu\u00ed<\/a><\/strong>. \ud83d\udc48<\/h3>\n","protected":false},"excerpt":{"rendered":"<p>El Edelrid KAA es un sistema de poleas prefabricado, basado en correas, que ya est\u00e1 configurado como un sistema de ventaja mec\u00e1nica 4:1 para situaciones de tensado, izado, descenso y rescate. La construcci\u00f3n basada en correas hace que el KAA sea el sistema m\u00e1s compacto y ligero del mercado, y est\u00e1 preempaquetado y listo para su uso inmediato. <\/p>\n","protected":false},"featured_media":8274,"template":"","meta":{"_coblocks_attr":"","_coblocks_dimensions":"","_coblocks_responsive_height":"","_coblocks_accordion_ie_support":"","wds_primary_product_brand":0,"wds_primary_product_cat":0},"product_brand":[660],"product_cat":[615,965],"product_tag":[552,907,588],"class_list":{"0":"post-8313","1":"product","2":"type-product","3":"status-publish","4":"has-post-thumbnail","6":"product_brand-edelrid-es","7":"product_cat-dispositivos-de-descenso-y-rescate","8":"product_cat-lanyards-es","9":"product_tag-conectando","10":"product_tag-cordones-ajustables","11":"product_tag-descenso-y-rescate","13":"first","14":"instock","15":"taxable","16":"shipping-taxable","17":"purchasable","18":"product-type-variable","19":"has-default-attributes"},"_links":{"self":[{"href":"https:\/\/thrillsyndicate.com\/es\/wp-json\/wp\/v2\/product\/8313","targetHints":{"allow":["GET"]}}],"collection":[{"href":"https:\/\/thrillsyndicate.com\/es\/wp-json\/wp\/v2\/product"}],"about":[{"href":"https:\/\/thrillsyndicate.com\/es\/wp-json\/wp\/v2\/types\/product"}],"wp:featuredmedia":[{"embeddable":true,"href":"https:\/\/thrillsyndicate.com\/es\/wp-json\/wp\/v2\/media\/8274"}],"wp:attachment":[{"href":"https:\/\/thrillsyndicate.com\/es\/wp-json\/wp\/v2\/media?parent=8313"}],"wp:term":[{"taxonomy":"product_brand","embeddable":true,"href":"https:\/\/thrillsyndicate.com\/es\/wp-json\/wp\/v2\/product_brand?post=8313"},{"taxonomy":"product_cat","embeddable":true,"href":"https:\/\/thrillsyndicate.com\/es\/wp-json\/wp\/v2\/product_cat?post=8313"},{"taxonomy":"product_tag","embeddable":true,"href":"https:\/\/thrillsyndicate.com\/es\/wp-json\/wp\/v2\/product_tag?post=8313"}],"curies":[{"name":"wp","href":"https:\/\/api.w.org\/{rel}","templated":true}]}}