{"id":8325,"date":"2022-11-30T13:30:44","date_gmt":"2022-11-30T12:30:44","guid":{"rendered":"https:\/\/thrillsyndicate.com\/shop\/edelrid-defusor-amortiguador\/"},"modified":"2025-08-26T08:45:54","modified_gmt":"2025-08-26T06:45:54","slug":"edelrid-defusor-amortiguador","status":"publish","type":"product","link":"https:\/\/thrillsyndicate.com\/es\/product\/edelrid-defusor-amortiguador\/","title":{"rendered":"Absorbedores de energ\u00eda Edelrid DEFUSER"},"content":{"rendered":"<p>Con su serie DEFUSER, EDELRID ofrece no s\u00f3lo uno, sino tres amortiguadores para conectar el FUSE. Son dispositivos compactos para cargas de usuario de hasta 140 kg (versi\u00f3n RESCATE hasta 220 kg) que reducen significativamente la fuerza de impacto generada en caso de ca\u00edda. La serie DEFUSER, que s\u00f3lo funciona junto con el FUSE, disminuye la fuerza de impacto causada por una ca\u00edda.<\/p>\n<h2><span class=\"highlight selected appended\">DEFUSOR<\/span> L<\/h2>\n<p><span dir=\"ltr\" role=\"presentation\">Amortiguador largo y muy estrecho para cargas de usuario de <\/span><span dir=\"ltr\" role=\"presentation\">hasta 140 kg que reduce la fuerza de impacto generada por <\/span> <span dir=\"ltr\" role=\"presentation\">una ca\u00edda. El dise\u00f1o alargado permite, por ejemplo, una mayor <\/span><span dir=\"ltr\" role=\"presentation\">distancia de la cuerda de aseguramiento durante el acceso por cuerda y <\/span><span dir=\"ltr\" role=\"presentation\">por tanto, una zona de trabajo m\u00e1s despejada. S\u00f3lo debe utilizarse en combinaci\u00f3n con el antica\u00eddas de tipo guiado <a href=\"https:\/\/thrillsyndicate.com\/es\/shop\/edelrid-fuse-fall-arrester\/\">FUSE<\/a>.<\/span><\/p>\n<ul>\n<li>MBS: <span dir=\"ltr\" role=\"presentation\">15 kN<\/span><\/li>\n<li>Peso: 76 gramos<\/li>\n<li>Tama\u00f1o: 30 cm<\/li>\n<li>Color: 017 Night<\/li>\n<li>Certificaciones: (en combinaci\u00f3n con FUSE): EN 353-2, EN 12841-A, ANSI Z359.15<\/li>\n<\/ul>\n<h2>DEFUSOR RESCATE<\/h2>\n<p><span dir=\"ltr\" role=\"presentation\">Amortiguador compacto con un maxi<\/span><span dir=\"ltr\" role=\"presentation\">mum carga de usuario de hasta 220 kg. Reduce significativamente la <\/span><span dir=\"ltr\" role=\"presentation\">fuerza de impacto generada por una ca\u00edda. La gran capacidad de carga <\/span><span dir=\"ltr\" role=\"presentation\">permite a los usuarios trabajar con equipos pesados y ofrece una <\/span><span dir=\"ltr\" role=\"presentation\">mayor reserva en caso de rescate, ya que permite<\/span><span dir=\"ltr\" role=\"presentation\">a los usuarios soportar el peso de la persona que necesita ayuda. <\/span> <span dir=\"ltr\" role=\"presentation\">asistencia en su propio sistema. S\u00f3lo debe utilizarse en combinaci\u00f3n con el antica\u00eddas de tipo guiado <a href=\"https:\/\/thrillsyndicate.com\/es\/shop\/edelrid-fuse-fall-arrester\/\">FUSE<\/a>.<\/span><\/p>\n<ul>\n<li>MBS: <span dir=\"ltr\" role=\"presentation\">15 kN<\/span><\/li>\n<li>Peso: 133 gramos<\/li>\n<li>Tama\u00f1o: 21 cm<\/li>\n<li>Color: <span dir=\"ltr\" role=\"presentation\">921 noche-nieve<\/span><\/li>\n<li>Certificaciones: (en combinaci\u00f3n con FUSE): EN 353-2, EN 12841-A, ANSI Z359.15<\/li>\n<\/ul>\n<h3 class=\"western\">\ud83d\udc49 \u00bfEst\u00e1s buscando un art\u00edculo Edelrid espec\u00edfico que no aparece en la tienda? Vendemos toda la gama de productos de aventura, deporte y seguridad. Por favor, <strong><a href=\"https:\/\/thrillsyndicate.com\/es\/contacto\/\">env\u00eda a<\/a><\/strong> un correo electr\u00f3nico o consulta la <strong><a href=\"https:\/\/thrillsyndicate.com\/edelrid-safety-price-list-2025\/\">lista de precios de seguridad aqu\u00ed<\/a><\/strong>. \ud83d\udc48<\/h3>\n","protected":false},"excerpt":{"rendered":"<p>Todos los amortiguadores DEFUSER son compactos y adecuados para cargas de usuario de hasta 140 kg (RESCUE hasta 220 kg). La serie DEFUSER reduce la fuerza de impacto provocada por una ca\u00edda y s\u00f3lo funciona en t\u00e1ndem con el FUSE.<\/p>\n","protected":false},"featured_media":8258,"template":"","meta":{"_coblocks_attr":"","_coblocks_dimensions":"","_coblocks_responsive_height":"","_coblocks_accordion_ie_support":"","wds_primary_product_brand":0,"wds_primary_product_cat":0},"product_brand":[62],"product_cat":[842],"product_tag":[957,552,581],"class_list":{"0":"post-8325","1":"product","2":"type-product","3":"status-publish","4":"has-post-thumbnail","6":"product_brand-edelrid","7":"product_cat-fall-arresters","8":"product_tag-absorbedores-de-energia","9":"product_tag-conectando","10":"product_tag-epp","12":"first","13":"instock","14":"taxable","15":"shipping-taxable","16":"purchasable","17":"product-type-variable","18":"has-default-attributes"},"_links":{"self":[{"href":"https:\/\/thrillsyndicate.com\/es\/wp-json\/wp\/v2\/product\/8325","targetHints":{"allow":["GET"]}}],"collection":[{"href":"https:\/\/thrillsyndicate.com\/es\/wp-json\/wp\/v2\/product"}],"about":[{"href":"https:\/\/thrillsyndicate.com\/es\/wp-json\/wp\/v2\/types\/product"}],"wp:featuredmedia":[{"embeddable":true,"href":"https:\/\/thrillsyndicate.com\/es\/wp-json\/wp\/v2\/media\/8258"}],"wp:attachment":[{"href":"https:\/\/thrillsyndicate.com\/es\/wp-json\/wp\/v2\/media?parent=8325"}],"wp:term":[{"taxonomy":"product_brand","embeddable":true,"href":"https:\/\/thrillsyndicate.com\/es\/wp-json\/wp\/v2\/product_brand?post=8325"},{"taxonomy":"product_cat","embeddable":true,"href":"https:\/\/thrillsyndicate.com\/es\/wp-json\/wp\/v2\/product_cat?post=8325"},{"taxonomy":"product_tag","embeddable":true,"href":"https:\/\/thrillsyndicate.com\/es\/wp-json\/wp\/v2\/product_tag?post=8325"}],"curies":[{"name":"wp","href":"https:\/\/api.w.org\/{rel}","templated":true}]}}