{"id":8331,"date":"2022-11-30T10:07:40","date_gmt":"2022-11-30T09:07:40","guid":{"rendered":"https:\/\/thrillsyndicate.com\/shop\/edelrid-fuse-fall-arrester\/"},"modified":"2025-08-26T08:47:03","modified_gmt":"2025-08-26T06:47:03","slug":"edelrid-fuse-fall-arrester","status":"publish","type":"product","link":"https:\/\/thrillsyndicate.com\/es\/product\/edelrid-fuse-fall-arrester\/","title":{"rendered":"Antica\u00eddas Edelrid FUSE"},"content":{"rendered":"<p><span dir=\"ltr\" role=\"presentation\">El FUSE establece nuevas normas para la detenci\u00f3n de ca\u00eddas de tipo guiado<\/span><span dir=\"ltr\" role=\"presentation\">ers. Ya sea ascendente o descendente, el sistema integrado <\/span><span dir=\"ltr\" role=\"presentation\">El freno centr\u00edfugo permite que el aparato suba\/baje <\/span><span dir=\"ltr\" role=\"presentation\">la cuerda con una facilidad incomparable desde el primer metro. <\/span><span dir=\"ltr\" role=\"presentation\">metro. <\/span> <\/p>\n<p><span dir=\"ltr\" role=\"presentation\">Adem\u00e1s, su capacidad, como dispositivo \u00fanico, para <\/span><span dir=\"ltr\" role=\"presentation\">cumplir todas las normas europeas e internacionales<\/span><span dir=\"ltr\" role=\"presentation\">para grandes di\u00e1metros y las cargas de usuario m\u00e1s elevadas <\/span><span dir=\"ltr\" role=\"presentation\">usuario <\/span><span dir=\"ltr\" role=\"presentation\">unida a <\/span><span dir=\"ltr\" role=\"presentation\">con <\/span><span dir=\"ltr\" role=\"presentation\">su <\/span><span dir=\"ltr\" role=\"presentation\">impresionante <\/span><span dir=\"ltr\" role=\"presentation\">compacto <\/span><span dir=\"ltr\" role=\"presentation\">dise\u00f1o <\/span> <span dir=\"ltr\" role=\"presentation\">lo convierte en el aparato m\u00e1s vers\u00e1til de su clase. La estructura<\/span><span dir=\"ltr\" role=\"presentation\">tural de los mecanismos de disparo y bloqueo <\/span><span dir=\"ltr\" role=\"presentation\">junto con la ausencia de mordazas dentadas, no s\u00f3lo <\/span><span dir=\"ltr\" role=\"presentation\">que el dispositivo sea inviolable y respetuoso con las cuerdas, sino que tambi\u00e9n<\/span><span dir=\"ltr\" role=\"presentation\">permite soltarlo f\u00e1cilmente de la cuerda tras una ca\u00edda.<\/span><\/p>\n<p><span dir=\"ltr\" role=\"presentation\">En <\/span><span dir=\"ltr\" role=\"presentation\">obligatorio <\/span><span dir=\"ltr\" role=\"presentation\">combinaci\u00f3n <\/span><span dir=\"ltr\" role=\"presentation\">con <\/span><span dir=\"ltr\" role=\"presentation\">un <\/span><span dir=\"ltr\" role=\"presentation\">adecuado <\/span><span dir=\"ltr\" role=\"presentation\">amortiguador<a href=\"https:\/\/thrillsyndicate.com\/es\/shop\/edelrid-defusor-amortiguador\/\">DEFUSER<\/a> (S, L o RESCATE) permite<\/span><span dir=\"ltr\" role=\"presentation\">seleccionar un sistema completo ideal para el uso previsto <\/span><span dir=\"ltr\" role=\"presentation\">para el uso previsto gracias a las diferentes longitudes y<\/span><span dir=\"ltr\" role=\"presentation\">y par\u00e1metros de rendimiento.<\/span><\/p>\n<h2>Caracter\u00edsticas<\/h2>\n<div class=\"page\" role=\"region\" data-page-number=\"58\" aria-label=\"Page 58\" data-loaded=\"true\">\n<ul>\n<li class=\"textLayer\"><span dir=\"ltr\" role=\"presentation\">Extremadamente respetuoso con las cuerdas gracias a las mordazas de freno no dentadas <\/span><\/li>\n<li class=\"textLayer\"><span dir=\"ltr\" role=\"presentation\">Borde probado seg\u00fan RFU 11.075 y, por tanto, aprobado para <\/span><span dir=\"ltr\" role=\"presentation\">aplicaciones horizontales<\/span><\/li>\n<li class=\"textLayer\"><span dir=\"ltr\" role=\"presentation\">Un dispositivo cumple cuatro normas (EN 353-2, EN 12841-A, <\/span><span dir=\"ltr\" role=\"presentation\">RfU 11.075 y ANSI Z359.15)<\/span><\/li>\n<li class=\"textLayer\"><span dir=\"ltr\" role=\"presentation\">Chip RFID integrado para facilitar la documentaci\u00f3n de uso<\/span><\/li>\n<li class=\"textLayer\"><span dir=\"ltr\" role=\"presentation\">Funci\u00f3n de bloqueo de leva integrada para la colocaci\u00f3n en el lugar de trabajo o <\/span><span dir=\"ltr\" role=\"presentation\">asegurar la cuerda con vientos fuertes<\/span><\/li>\n<li class=\"textLayer\"><span dir=\"ltr\" role=\"presentation\">Incomparablemente buen movimiento de deslizamiento hacia arriba y abajo de la cuerda desde <\/span><span dir=\"ltr\" role=\"presentation\">el primer metro<\/span><\/li>\n<li class=\"textLayer\"><span dir=\"ltr\" role=\"presentation\">Puede engancharse\/desengancharse f\u00e1cilmente de la cuerda en cualquier punto <\/span><span dir=\"ltr\" role=\"presentation\">sin tener que separar el dispositivo del arn\u00e9s<\/span><\/li>\n<\/ul>\n<h2>Especificaciones<\/h2>\n<ul>\n<li>Peso: 420 gramos<\/li>\n<li>Di\u00e1metro de cuerda homologado: 10 &#8211; 12 mm<\/li>\n<li>Color: 017 Night<\/li>\n<li>Certificaciones: EN 353-2, EN 12841-A, RfU 11.075, ANSI Z359.15<\/li>\n<\/ul>\n<p><iframe loading=\"lazy\" title=\"FUSE Guided-Type Fall Arrester | EDELRID\" width=\"980\" height=\"551\" src=\"https:\/\/www.youtube.com\/embed\/lq8upetNLwk?feature=oembed\" frameborder=\"0\" allow=\"accelerometer; autoplay; clipboard-write; encrypted-media; gyroscope; picture-in-picture; web-share\" referrerpolicy=\"strict-origin-when-cross-origin\" allowfullscreen><\/iframe><\/p>\n<h3 class=\"western\">\ud83d\udc49 \u00bfEst\u00e1s buscando un art\u00edculo Edelrid espec\u00edfico que no aparece en la tienda? Vendemos toda la gama de productos de aventura, deporte y seguridad. Por favor, <strong><a href=\"https:\/\/thrillsyndicate.com\/es\/contacto\/\">env\u00eda a<\/a><\/strong> un correo electr\u00f3nico o consulta la <strong><a href=\"https:\/\/thrillsyndicate.com\/edelrid-safety-price-list-2025\/\">lista de precios de seguridad aqu\u00ed<\/a><\/strong>. \ud83d\udc48<\/h3>\n<\/div>\n","protected":false},"excerpt":{"rendered":"<p>Para los antica\u00eddas de tipo guiado, la FUSE<strong>(En abril de 2023<\/strong>) establece nuevos criterios. El freno centr\u00edfugo incorporado permite que el artilugio suba\/baje por la cuerda de aseguramiento con una facilidad inigualable desde el primer metro, ya sea ascendiendo o descendiendo.<\/p>\n","protected":false},"featured_media":8231,"template":"","meta":{"_coblocks_attr":"","_coblocks_dimensions":"","_coblocks_responsive_height":"","_coblocks_accordion_ie_support":"","wds_primary_product_brand":0,"wds_primary_product_cat":0},"product_brand":[62],"product_cat":[92,842],"product_tag":[963,442,588],"class_list":{"0":"post-8331","1":"product","2":"type-product","3":"status-publish","4":"has-post-thumbnail","6":"product_brand-edelrid","7":"product_cat-descent-rescue-devices","8":"product_cat-fall-arresters","9":"product_tag-anticaidas","10":"product_tag-curso-de-cuerdas","11":"product_tag-descenso-y-rescate","13":"first","14":"instock","15":"taxable","16":"shipping-taxable","17":"purchasable","18":"product-type-simple"},"_links":{"self":[{"href":"https:\/\/thrillsyndicate.com\/es\/wp-json\/wp\/v2\/product\/8331","targetHints":{"allow":["GET"]}}],"collection":[{"href":"https:\/\/thrillsyndicate.com\/es\/wp-json\/wp\/v2\/product"}],"about":[{"href":"https:\/\/thrillsyndicate.com\/es\/wp-json\/wp\/v2\/types\/product"}],"wp:featuredmedia":[{"embeddable":true,"href":"https:\/\/thrillsyndicate.com\/es\/wp-json\/wp\/v2\/media\/8231"}],"wp:attachment":[{"href":"https:\/\/thrillsyndicate.com\/es\/wp-json\/wp\/v2\/media?parent=8331"}],"wp:term":[{"taxonomy":"product_brand","embeddable":true,"href":"https:\/\/thrillsyndicate.com\/es\/wp-json\/wp\/v2\/product_brand?post=8331"},{"taxonomy":"product_cat","embeddable":true,"href":"https:\/\/thrillsyndicate.com\/es\/wp-json\/wp\/v2\/product_cat?post=8331"},{"taxonomy":"product_tag","embeddable":true,"href":"https:\/\/thrillsyndicate.com\/es\/wp-json\/wp\/v2\/product_tag?post=8331"}],"curies":[{"name":"wp","href":"https:\/\/api.w.org\/{rel}","templated":true}]}}