{"id":8334,"date":"2022-11-30T08:58:51","date_gmt":"2022-11-30T07:58:51","guid":{"rendered":"https:\/\/thrillsyndicate.com\/shop\/edelrid-megawatt-descender\/"},"modified":"2025-08-26T08:48:55","modified_gmt":"2025-08-26T06:48:55","slug":"edelrid-megawatt-descender","status":"publish","type":"product","link":"https:\/\/thrillsyndicate.com\/es\/product\/edelrid-megawatt-descender\/","title":{"rendered":"Descensor Edelrid MEGAWATT"},"content":{"rendered":"<p><span class=\"\" dir=\"ltr\" role=\"presentation\">El MEGAWATT es un descensor vers\u00e1til para la industria <\/span><span dir=\"ltr\" role=\"presentation\">uso en escalada y rescate. Su especial geometr\u00eda de palanca permite una <\/span><span dir=\"ltr\" role=\"presentation\">gran relaci\u00f3n de transmisi\u00f3n y un rango de trabajo extremadamente amplio.<\/span><\/p>\n<p><span dir=\"ltr\" role=\"presentation\">Al mismo tiempo, su funci\u00f3n antip\u00e1nico reduce el riesgo de un <\/span><span dir=\"ltr\" role=\"presentation\">accidente en caso de p\u00e9rdida de control. Sirve para izquierda y <\/span><span dir=\"ltr\" role=\"presentation\">usuarios diestros por igual (independientemente del funcionamiento activo o pasivo<\/span><span dir=\"ltr\" role=\"presentation\">y permite un manejo \u00f3ptimo incluso en posiciones de trabajo <\/span><span class=\"\" dir=\"ltr\" role=\"presentation\">de dif\u00edcil acceso, lo que convierte al MEGAWATT en el descensor <\/span><span dir=\"ltr\" role=\"presentation\">descensor m\u00e1s vers\u00e1til del mercado, con la m\u00e1xima <\/span><span dir=\"ltr\" role=\"presentation\">compacidad y peso minimizados.<\/span><\/p>\n<h2>Caracter\u00edsticas<\/h2>\n<ul>\n<li><span dir=\"ltr\" role=\"presentation\">Chip RFID integrado para documentaci\u00f3n operativa simplificada<\/span><\/li>\n<li><span dir=\"ltr\" role=\"presentation\">Palanca ergon\u00f3mica de dos componentes para controlar con precisi\u00f3n <\/span><span dir=\"ltr\" role=\"presentation\">la velocidad de r\u00e1pel (apta para diestros y zurdos)<\/span><\/li>\n<li><span dir=\"ltr\" role=\"presentation\">El dise\u00f1o compacto y la palanca de descenso corta facilitan el manejo y <\/span><span dir=\"ltr\" role=\"presentation\">reducen el riesgo de atrapamiento<\/span><\/li>\n<li><span dir=\"ltr\" role=\"presentation\">Funci\u00f3n antip\u00e1nico para mayor seguridad al bajar (el dispositivo <\/span><span dir=\"ltr\" role=\"presentation\">se bloquea autom\u00e1ticamente si la palanca se empuja demasiado hacia delante)<\/span><\/li>\n<li><span dir=\"ltr\" role=\"presentation\">La funci\u00f3n de bloqueo autom\u00e1tico permite el posicionamiento cuando se trabaja en altura <\/span><span dir=\"ltr\" role=\"presentation\">sin necesidad de bloquear la palanca o atar la unidad<\/span><\/li>\n<li><span dir=\"ltr\" role=\"presentation\">Los insertos de acero en las zonas propensas a la abrasi\u00f3n aumentan la vida \u00fatil <\/span><\/li>\n<li><span dir=\"ltr\" role=\"presentation\">Tornillo de bloqueo para instalaci\u00f3n semipermanente en sistemas de rescate<\/span><\/li>\n<li><span dir=\"ltr\" role=\"presentation\">El mecanismo de apertura con bloqueo de seguridad permite introducir la cuerda <\/span><span dir=\"ltr\" role=\"presentation\">sin desenganchar el dispositivo del arn\u00e9s<\/span><\/li>\n<li><span dir=\"ltr\" role=\"presentation\">El gran orificio del mosquet\u00f3n permite girarlo 360\u00b0 en <\/span><span dir=\"ltr\" role=\"presentation\">el dispositivo<\/span><\/li>\n<li><span dir=\"ltr\" role=\"presentation\">Posibilidad de hacer r\u00e1pel con cargas pesadas de hasta 200 kg<\/span><\/li>\n<li><span dir=\"ltr\" role=\"presentation\">Adecuado para di\u00e1metros de cuerda de 8,9 a 11,8 mm<\/span><\/li>\n<\/ul>\n<h2>Especificaciones<\/h2>\n<ul>\n<li>Color: <span dir=\"ltr\" role=\"presentation\">017 noche<\/span><\/li>\n<li>Peso: 495 gramos<\/li>\n<li>m\u00e1x. Carga de descenso: 200 kg<\/li>\n<li>Di\u00e1metro de la cuerda: 8,9 &#8211; 11,8 mm<\/li>\n<li>Certificaciones: <span dir=\"ltr\" role=\"presentation\">EN 12841-C, EN 341-2A, <\/span><span dir=\"ltr\" role=\"presentation\">EN 15151-1\/8, <\/span><span dir=\"ltr\" role=\"presentation\">ANSI\/ASSE Z359.4<\/span><\/li>\n<\/ul>\n<p><iframe loading=\"lazy\" title=\"Edelrid MEGAWATT Application Positioning\" width=\"980\" height=\"551\" src=\"https:\/\/www.youtube.com\/embed\/6QYndfz4TP8?feature=oembed\" frameborder=\"0\" allow=\"accelerometer; autoplay; clipboard-write; encrypted-media; gyroscope; picture-in-picture; web-share\" referrerpolicy=\"strict-origin-when-cross-origin\" allowfullscreen><\/iframe><\/p>\n<h3 class=\"western\">\ud83d\udc49 \u00bfEst\u00e1s buscando un art\u00edculo Edelrid espec\u00edfico que no aparece en la tienda? Vendemos toda la gama de productos de aventura, deporte y seguridad. Por favor, <strong><a href=\"https:\/\/thrillsyndicate.com\/es\/contacto\/\">env\u00eda a<\/a><\/strong> un correo electr\u00f3nico o consulta la <strong><a href=\"https:\/\/thrillsyndicate.com\/edelrid-safety-price-list-2025\/\">lista de precios de seguridad aqu\u00ed<\/a><\/strong>. \ud83d\udc48<\/h3>\n","protected":false},"excerpt":{"rendered":"<p>El MEGAWATT es el descensor m\u00e1s adaptable del mercado, con una compacidad maximizada y un peso m\u00ednimo, ya que es apto tanto para usuarios diestros como zurdos (independientemente de su funcionamiento activo o pasivo) y permite un manejo \u00f3ptimo incluso en posiciones de trabajo de dif\u00edcil acceso.<\/p>\n","protected":false},"featured_media":8181,"template":"","meta":{"_coblocks_attr":"","_coblocks_dimensions":"","_coblocks_responsive_height":"","_coblocks_accordion_ie_support":"","wds_primary_product_brand":0,"wds_primary_product_cat":0},"product_brand":[62],"product_cat":[92,840],"product_tag":[55,93,811],"class_list":{"0":"post-8334","1":"product","2":"type-product","3":"status-publish","4":"has-post-thumbnail","6":"product_brand-edelrid","7":"product_cat-descent-rescue-devices","8":"product_cat-descenders","9":"product_tag-ropes-course","10":"product_tag-descent-rescue","11":"product_tag-descender","13":"first","14":"instock","15":"taxable","16":"shipping-taxable","17":"purchasable","18":"product-type-simple"},"_links":{"self":[{"href":"https:\/\/thrillsyndicate.com\/es\/wp-json\/wp\/v2\/product\/8334","targetHints":{"allow":["GET"]}}],"collection":[{"href":"https:\/\/thrillsyndicate.com\/es\/wp-json\/wp\/v2\/product"}],"about":[{"href":"https:\/\/thrillsyndicate.com\/es\/wp-json\/wp\/v2\/types\/product"}],"wp:featuredmedia":[{"embeddable":true,"href":"https:\/\/thrillsyndicate.com\/es\/wp-json\/wp\/v2\/media\/8181"}],"wp:attachment":[{"href":"https:\/\/thrillsyndicate.com\/es\/wp-json\/wp\/v2\/media?parent=8334"}],"wp:term":[{"taxonomy":"product_brand","embeddable":true,"href":"https:\/\/thrillsyndicate.com\/es\/wp-json\/wp\/v2\/product_brand?post=8334"},{"taxonomy":"product_cat","embeddable":true,"href":"https:\/\/thrillsyndicate.com\/es\/wp-json\/wp\/v2\/product_cat?post=8334"},{"taxonomy":"product_tag","embeddable":true,"href":"https:\/\/thrillsyndicate.com\/es\/wp-json\/wp\/v2\/product_tag?post=8334"}],"curies":[{"name":"wp","href":"https:\/\/api.w.org\/{rel}","templated":true}]}}