{"id":8337,"date":"2022-11-30T09:02:32","date_gmt":"2022-11-30T08:02:32","guid":{"rendered":"https:\/\/thrillsyndicate.com\/shop\/edelrid-cupid-conector-giratorio\/"},"modified":"2025-08-26T08:49:00","modified_gmt":"2025-08-26T06:49:00","slug":"edelrid-cupid-conector-giratorio","status":"publish","type":"product","link":"https:\/\/thrillsyndicate.com\/es\/product\/edelrid-cupid-conector-giratorio\/","title":{"rendered":"Edelrid CUPID Conector giratorio"},"content":{"rendered":"<p data-sourcepos=\"17:1-17:520\">Para los operadores profesionales que dan prioridad a la eficacia y la suavidad de funcionamiento, el conector giratorio Edelrid CUPID cambia las reglas del juego. Esta innovadora r\u00f3tula de aluminio tiene un dise\u00f1o compacto y una resistencia excepcional (20 kN). El cierre mec\u00e1nico de rosca integrado elimina la necesidad de piezas sueltas y garantiza que la r\u00f3tula permanezca firmemente bloqueada incluso con cargas pesadas. Con un suave mecanismo giratorio montado sobre cojinetes de bolas, el CUPID minimiza la torsi\u00f3n de la cuerda y mantiene tus elementos de amarre funcionando \u00f3ptimamente durante las maniobras cr\u00edticas.   <\/p>\n<h2 data-sourcepos=\"19:1-19:75\">Rendimiento sin fricciones, conexiones seguras:<\/h2>\n<ul data-sourcepos=\"21:1-24:0\">\n<li data-sourcepos=\"21:1-21:163\"><strong>Suave acci\u00f3n giratoria:<\/strong> La r\u00f3tula montada sobre cojinetes de bolas gira sin esfuerzo, incluso con cargas elevadas, minimizando la torsi\u00f3n de la cuerda y maximizando el rendimiento del elemento de amarre.<\/li>\n<li data-sourcepos=\"22:1-22:170\"><strong>Mecanismo de Bloqueo de Tornillo Seguro:<\/strong> El innovador dise\u00f1o de bloqueo de rosca elimina el riesgo de apertura accidental de la puerta y garantiza un funcionamiento fiable en situaciones cr\u00edticas.<\/li>\n<li data-sourcepos=\"23:1-24:0\"><strong>Duradera y ligera:<\/strong> Fabricada con aluminio de alta calidad, esta r\u00f3tula proporciona una resistencia excepcional (20 kN), al tiempo que mantiene un dise\u00f1o compacto y ligero (105 g) para una portabilidad superior.<\/li>\n<\/ul>\n<h2 data-sourcepos=\"25:1-25:68\">Dise\u00f1ado para rendir al m\u00e1ximo:<\/h2>\n<ul data-sourcepos=\"27:1-30:0\">\n<li data-sourcepos=\"27:1-27:106\"><strong>Innovador mecanismo de bloqueo por tornillo:<\/strong> Proporciona un sistema de bloqueo seguro sin necesidad de piezas sueltas.<\/li>\n<li data-sourcepos=\"28:1-28:103\"><strong>Gran anchura de apertura (12 mm):<\/strong> Permite conectar f\u00e1cilmente cuerdas, eslingas y equipos diversos.<\/li>\n<li data-sourcepos=\"29:1-30:0\"><strong>Dise\u00f1o compacto y ligero:<\/strong> Minimiza el peso para facilitar el transporte y la manipulaci\u00f3n durante operaciones prolongadas.<\/li>\n<\/ul>\n<h2 data-sourcepos=\"31:1-31:94\">Edelrid CUPID Conector giratorio &#8211; Detalles t\u00e9cnicos:<\/h2>\n<ul data-sourcepos=\"33:1-40:29\">\n<li data-sourcepos=\"33:1-33:15\">Peso: 105 g<\/li>\n<li data-sourcepos=\"34:1-34:21\">Material: Aluminio<\/li>\n<li data-sourcepos=\"35:1-35:16\">Cierre: Tornillo<\/li>\n<li data-sourcepos=\"36:1-36:22\">Ancho de apertura: 12 mm<\/li>\n<li data-sourcepos=\"37:1-37:24\">Di\u00e1metro interior: 25 mm<\/li>\n<li data-sourcepos=\"38:1-38:23\">Tama\u00f1o: 95 x 50 x 28 mm<\/li>\n<li data-sourcepos=\"39:1-39:34\">Resistencia m\u00ednima a la rotura: 20 kN<\/li>\n<li data-sourcepos=\"40:1-40:29\">Certificaci\u00f3n: PPE-R\/11.135<\/li>\n<\/ul>\n<h3 class=\"western\">\ud83d\udc49 \u00bfEst\u00e1s buscando un art\u00edculo Edelrid espec\u00edfico que no aparece en la tienda? Vendemos toda la gama de productos de aventura, deporte y seguridad. Por favor, <strong><a href=\"https:\/\/thrillsyndicate.com\/es\/contacto\/\">env\u00eda a<\/a><\/strong> un correo electr\u00f3nico o consulta la <strong><a href=\"https:\/\/thrillsyndicate.com\/edelrid-safety-price-list-2025\/\">lista de precios de seguridad aqu\u00ed<\/a><\/strong>. \ud83d\udc48<\/h3>\n","protected":false},"excerpt":{"rendered":"<p>El conector giratorio Edelrid CUPID es un <strong>revolucionario<\/strong> conector giratorio de aluminio que incorpora un <strong>mecanismo de bloqueo de rosca seguro<\/strong> y <strong>una rotaci\u00f3n excepcional<\/strong>. Este conector minimiza la torsi\u00f3n de la cuerda y optimiza el rendimiento del elemento de amarre, por lo que es ideal para escaladores profesionales, t\u00e9cnicos de acceso mediante cuerda y cualquiera que necesite una soluci\u00f3n fiable y vers\u00e1til. <\/p>\n","protected":false},"featured_media":8169,"template":"","meta":{"_coblocks_attr":"","_coblocks_dimensions":"","_coblocks_responsive_height":"","_coblocks_accordion_ie_support":"","wds_primary_product_brand":0,"wds_primary_product_cat":0},"product_brand":[62],"product_cat":[4,51,65],"product_tag":[54,176,7,8],"class_list":{"0":"post-8337","1":"product","2":"type-product","3":"status-publish","4":"has-post-thumbnail","6":"product_brand-edelrid","7":"product_cat-edelrid-smart-belay","8":"product_cat-lockd-belay-system","9":"product_cat-connecting","10":"product_tag-continuous-belay","11":"product_tag-connecting","12":"product_tag-edelrid-smart-belay","13":"product_tag-belay-systems","15":"first","16":"instock","17":"taxable","18":"shipping-taxable","19":"purchasable","20":"product-type-simple"},"_links":{"self":[{"href":"https:\/\/thrillsyndicate.com\/es\/wp-json\/wp\/v2\/product\/8337","targetHints":{"allow":["GET"]}}],"collection":[{"href":"https:\/\/thrillsyndicate.com\/es\/wp-json\/wp\/v2\/product"}],"about":[{"href":"https:\/\/thrillsyndicate.com\/es\/wp-json\/wp\/v2\/types\/product"}],"wp:featuredmedia":[{"embeddable":true,"href":"https:\/\/thrillsyndicate.com\/es\/wp-json\/wp\/v2\/media\/8169"}],"wp:attachment":[{"href":"https:\/\/thrillsyndicate.com\/es\/wp-json\/wp\/v2\/media?parent=8337"}],"wp:term":[{"taxonomy":"product_brand","embeddable":true,"href":"https:\/\/thrillsyndicate.com\/es\/wp-json\/wp\/v2\/product_brand?post=8337"},{"taxonomy":"product_cat","embeddable":true,"href":"https:\/\/thrillsyndicate.com\/es\/wp-json\/wp\/v2\/product_cat?post=8337"},{"taxonomy":"product_tag","embeddable":true,"href":"https:\/\/thrillsyndicate.com\/es\/wp-json\/wp\/v2\/product_tag?post=8337"}],"curies":[{"name":"wp","href":"https:\/\/api.w.org\/{rel}","templated":true}]}}