{"id":8344,"date":"2022-11-30T09:07:10","date_gmt":"2022-11-30T08:07:10","guid":{"rendered":"https:\/\/thrillsyndicate.com\/shop\/anillo-conector-edelrid\/"},"modified":"2025-08-26T08:46:59","modified_gmt":"2025-08-26T06:46:59","slug":"anillo-conector-edelrid","status":"publish","type":"product","link":"https:\/\/thrillsyndicate.com\/es\/product\/anillo-conector-edelrid\/","title":{"rendered":"Edelrid CUPID Anillo conector"},"content":{"rendered":"<p data-sourcepos=\"17:1-17:532\">Para escaladores profesionales, aparejadores y cualquiera que necesite una soluci\u00f3n fiable para crear conexiones permanentes, el Anillo Conector Edelrid CUPID es la elecci\u00f3n perfecta. Esta innovadora anilla de aluminio cuenta con un mecanismo de apertura mediante tornillo de f\u00e1cil manejo que permite enganchar y desenganchar f\u00e1cilmente cuerdas, eslingas y otros equipos de carga. El CUPID presume de una resistencia excepcional (20 kN tanto en el eje mayor como en el menor) y permanece seguro aunque se pierda el tornillo, garantizando conexiones fiables en situaciones cr\u00edticas.  <\/p>\n<h2 data-sourcepos=\"19:1-19:75\">Conexiones sin esfuerzo, resistencia excepcional:<\/h2>\n<ul data-sourcepos=\"21:1-24:0\">\n<li data-sourcepos=\"21:1-21:183\"><strong>Sencillo Mecanismo Accionado por Tornillo:<\/strong> El mecanismo de apertura atornillado de f\u00e1cil manejo permite enganchar y desenganchar r\u00e1pida y f\u00e1cilmente cuerdas, eslingas y componentes met\u00e1licos.<\/li>\n<li data-sourcepos=\"22:1-22:189\"><strong>Conexiones Permanentes en Cualquier Direcci\u00f3n:<\/strong> El CUPID permite conexiones seguras de elementos de equipo de carga en cualquier direcci\u00f3n, maximizando la versatilidad para tareas de aparejo complejas.<\/li>\n<li data-sourcepos=\"23:1-24:0\"><strong>Resistencia y fiabilidad excepcionales:<\/strong> A pesar de su sencillo dise\u00f1o, el CUPID presume de una resistencia a la rotura de 20 kN tanto en el eje mayor como en el menor, lo que garantiza un rendimiento fiable bajo carga.<\/li>\n<\/ul>\n<h2 data-sourcepos=\"25:1-25:69\">Dise\u00f1ado para un aparejo eficiente:<\/h2>\n<ul data-sourcepos=\"27:1-30:0\">\n<li data-sourcepos=\"27:1-27:120\"><strong>Construcci\u00f3n ligera de aluminio:<\/strong> Minimiza el peso para facilitar el transporte y la manipulaci\u00f3n durante operaciones prolongadas.<\/li>\n<li data-sourcepos=\"28:1-28:103\"><strong>Gran anchura de apertura (12 mm):<\/strong> Permite conectar f\u00e1cilmente cuerdas, eslingas y equipos diversos.<\/li>\n<li data-sourcepos=\"29:1-30:0\"><strong>Dise\u00f1o duradero de un solo tornillo:<\/strong> Proporciona un mecanismo de bloqueo seguro con un m\u00ednimo de piezas para facilitar el mantenimiento.<\/li>\n<\/ul>\n<h2 data-sourcepos=\"31:1-31:92\">Edelrid CUPID Anillo conector &#8211; Detalles t\u00e9cnicos:<\/h2>\n<ul data-sourcepos=\"33:1-42:24\">\n<li data-sourcepos=\"33:1-33:14\">Peso: 65 g<\/li>\n<li data-sourcepos=\"34:1-34:21\">Material: Aluminio<\/li>\n<li data-sourcepos=\"35:1-35:26\">Mecanismo de apertura: Tornillo<\/li>\n<li data-sourcepos=\"36:1-36:22\">Ancho de apertura: 12 mm<\/li>\n<li data-sourcepos=\"37:1-37:24\">Di\u00e1metro interior: 44 mm<\/li>\n<li data-sourcepos=\"38:1-38:14\">Ancho: 70mm<\/li>\n<li data-sourcepos=\"39:1-39:15\">Longitud: 70 mm<\/li>\n<li data-sourcepos=\"40:1-40:25\">Fm\u00e1x. eje mayor: 20 kN<\/li>\n<li data-sourcepos=\"41:1-41:25\">Fm\u00e1x. eje menor: 20 kN<\/li>\n<li data-sourcepos=\"42:1-42:24\">Certificaci\u00f3n: EN 362<\/li>\n<\/ul>\n<h3 class=\"western\">\ud83d\udc49 \u00bfEst\u00e1s buscando un art\u00edculo Edelrid espec\u00edfico que no aparece en la tienda? Vendemos toda la gama de productos de aventura, deporte y seguridad. Por favor, <strong><a href=\"https:\/\/thrillsyndicate.com\/es\/contacto\/\">env\u00eda a<\/a><\/strong> un correo electr\u00f3nico o consulta la <strong><a href=\"https:\/\/thrillsyndicate.com\/edelrid-safety-price-list-2025\/\">lista de precios de seguridad aqu\u00ed<\/a><\/strong>. \ud83d\udc48<\/h3>\n<p>&nbsp;<\/p>\n","protected":false},"excerpt":{"rendered":"<p>El anillo conector Edelrid CUPID es un anillo de aluminio <strong>vers\u00e1til y f\u00e1cil de usar<\/strong> que incorpora un mecanismo de apertura mediante tornillo. Este conector permite la <strong>conexi\u00f3n permanente<\/strong> de elementos de equipo de carga en cualquier direcci\u00f3n, lo que lo hace ideal para aparejos, creaci\u00f3n de sistemas de anclaje y diversas aplicaciones que requieran conexiones seguras y fiables. <\/p>\n","protected":false},"featured_media":8156,"template":"","meta":{"_coblocks_attr":"","_coblocks_dimensions":"","_coblocks_responsive_height":"","_coblocks_accordion_ie_support":"","wds_primary_product_brand":0,"wds_primary_product_cat":0},"product_brand":[62],"product_cat":[4,51,65],"product_tag":[543,552,439,440],"class_list":{"0":"post-8344","1":"product","2":"type-product","3":"status-publish","4":"has-post-thumbnail","6":"product_brand-edelrid","7":"product_cat-edelrid-smart-belay","8":"product_cat-lockd-belay-system","9":"product_cat-connecting","10":"product_tag-aseguramiento-continuo","11":"product_tag-conectando","12":"product_tag-aseguramiento-inteligente-edelrid","13":"product_tag-sistemas-de-seguridad","15":"first","16":"instock","17":"taxable","18":"shipping-taxable","19":"purchasable","20":"product-type-variable","21":"has-default-attributes"},"_links":{"self":[{"href":"https:\/\/thrillsyndicate.com\/es\/wp-json\/wp\/v2\/product\/8344","targetHints":{"allow":["GET"]}}],"collection":[{"href":"https:\/\/thrillsyndicate.com\/es\/wp-json\/wp\/v2\/product"}],"about":[{"href":"https:\/\/thrillsyndicate.com\/es\/wp-json\/wp\/v2\/types\/product"}],"wp:featuredmedia":[{"embeddable":true,"href":"https:\/\/thrillsyndicate.com\/es\/wp-json\/wp\/v2\/media\/8156"}],"wp:attachment":[{"href":"https:\/\/thrillsyndicate.com\/es\/wp-json\/wp\/v2\/media?parent=8344"}],"wp:term":[{"taxonomy":"product_brand","embeddable":true,"href":"https:\/\/thrillsyndicate.com\/es\/wp-json\/wp\/v2\/product_brand?post=8344"},{"taxonomy":"product_cat","embeddable":true,"href":"https:\/\/thrillsyndicate.com\/es\/wp-json\/wp\/v2\/product_cat?post=8344"},{"taxonomy":"product_tag","embeddable":true,"href":"https:\/\/thrillsyndicate.com\/es\/wp-json\/wp\/v2\/product_tag?post=8344"}],"curies":[{"name":"wp","href":"https:\/\/api.w.org\/{rel}","templated":true}]}}