{"id":9067,"date":"2023-02-24T18:35:51","date_gmt":"2023-02-24T17:35:51","guid":{"rendered":"https:\/\/thrillsyndicate.com\/shop\/pistola-bushnell-velocidad-velocidad\/"},"modified":"2025-08-26T08:45:41","modified_gmt":"2025-08-26T06:45:41","slug":"pistola-bushnell-velocidad-velocidad","status":"publish","type":"product","link":"https:\/\/thrillsyndicate.com\/es\/product\/pistola-bushnell-velocidad-velocidad\/","title":{"rendered":"Pistola de velocidad Bushnell Velocity"},"content":{"rendered":"<p>La Pistola de velocidad Bushnell es ideal para verificar la velocidad de la tirolina todos los d\u00edas, as\u00ed como para probar y verificar nuevas instalaciones. La Pistola de velocidad tiene una precisi\u00f3n de +\/- 2 km\/h y convierte entre mph y kph, lo que facilita la comparaci\u00f3n de los resultados con nuestras tablas de frenado de la Zipline. Con el alcance, el operador puede apartarse con seguridad de los pesos de prueba o los jinetes que se aproximen.<\/p>\n<p>El veloc\u00edmetro Bushnell Velocity utiliza tecnolog\u00eda digital para proporcionar mediciones instant\u00e1neas de la velocidad con una precisi\u00f3n de hasta +\/- 2 km\/h. Es una pistola de uso sencillo, en la que s\u00f3lo tienes que apuntar y disparar para todo tipo de aficionados al deporte. La pistola indicadora de velocidad Bushnell mide la velocidad de una pelota de b\u00e9isbol a 16-177 km\/h a una distancia de 27 m de la pelota (tambi\u00e9n se puede utilizar para medir la velocidad de un campo de tiro) y la velocidad de un coche de carreras a una velocidad de 16-322 km\/h a una distancia de 457 m.<\/p>\n<p>Durante la <a href=\"https:\/\/thrillsyndicate.com\/es\/instalacion-de-la-linea-de-cremallera-darles-el-mejor-paseo\/\">instalaci\u00f3n y las pruebas de la tirolina<\/a> hay una variaci\u00f3n inevitable en las velocidades de llegada reales frente a las velocidades de llegada calculadas por modelizaci\u00f3n. Esta diferencia puede atribuirse a la fricci\u00f3n, la velocidad y direcci\u00f3n del viento, la temperatura del cable y su tensi\u00f3n. Midiendo la velocidad real de varios pesos de jinete, es posible controlar el tama\u00f1o de la zona de aterrizaje y asegurarse de que el <a href=\"https:\/\/thrillsyndicate.com\/es\/categoria\/soluciones-de-seguridad-para-tirolesas\/\">zipSTOP<\/a> se utiliza dentro de los par\u00e1metros recomendados. Las velocidades de llegada reales y las velocidades de llegada previstas por la modelizaci\u00f3n variar\u00e1n invariablemente durante la instalaci\u00f3n y las pruebas de la tirolina. La fricci\u00f3n, la direcci\u00f3n y velocidad del viento, la temperatura del cable y la tensi\u00f3n del cable son posibles causas de esta variaci\u00f3n. Es capaz de regular el tama\u00f1o de la zona de aterrizaje y asegurarse de que el zipSTOP se est\u00e1 utilizando dentro de los l\u00edmites aconsejados, midiendo la velocidad real de distintos pesos de jinete.<\/p>\n<h2>Caracter\u00edsticas<\/h2>\n<ul>\n<li>F\u00e1cil de usar: apunta y dispara<\/li>\n<li>Empu\u00f1adura de pistola con sistema de automatizaci\u00f3n integral<\/li>\n<li>Pantalla LCD grande y clara<\/li>\n<li>Muestra la velocidad m\u00e1s alta cuando se suelta el gatillo<\/li>\n<li>Tama\u00f1o: 109 x 213 x 152 mm<\/li>\n<li>Rango de velocidad: 10-177 km\/h<\/li>\n<li>Precisi\u00f3n de +\/- 2 km\/h<\/li>\n<li>Peso: 539 gr<\/li>\n<li>Funciona con dos pilas alcalinas C<\/li>\n<li>Sistema de apagado autom\u00e1tico para que no se agoten las pilas.<\/li>\n<\/ul>\n","protected":false},"excerpt":{"rendered":"<p>La pistola de velocidad Bushnell Velocity es perfecta para las pruebas y verificaciones iniciales de la instalaci\u00f3n, as\u00ed como para la verificaci\u00f3n diaria de la velocidad en tus tirolinas. El veloc\u00edmetro Bushnell Velocity utiliza tecnolog\u00eda digital para proporcionar mediciones instant\u00e1neas de la velocidad con una precisi\u00f3n de hasta +\/- 2 km\/h. Es una pistola de uso sencillo, en la que s\u00f3lo tienes que apuntar y disparar para todo tipo de aficionados al deporte. La pistola indicadora de velocidad Bushnell mide la velocidad de una pelota de b\u00e9isbol a 16-177 km\/h a una distancia de 27 m de la pelota (tambi\u00e9n se puede utilizar para medir la velocidad de un campo de tiro) y la velocidad de un coche de carreras a una velocidad de 16-322 km\/h a una distancia de 457 m.<\/p>\n","protected":false},"featured_media":8784,"template":"","meta":{"_coblocks_attr":"","_coblocks_dimensions":"","_coblocks_responsive_height":"","_coblocks_accordion_ie_support":"","wds_primary_product_brand":0,"wds_primary_product_cat":0},"product_brand":[662],"product_cat":[502],"product_tag":[449,482,450],"class_list":{"0":"post-9067","1":"product","2":"type-product","3":"status-publish","4":"has-post-thumbnail","6":"product_brand-thrill-syndicate-es","7":"product_cat-accesorios-zipstop","8":"product_tag-freno-de-tirolesa","9":"product_tag-polea-de-tirolesa","10":"product_tag-tirolesa","12":"first","13":"instock","14":"taxable","15":"shipping-taxable","16":"purchasable","17":"product-type-simple"},"_links":{"self":[{"href":"https:\/\/thrillsyndicate.com\/es\/wp-json\/wp\/v2\/product\/9067","targetHints":{"allow":["GET"]}}],"collection":[{"href":"https:\/\/thrillsyndicate.com\/es\/wp-json\/wp\/v2\/product"}],"about":[{"href":"https:\/\/thrillsyndicate.com\/es\/wp-json\/wp\/v2\/types\/product"}],"wp:featuredmedia":[{"embeddable":true,"href":"https:\/\/thrillsyndicate.com\/es\/wp-json\/wp\/v2\/media\/8784"}],"wp:attachment":[{"href":"https:\/\/thrillsyndicate.com\/es\/wp-json\/wp\/v2\/media?parent=9067"}],"wp:term":[{"taxonomy":"product_brand","embeddable":true,"href":"https:\/\/thrillsyndicate.com\/es\/wp-json\/wp\/v2\/product_brand?post=9067"},{"taxonomy":"product_cat","embeddable":true,"href":"https:\/\/thrillsyndicate.com\/es\/wp-json\/wp\/v2\/product_cat?post=9067"},{"taxonomy":"product_tag","embeddable":true,"href":"https:\/\/thrillsyndicate.com\/es\/wp-json\/wp\/v2\/product_tag?post=9067"}],"curies":[{"name":"wp","href":"https:\/\/api.w.org\/{rel}","templated":true}]}}