{"id":9624,"date":"2023-04-17T11:12:42","date_gmt":"2023-04-17T09:12:42","guid":{"rendered":"https:\/\/thrillsyndicate.com\/?post_type=product&#038;p=9624"},"modified":"2025-11-03T14:02:09","modified_gmt":"2025-11-03T13:02:09","slug":"belay-gate-xl-rectangle-minimize-risks-errors","status":"publish","type":"product","link":"https:\/\/thrillsyndicate.com\/es\/product\/belay-gate-xl-rectangle-minimize-risks-errors\/","title":{"rendered":"Belay Gate XL Rect\u00e1ngulo | Minimiza Riesgos y Errores"},"content":{"rendered":"<div class=\"hrt-product-description\">\n<p>Esta excepcional puerta de aseguramiento es perfecta para instalaciones de escalada de todos los tama\u00f1os, garantizando que tanto los escaladores noveles como los experimentados puedan disfrutar de una experiencia segura y sin problemas. Profundicemos en las extraordinarias ventajas del Belay Gate XL Rect\u00e1ngulo.<\/p>\n<p>La seguridad est\u00e1 en el coraz\u00f3n del TRUBLUE Belay Gate XL Rect\u00e1ngulo. Su innovador dise\u00f1o impide desconexiones no autorizadas o accidentales, garantizando que los escaladores permanezcan bien sujetos a sus dispositivos Autoaseguramiento en todo momento. Con la tranquilidad garantizada, puedes centrarte en conquistar nuevas cotas con confianza. La eficacia y la facilidad de uso son caracter\u00edsticas clave del Portal de Aseguramiento XL Rect\u00e1ngulo. Su dise\u00f1o sencillo pero eficaz agiliza el proceso de conexi\u00f3n y desconexi\u00f3n de los escaladores de sus sistemas Autoaseguramiento. Tanto el personal como los escaladores apreciar\u00e1n las ventajas del ahorro de tiempo, que se traduce en una experiencia m\u00e1s agradable y sin complicaciones.<\/p>\n<p>Fabricado para durar, el Belay Gate XL Rect\u00e1ngulo tiene una construcci\u00f3n robusta que puede soportar las exigencias de una instalaci\u00f3n de escalada ajetreada. Fabricada con materiales de alta calidad, esta duradera barrera de seguridad est\u00e1 dise\u00f1ada para soportar un uso constante, garantizando una soluci\u00f3n duradera y fiable para tu Sala de Escalada.<\/p>\n<p>El Portal de Aseguramiento XL Rect\u00e1ngulo TRUBLUE es un elemento de seguridad esencial para las instalaciones de escalada, dise\u00f1ado para mejorar la seguridad y agilizar el proceso de aseguramiento. Su construcci\u00f3n duradera y su compatibilidad con varios dispositivos Autoaseguramiento lo convierten en una opci\u00f3n inmejorable tanto para Salas de Escalada como para aficionados a la escalada. No pierdas la oportunidad de elevar tu experiencia de escalada: \u00a1haz que el TRUBLUE Belay Gate XL Rect\u00e1ngulo forme parte de tus instalaciones hoy mismo!<\/p>\n<\/div>\n<h4>ESPECIFICACIONES<\/h4>\n<div class=\"hrt-specs\">\n<ul>\n<li>Construcci\u00f3n de nailon resistente.<\/li>\n<li>N\u00facleo de espuma semirr\u00edgida de primera calidad<\/li>\n<li>121 cm de ancho x 130 cm de alto (47,6 pulgadas de ancho x 51 pulgadas de alto)<\/li>\n<li>Instrucciones de seguridad escritas y gr\u00e1ficas<\/li>\n<li>Dos varillas insertables de fibra de carbono evitan el pandeo<\/li>\n<li>Correas de cincha inferiores ajustables universales<\/li>\n<li>Hecho en los EE. UU.<\/li>\n<\/ul>\n<\/div>\n","protected":false},"excerpt":{"rendered":"<p>Presentamos el TRUBLUE Belay Gate XL Rect\u00e1ngulo: el complemento definitivo para tu Sala de Escalada, dise\u00f1ado para mejorar la seguridad y aumentar la eficacia.<\/p>\n","protected":false},"featured_media":9645,"template":"","meta":{"_coblocks_attr":"","_coblocks_dimensions":"","_coblocks_responsive_height":"","_coblocks_accordion_ie_support":"","wds_primary_product_brand":0,"wds_primary_product_cat":0},"product_brand":[72],"product_cat":[33],"product_tag":[24],"class_list":{"0":"post-9624","1":"product","2":"type-product","3":"status-publish","4":"has-post-thumbnail","6":"product_brand-head-rush-technologies","7":"product_cat-trublue-accessories","8":"product_tag-trublue","10":"first","11":"instock","12":"taxable","13":"shipping-taxable","14":"purchasable","15":"product-type-simple"},"_links":{"self":[{"href":"https:\/\/thrillsyndicate.com\/es\/wp-json\/wp\/v2\/product\/9624","targetHints":{"allow":["GET"]}}],"collection":[{"href":"https:\/\/thrillsyndicate.com\/es\/wp-json\/wp\/v2\/product"}],"about":[{"href":"https:\/\/thrillsyndicate.com\/es\/wp-json\/wp\/v2\/types\/product"}],"wp:featuredmedia":[{"embeddable":true,"href":"https:\/\/thrillsyndicate.com\/es\/wp-json\/wp\/v2\/media\/9645"}],"wp:attachment":[{"href":"https:\/\/thrillsyndicate.com\/es\/wp-json\/wp\/v2\/media?parent=9624"}],"wp:term":[{"taxonomy":"product_brand","embeddable":true,"href":"https:\/\/thrillsyndicate.com\/es\/wp-json\/wp\/v2\/product_brand?post=9624"},{"taxonomy":"product_cat","embeddable":true,"href":"https:\/\/thrillsyndicate.com\/es\/wp-json\/wp\/v2\/product_cat?post=9624"},{"taxonomy":"product_tag","embeddable":true,"href":"https:\/\/thrillsyndicate.com\/es\/wp-json\/wp\/v2\/product_tag?post=9624"}],"curies":[{"name":"wp","href":"https:\/\/api.w.org\/{rel}","templated":true}]}}