{"id":9658,"date":"2022-08-23T14:00:20","date_gmt":"2022-08-23T12:00:20","guid":{"rendered":"https:\/\/thrillsyndicate.com\/shop\/trublue-conexion-dual\/"},"modified":"2025-11-03T13:44:19","modified_gmt":"2025-11-03T12:44:19","slug":"trublue-conexion-dual","status":"publish","type":"product","link":"https:\/\/thrillsyndicate.com\/es\/product\/trublue-conexion-dual\/","title":{"rendered":"Kit de seguridad TRU-LOCK para TRUBLUE Dual Connection"},"content":{"rendered":"<p>Para cualquier operaci\u00f3n de escalada comercial, la seguridad del usuario es primordial. El Kit de Seguridad TRU-LOCK es el hardware aprobado por el fabricante para establecer una <g id=\"gid_0\">Conexi\u00f3n Dual TRUBLUE<\/g> en su Autoaseguramiento. Este <g id=\"gid_1\">sistema de Autoaseguramiento<\/g> se integra perfectamente con el Mosquet\u00f3n TRU-LOCK, ofreciendo una conexi\u00f3n simple y redundante que reduce dr\u00e1sticamente el riesgo de un enganche incorrecto del escalador. Es el est\u00e1ndar profesional para las operaciones que exigen el m\u00e1s alto nivel de <b>equipo de seguridad de escalada comercial<\/b>.   <\/p>\n<h2>Especificaciones del kit de seguridad TRU-LOCK<\/h2>\n<ul>\n<li><b>El kit incluye:<\/b> Mosquet\u00f3n de bloqueo Edelrid HMS Magnum Triple (III)<\/li>\n<li><b>El kit incluye:<\/b> Cinta expr\u00e9s con lazo de longitud personalizada<\/li>\n<li><b>El kit incluye:<\/b> Componente antitorsi\u00f3n para la correcta orientaci\u00f3n del Mosquet\u00f3n<\/li>\n<li><b>Compatibilidad:<\/b> Dise\u00f1ado exclusivamente para el TRU-LOCK Autoaseguramiento Mosquet\u00f3n<\/li>\n<li><b>Conexi\u00f3n:<\/b> Proporciona una <b>conexi\u00f3n secundaria de Autoaseguramiento<\/b> de m\u00e1xima resistencia.<\/li>\n<li><b>Aplicaci\u00f3n:<\/b> Sistemas de Autoaseguramiento para escalada recreativa y de competici\u00f3n<\/li>\n<\/ul>\n<h2>Minimice los riesgos con una conexi\u00f3n redundante<\/h2>\n<p>La principal ventaja del <b>kit de seguridad TRU-LOCK<\/b> es la mitigaci\u00f3n de los errores del usuario. En un entorno comercial ajetreado, los escaladores pueden cometer errores. Este kit proporciona una <g id=\"gid_1\">conexi\u00f3n redundante del arn\u00e9s de escalada<\/g> simple, visual y de resistencia total. Al ofrecer dos puntos de enganche distintos -el Mosquet\u00f3n TRU-LOCK primario y esta <g id=\"gid_2\">conexi\u00f3n secundaria de Autoaseguramiento-<\/g>se crea un robusto sistema de seguridad. Este <b>sistema de Autoaseguramiento<\/b> asegura que incluso si un usuario no conecta correctamente el Mosquet\u00f3n primario, ya existe un sistema de seguridad de m\u00e1xima resistencia, protegiendo al escalador y a su operaci\u00f3n.    <\/p>\n<h2>Hardware integrado para operaciones sencillas<\/h2>\n<p>Este kit no es un surtido aleatorio de piezas; es una soluci\u00f3n dise\u00f1ada a medida. El hardware, incluido el mosquet\u00f3n Edelrid HMS Magnum y la cinta r\u00e1pida personalizada, est\u00e1 dise\u00f1ado para engancharse perfectamente al punto de enganche integrado del mosquet\u00f3n TRU-LOCK. Esto crea una <b>conexi\u00f3n TRUBLUE Dual<\/b> limpia y de bajo perfil que no interfiere con el gatillo principal. El beneficio es un funcionamiento simple y racionalizado para su personal y una experiencia intuitiva y no confusa para sus escaladores.   <\/p>\n<h2>Preguntas frecuentes<\/h2>\n<p><b>\u00bfQu\u00e9 es el Kit de Seguridad TRU-LOCK?<\/b> Es el paquete de herrajes oficial utilizado para crear la <b>conexi\u00f3n doble TRUBLUE<\/b>. Proporciona un punto de enganche secundario totalmente resistente para un Autoaseguramiento TRUBLUE equipado con un Mosquet\u00f3n TRU-LOCK. <\/p>\n<p><b>\u00bfEs necesario este kit para mi TRUBLUE Autoaseguramiento?<\/b>  Se trata de una mejora opcional. Est\u00e1 dise\u00f1ada para operadores que desean a\u00f1adir un <b>sistema de Autoaseguramiento<\/b> para minimizar el riesgo de que el usuario se enganche de forma incorrecta, lo que resulta ideal para instalaciones con mucho tr\u00e1fico o competiciones. <\/p>\n<p><b>\u00bfIncluye este kit el mosquet\u00f3n TRU-LOCK propiamente dicho?<\/b>  Este kit contiene la torniller\u00eda para la <b>conexi\u00f3n secundaria de Autoaseguramiento<\/b> (Mosquet\u00f3n Edelrid, cinta r\u00e1pida, antitorsi\u00f3n) que se <i>acopla<\/i> a su mosquet\u00f3n TRU-LOCK existente. <\/p>\n<p><b>\u00bfC\u00f3mo utiliza el escalador la conexi\u00f3n doble TRUBLUE?<\/b>  El escalador puede conectar tanto el mosquet\u00f3n principal TRU-LOCK como el mosquet\u00f3n secundario de este kit a un \u00fanico punto de anclaje nominal de su arn\u00e9s. Tambi\u00e9n se pueden conectar a dos puntos de anclaje independientes, seg\u00fan sus procedimientos operativos. <\/p>\n<p><b>\u00bfPor qu\u00e9 utilizar este kit en lugar de otros sistemas redundantes?<\/b> Este <b>kit de seguridad TRU-LOCK<\/b> es la soluci\u00f3n aprobada por el fabricante. Est\u00e1 dise\u00f1ado para integrarse perfectamente con el punto de conexi\u00f3n secundario incorporado del Mosquet\u00f3n TRU-LOCK, garantizando una resistencia total y una orientaci\u00f3n correcta. <\/p>\n","protected":false},"excerpt":{"rendered":"<p>Mejore su sistema de Autoaseguramiento TRUBLUE con el Kit de Seguridad oficial TRU-LOCK. Este paquete de hardware proporciona la <b>conexi\u00f3n doble TRUBLUE<\/b> completa, creando un punto de anclaje secundario totalmente resistente para minimizar los errores del usuario y maximizar la seguridad del escalador. <\/p>\n","protected":false},"featured_media":20946,"template":"","meta":{"_coblocks_attr":"","_coblocks_dimensions":"","_coblocks_responsive_height":"","_coblocks_accordion_ie_support":"","wds_primary_product_brand":0,"wds_primary_product_cat":0},"product_brand":[70],"product_cat":[33],"product_tag":[24],"class_list":{"0":"post-9658","1":"product","2":"type-product","3":"status-publish","4":"has-post-thumbnail","6":"product_brand-thrill-syndicate","7":"product_cat-trublue-accessories","8":"product_tag-trublue","10":"first","11":"instock","12":"taxable","13":"shipping-taxable","14":"purchasable","15":"product-type-simple"},"_links":{"self":[{"href":"https:\/\/thrillsyndicate.com\/es\/wp-json\/wp\/v2\/product\/9658","targetHints":{"allow":["GET"]}}],"collection":[{"href":"https:\/\/thrillsyndicate.com\/es\/wp-json\/wp\/v2\/product"}],"about":[{"href":"https:\/\/thrillsyndicate.com\/es\/wp-json\/wp\/v2\/types\/product"}],"wp:featuredmedia":[{"embeddable":true,"href":"https:\/\/thrillsyndicate.com\/es\/wp-json\/wp\/v2\/media\/20946"}],"wp:attachment":[{"href":"https:\/\/thrillsyndicate.com\/es\/wp-json\/wp\/v2\/media?parent=9658"}],"wp:term":[{"taxonomy":"product_brand","embeddable":true,"href":"https:\/\/thrillsyndicate.com\/es\/wp-json\/wp\/v2\/product_brand?post=9658"},{"taxonomy":"product_cat","embeddable":true,"href":"https:\/\/thrillsyndicate.com\/es\/wp-json\/wp\/v2\/product_cat?post=9658"},{"taxonomy":"product_tag","embeddable":true,"href":"https:\/\/thrillsyndicate.com\/es\/wp-json\/wp\/v2\/product_tag?post=9658"}],"curies":[{"name":"wp","href":"https:\/\/api.w.org\/{rel}","templated":true}]}}