{"id":5412,"date":"2022-02-25T17:34:14","date_gmt":"2022-02-25T16:34:14","guid":{"rendered":"https:\/\/thrillsyndicate.com\/shop\/lightspeed-ez-clip-trolley\/"},"modified":"2025-06-05T13:21:53","modified_gmt":"2025-06-05T11:21:53","slug":"lightspeed-ez-clip-trolley","status":"publish","type":"product","link":"https:\/\/thrillsyndicate.com\/nl\/product\/lightspeed-ez-clip-trolley\/","title":{"rendered":"LightSpeed EZ Clip-trolley"},"content":{"rendered":"<p>Installatie met \u00e9\u00e9n hand in een fractie van een seconde zal uw gidsen blij maken en de doorvoer verhogen, en de ge\u00efntegreerde triggerbevestiging neemt de zorgen weg dat u de trolley laat vallen terwijl u deze op de lijn installeert. Hoogwaardige materialen en eersteklas lagers verlengen de levensduur van de trolley, en de EZ Clip is robuust genoeg om schokremmen te weerstaan zonder onnodige massa.<\/p>\n<p><strong>Let op: Volumeprijzen beschikbaar in batches van 25, 50, 100, 200 stuks in \u00e9\u00e9n bestelling. <\/strong><\/p>\n<ul>\n<li>Gemaakt van een zeer sterke, geharde aluminiumlegering<\/li>\n<li>De door een trigger geactiveerde installatie waarvoor patent is aangevraagd, biedt gebruiksgemak en maximaliseert de doorvoer<\/li>\n<li>Vier autonome <a href=\"https:\/\/thrillsyndicate.com\/nl\/all-about-bearings-why-zip-line-bearings-matter\/\">lagers met ABEC-classificatie<\/a> maken dit de langst meegaande compacte Trolleys.<\/li>\n<li>Geschikt voor snelheden tot 121 km\/u (75 mph) en botssnelheden tot 72 km\/u (45 mph)<\/li>\n<li>Het ge\u00efntegreerde impactoppervlak is ontworpen voor duurzaamheid bij het remmen<\/li>\n<li>Het ontwerp, waarvoor patent is aangevraagd, draait mee met de berijder om beide schijven op de kabel te houden tijdens het remmen<\/li>\n<li>Het gebogen ontwerp van de reservekarabinersleuf houdt de reservekarabiner tijdens het remmen op zijn plaats (minder slijtage aan uw lijn)<\/li>\n<li>Optioneel vangaccessoire integreert met <a href=\"https:\/\/thrillsyndicate.com\/nl\/shop\/zipstop-remtrolley-met-vangmechanisme\/\">zipSTOP-remtrolley<\/a> om te helpen bij het ophalen van de rijder.<\/li>\n<\/ul>\n<p><iframe loading=\"lazy\" title=\"LightSpeed EZ Clip Zip Line Trolley\" width=\"980\" height=\"551\" src=\"https:\/\/www.youtube.com\/embed\/s2OuKhxyFKs?feature=oembed\" frameborder=\"0\" allow=\"accelerometer; autoplay; clipboard-write; encrypted-media; gyroscope; picture-in-picture\" allowfullscreen><\/iframe><\/p>\n<h4>SPECIFICATIES:<\/h4>\n<div class=\"hrt-specs\">\n<ul>\n<li>Afmetingen: 145 mm (5,7 inch)<\/li>\n<li>Gewicht: 507 gram (1,1 lb)<\/li>\n<li>Nominale werkcapaciteit: 15-150 kg (33-330 lbs)<\/li>\n<li>Kabellijndiameter: 9,5 mm \u2264 \u00f8 \u2264 13 mm (3\/8 in \u2264 \u00f8 \u2264 1\/2 in)<\/li>\n<li><a href=\"https:\/\/thrillsyndicate.com\/wp-content\/uploads\/2022\/02\/P5-17-08-89530-003-Lightspeed-EZ-Clip-certificate.pdf\">LightSpeed EZ Clip-trolley &#8211; CE-certificaat<\/a><\/li>\n<li><a href=\"https:\/\/cdn2.hubspot.net\/hubfs\/5957371\/website-docs\/manuals\/lightspeed\/EN-ez-clip-trolley-operation-manual-V2.pdf\" target=\"_blank\" rel=\"noopener\">LightSpeed EZ Clip Trolley handleiding <\/a><\/li>\n<\/ul>\n<p>Opmerking. Gebruik alleen lanyards en harnassen die voldoen aan de normen die worden vermeld in de LightSpeed-producthandleiding. We raden ten zeerste aan om Head Rush Zipline-specifieke vanglijnen te gebruiken, verkrijgbaar in vier verschillende lengtes, waaronder een speciaal ontworpen singelkoppelingslus.<\/p>\n<\/div>\n","protected":false},"excerpt":{"rendered":"<p>De LightSpeed EZ Clip Trolley is duurzaam en lichtgewicht, en is eenvoudig met \u00e9\u00e9n hand te installeren.<\/p>\n","protected":false},"featured_media":2477,"template":"","meta":{"_coblocks_attr":"","_coblocks_dimensions":"","_coblocks_responsive_height":"","_coblocks_accordion_ie_support":"","wds_primary_product_brand":0,"wds_primary_product_cat":0},"product_brand":[72],"product_cat":[68],"product_tag":[464,487],"class_list":{"0":"post-5412","1":"product","2":"type-product","3":"status-publish","4":"has-post-thumbnail","6":"product_brand-head-rush-technologies","7":"product_cat-zipline-trolleys","8":"product_tag-tokkelbaan","9":"product_tag-zipline-trolley-nl","11":"first","12":"instock","13":"sale","14":"taxable","15":"shipping-taxable","16":"purchasable","17":"product-type-variable"},"_links":{"self":[{"href":"https:\/\/thrillsyndicate.com\/nl\/wp-json\/wp\/v2\/product\/5412","targetHints":{"allow":["GET"]}}],"collection":[{"href":"https:\/\/thrillsyndicate.com\/nl\/wp-json\/wp\/v2\/product"}],"about":[{"href":"https:\/\/thrillsyndicate.com\/nl\/wp-json\/wp\/v2\/types\/product"}],"wp:featuredmedia":[{"embeddable":true,"href":"https:\/\/thrillsyndicate.com\/nl\/wp-json\/wp\/v2\/media\/2477"}],"wp:attachment":[{"href":"https:\/\/thrillsyndicate.com\/nl\/wp-json\/wp\/v2\/media?parent=5412"}],"wp:term":[{"taxonomy":"product_brand","embeddable":true,"href":"https:\/\/thrillsyndicate.com\/nl\/wp-json\/wp\/v2\/product_brand?post=5412"},{"taxonomy":"product_cat","embeddable":true,"href":"https:\/\/thrillsyndicate.com\/nl\/wp-json\/wp\/v2\/product_cat?post=5412"},{"taxonomy":"product_tag","embeddable":true,"href":"https:\/\/thrillsyndicate.com\/nl\/wp-json\/wp\/v2\/product_tag?post=5412"}],"curies":[{"name":"wp","href":"https:\/\/api.w.org\/{rel}","templated":true}]}}